{"id":1769,"date":"2023-04-04T16:44:29","date_gmt":"2023-04-04T19:44:29","guid":{"rendered":"https:\/\/www.lpicomercial.com.br\/?post_type=product&#038;p=1769"},"modified":"2023-04-05T14:13:14","modified_gmt":"2023-04-05T17:13:14","slug":"rolamento-pinhao-mb-sprinter312-2000-difer-braseixos-406dl-tras","status":"publish","type":"product","link":"https:\/\/ztlrolamentos.com.br\/loja\/produto\/rolamento-pinhao-mb-sprinter312-2000-difer-braseixos-406dl-tras\/","title":{"rendered":"ROLAMENTO PINHAO MB SPRINTER 312 2000&#8230;\/DIFER.BRASEIXOS 406DL TRAS."},"content":{"rendered":"<p>LPI.PRODUTOS DE QUALIDADE PARA SEU VE\u00cdCULO. LINHA LEVE,PESADA E VANS.<\/p>\n<p><span style=\"color: #00ccff\"><strong>APLICA\u00c7\u00c3O:<\/strong><\/span><\/p>\n<p>ROLAMENTO PINHAO MB SPRINTER312 2000&#8230;\/DIFER.BRASEIXOS 406DL TRAS.<\/p>\n<h3 class=\"category-name\">Dimens\u00f5es<\/h3>\n<table class=\"table\" aria-describedby=\"Dimens\u00f5es\">\n<tbody>\n<tr>\n<td class=\"feature-name\"><span class=\"name\">Di\u00e2metro do furo<\/span><\/td>\n<td class=\"feature-value value-no-wrap\"><span class=\"value\">41.275<\/span><span class=\"unit\">\u00a0mm<\/span><\/td>\n<\/tr>\n<tr>\n<td class=\"feature-name\"><span class=\"name\">Di\u00e2metro externo<\/span><\/td>\n<td class=\"feature-value value-no-wrap\"><span class=\"value\">88.9<\/span><span class=\"unit\">\u00a0mm<\/span><\/td>\n<\/tr>\n<tr>\n<td class=\"feature-name\"><span class=\"name\">Largura, anel externo<\/span><\/td>\n<td class=\"feature-value value-no-wrap\"><span class=\"value\">23.02<\/span><span class=\"unit\">\u00a0mm<\/span><\/td>\n<\/tr>\n<tr>\n<td class=\"feature-name\"><span class=\"name\">Largura, anel interno<\/span><\/td>\n<td class=\"feature-value value-no-wrap\"><span class=\"value\">29.37<\/span><span class=\"unit\">\u00a0mm<\/span><\/td>\n<\/tr>\n<tr>\n<td class=\"feature-name\"><span class=\"name\">Largura, total<\/span><\/td>\n<td class=\"feature-value value-no-wrap\"><span class=\"value\">30.162<\/span><span class=\"unit\">\u00a0mm<\/span><\/td>\n<\/tr>\n<tr>\n<td class=\"feature-name\"><span class=\"name\">\u00c2ngulo de contato<\/span><\/td>\n<td class=\"feature-value value-no-wrap\"><span class=\"value\">20<\/span><span class=\"unit\">\u00a0\u00b0<\/span><\/td>\n<\/tr>\n<\/tbody>\n<\/table>\n<p><span style=\"color: #00ccff\"><strong>MARCA:<\/strong><\/span> ZTL \u2013 HM803146\/110<\/p>\n<p><span style=\"color: #00ccff\"><strong>PRODUTO NOVO<\/strong><\/span><\/p>\n<p><strong><span style=\"color: #00ccff\">GARANTIA:<\/span>\u00a0<\/strong>\u00a090 dias ap\u00f3s o recebimento do produto. Todas as garantias s\u00e3o dadas pelos fabricantes, e variam de produto para produto. Para devolu\u00e7\u00f5es, os produtos dever\u00e3o ser remetidos em suas embalagens originais e caso for constatado mal uso, o custo ser\u00e1 por parte do comprador.<\/p>\n","protected":false},"excerpt":{"rendered":"<p>LPI.PRODUTOS DE QUALIDADE PARA SEU VE\u00cdCULO. LINHA LEVE,PESADA E VANS. APLICA\u00c7\u00c3O: ROLAMENTO PINHAO MB SPRINTER312 2000&#8230;\/DIFER.BRASEIXOS 406DL TRAS. Dimens\u00f5es Di\u00e2metro do furo 41.275\u00a0mm Di\u00e2metro externo 88.9\u00a0mm Largura, anel externo 23.02\u00a0mm Largura, anel interno 29.37\u00a0mm Largura, total 30.162\u00a0mm \u00c2ngulo de contato 20\u00a0\u00b0 MARCA: ZTL \u2013 HM803146\/110 PRODUTO NOVO GARANTIA:\u00a0\u00a090 dias ap\u00f3s o recebimento do produto. Todas as garantias s\u00e3o dadas pelos fabricantes, e variam de produto para produto. Para devolu\u00e7\u00f5es, os produtos dever\u00e3o ser remetidos em suas embalagens originais e caso for constatado mal uso, o custo ser\u00e1 por parte do comprador.<\/p>\n","protected":false},"featured_media":1770,"comment_status":"open","ping_status":"closed","template":"","meta":{"_joinchat":[]},"product_brand":[],"product_cat":[15],"product_tag":[],"class_list":{"0":"post-1769","1":"product","2":"type-product","3":"status-publish","4":"has-post-thumbnail","6":"product_cat-sem-categoria","8":"first","9":"instock","10":"taxable","11":"shipping-taxable","12":"purchasable","13":"product-type-simple"},"_links":{"self":[{"href":"https:\/\/ztlrolamentos.com.br\/loja\/wp-json\/wp\/v2\/product\/1769","targetHints":{"allow":["GET"]}}],"collection":[{"href":"https:\/\/ztlrolamentos.com.br\/loja\/wp-json\/wp\/v2\/product"}],"about":[{"href":"https:\/\/ztlrolamentos.com.br\/loja\/wp-json\/wp\/v2\/types\/product"}],"replies":[{"embeddable":true,"href":"https:\/\/ztlrolamentos.com.br\/loja\/wp-json\/wp\/v2\/comments?post=1769"}],"wp:featuredmedia":[{"embeddable":true,"href":"https:\/\/ztlrolamentos.com.br\/loja\/wp-json\/wp\/v2\/media\/1770"}],"wp:attachment":[{"href":"https:\/\/ztlrolamentos.com.br\/loja\/wp-json\/wp\/v2\/media?parent=1769"}],"wp:term":[{"taxonomy":"product_brand","embeddable":true,"href":"https:\/\/ztlrolamentos.com.br\/loja\/wp-json\/wp\/v2\/product_brand?post=1769"},{"taxonomy":"product_cat","embeddable":true,"href":"https:\/\/ztlrolamentos.com.br\/loja\/wp-json\/wp\/v2\/product_cat?post=1769"},{"taxonomy":"product_tag","embeddable":true,"href":"https:\/\/ztlrolamentos.com.br\/loja\/wp-json\/wp\/v2\/product_tag?post=1769"}],"curies":[{"name":"wp","href":"https:\/\/api.w.org\/{rel}","templated":true}]}}