{"id":1765,"date":"2023-04-04T16:25:09","date_gmt":"2023-04-04T19:25:09","guid":{"rendered":"https:\/\/www.lpicomercial.com.br\/?post_type=product&#038;p=1765"},"modified":"2023-04-04T16:25:09","modified_gmt":"2023-04-04T19:25:09","slug":"rolamento-h715334-311-pinhao-traseiro-eixo-rd-23145","status":"publish","type":"product","link":"https:\/\/ztlrolamentos.com.br\/loja\/produto\/rolamento-h715334-311-pinhao-traseiro-eixo-rd-23145\/","title":{"rendered":"ROLAMENTO H715334\/311 PINHAO TRASEIRO EIXO RD 23145"},"content":{"rendered":"<div class=\"cc_group_name_container row\">\n<p>LPI.PRODUTOS DE QUALIDADE PARA SEU VE\u00cdCULO. LINHA LEVE,PESADA E VANS.<\/p>\n<p><span style=\"color: #00ccff\"><strong>APLICA\u00c7\u00c3O:<\/strong><\/span><\/p>\n<\/div>\n<div class=\"nvRow cc_nv_row row\">\n<div class=\"col-xs-4 cc_nv_row_spec\">18-310<\/div>\n<div class=\"col-xs-4 cc_nv_row_spec\">OT Eixo MS 23-185<\/div>\n<div class=\"col-xs-4 cc_nv_row_spec\">VWC<\/div>\n<\/div>\n<div class=\"nvRow cc_nv_row row\">\n<div class=\"col-xs-4 cc_nv_row_spec\">24220<\/div>\n<div class=\"col-xs-4 cc_nv_row_spec\">(91 a 6\/94) Redu\u00e7\u00e3o 4,88 3\u00b0 Eixo &#8211; (Diferencial Meritor RD\/MD 23-145)<\/div>\n<div class=\"col-xs-4 cc_nv_row_spec\">VWC<\/div>\n<\/div>\n<div class=\"nvRow cc_nv_row row\">\n<div class=\"col-xs-4 cc_nv_row_spec\">24220<\/div>\n<div class=\"col-xs-4 cc_nv_row_spec\">(91 a 93) Redu\u00e7\u00e3o 4,56 3\u00b0 Eixo &#8211; (Diferencial Meritor RD\/MD 23-145)<\/div>\n<div class=\"col-xs-4 cc_nv_row_spec\">VWC<\/div>\n<\/div>\n<div class=\"nvRow cc_nv_row row\">\n<div class=\"col-xs-4 cc_nv_row_spec\">26300<\/div>\n<div class=\"col-xs-4 cc_nv_row_spec\">(01) 3\u00b0 Eixo &#8211; (Diferencial Meritor RD\/MD 23-145)<\/div>\n<div class=\"col-xs-4 cc_nv_row_spec\">VWC<\/div>\n<\/div>\n<div class=\"nvRow cc_nv_row row\">\n<div class=\"col-xs-4 cc_nv_row_spec\">EuroCargo<\/div>\n<div class=\"col-xs-4 cc_nv_row_spec\">260E 25 6X4 (09&#8230;) 3\u00b0 Eixo &#8211; (Diferencial Meritor RD\/MD 23-145)<\/div>\n<div class=\"col-xs-4 cc_nv_row_spec\">Iveco<\/div>\n<\/div>\n<div class=\"nvRow cc_nv_row row\">\n<div class=\"col-xs-4 cc_nv_row_spec\">Stralis<\/div>\n<div class=\"col-xs-4 cc_nv_row_spec\">410 NR<\/div>\n<div class=\"col-xs-4 cc_nv_row_spec\">Iveco<\/div>\n<\/div>\n<div class=\"nvRow cc_nv_row row\">\n<div class=\"col-xs-4 cc_nv_row_spec\">Stralis<\/div>\n<div class=\"col-xs-4 cc_nv_row_spec\">460NR<\/div>\n<div class=\"col-xs-4 cc_nv_row_spec\">Iveco<\/div>\n<\/div>\n<div class=\"nvRow cc_nv_row row\">\n<div class=\"col-xs-4 cc_nv_row_spec\">Stralis<\/div>\n<div class=\"col-xs-4 cc_nv_row_spec\">490 S38T &#8211; 4&#215;2<\/div>\n<div class=\"col-xs-4 cc_nv_row_spec\">Iveco<\/div>\n<\/div>\n<div class=\"nvRow cc_nv_row row\">\n<div class=\"col-xs-4 cc_nv_row_spec\">15-190<\/div>\n<div class=\"col-xs-4 cc_nv_row_spec\">EOD Eixo MS 23-158<\/div>\n<div class=\"col-xs-4 cc_nv_row_spec\">VWC<\/div>\n<\/div>\n<div class=\"nvRow cc_nv_row row\">\n<div class=\"col-xs-4 cc_nv_row_spec\">17-260<\/div>\n<div class=\"col-xs-4 cc_nv_row_spec\">OT Eixo MS 23-185<\/div>\n<div class=\"col-xs-4 cc_nv_row_spec\">VWC<\/div>\n<\/div>\n<div class=\"nvRow cc_nv_row row\">\n<div class=\"col-xs-4 cc_nv_row_spec\">15-180<\/div>\n<div class=\"col-xs-4 cc_nv_row_spec\">EOD Eixo MS 23-158<\/div>\n<div class=\"col-xs-4 cc_nv_row_spec\">VWC<\/div>\n<\/div>\n<div class=\"nvRow cc_nv_row row\">\n<div class=\"col-xs-4 cc_nv_row_spec\">18-320<\/div>\n<div class=\"col-xs-4 cc_nv_row_spec\">EOT Eixo MS 23-185<\/div>\n<div class=\"col-xs-4 cc_nv_row_spec\">VWC<\/div>\n<\/div>\n<div class=\"nvRow cc_nv_row row\">\n<div class=\"col-xs-4 cc_nv_row_spec\">Stralis<\/div>\n<div class=\"col-xs-4 cc_nv_row_spec\">490 S42T &#8211; 4&#215;2<\/div>\n<div class=\"col-xs-4 cc_nv_row_spec\">Iveco<\/div>\n<\/div>\n<div class=\"nvRow cc_nv_row row\">\n<div class=\"col-xs-4 cc_nv_row_spec\">Stralis<\/div>\n<div class=\"col-xs-4 cc_nv_row_spec\">570 S38T &#8211; 6&#215;2<\/div>\n<div class=\"col-xs-4 cc_nv_row_spec\">Iveco<\/div>\n<\/div>\n<div class=\"nvRow cc_nv_row row\">\n<div class=\"col-xs-4 cc_nv_row_spec\">Stralis<\/div>\n<div class=\"col-xs-4 cc_nv_row_spec\">570 S42T &#8211; 6&#215;2<\/div>\n<div class=\"col-xs-4 cc_nv_row_spec\">Iveco<\/div>\n<\/div>\n<div class=\"nvRow cc_nv_row row\">\n<div class=\"col-xs-4 cc_nv_row_spec\">26260<\/div>\n<div class=\"col-xs-4 cc_nv_row_spec\">(02&#8230;) 6X4 3\u00b0 Eixo &#8211; Standard (Diferencial Meritor RD\/MD 23-145)<\/div>\n<div class=\"col-xs-4 cc_nv_row_spec\">VWC<\/div>\n<\/div>\n<div class=\"nvRow cc_nv_row row\">\n<div class=\"col-xs-4 cc_nv_row_spec\">26310<\/div>\n<div class=\"col-xs-4 cc_nv_row_spec\">(02 a 05) 6X4 3\u00b0 Eixo &#8211; (Diferencial Meritor RD\/MD 23-145)<\/div>\n<div class=\"col-xs-4 cc_nv_row_spec\">VWC<\/div>\n<\/div>\n<div class=\"nvRow cc_nv_row row\">\n<div class=\"col-xs-4 cc_nv_row_spec\">VM260<\/div>\n<div class=\"col-xs-4 cc_nv_row_spec\">(06\/&#8230;) 6X4 3\u00b0 Eixo &#8211; (Diferencial Meritor RD\/MD 23-145)<\/div>\n<div class=\"col-xs-4 cc_nv_row_spec\">Volvo Caminhoes<\/div>\n<\/div>\n<div class=\"nvRow cc_nv_row row\">\n<div class=\"col-xs-4 cc_nv_row_spec\">26220<\/div>\n<div class=\"col-xs-4 cc_nv_row_spec\">(02&#8230;) 6X4 3\u00b0 Eixo &#8211; Standard (Diferencial Meritor RD\/MD 23-145)<\/div>\n<div class=\"col-xs-4 cc_nv_row_spec\">VWC<\/div>\n<\/div>\n<div class=\"nvRow cc_nv_row row\">\n<div class=\"col-xs-4 cc_nv_row_spec\">17-240<\/div>\n<div class=\"col-xs-4 cc_nv_row_spec\">OT Eixo MS 23-185<\/div>\n<div class=\"col-xs-4 cc_nv_row_spec\">VWC<\/div>\n<\/div>\n<div class=\"nvRow cc_nv_row row\">\n<div class=\"col-xs-4 cc_nv_row_spec\">Cargo<\/div>\n<div class=\"col-xs-4 cc_nv_row_spec\">2632E 6X4 (06 a 08) 3\u00b0 Eixo &#8211; (Diferencial Meritor RD\/MD 23-145)<\/div>\n<div class=\"col-xs-4 cc_nv_row_spec\">Ford Caminhoes<\/div>\n<\/div>\n<div class=\"nvRow cc_nv_row row\">\n<div class=\"col-xs-4 cc_nv_row_spec\">Cargo<\/div>\n<div class=\"col-xs-4 cc_nv_row_spec\">2422E (93&#8230;) 3\u00b0 Eixo &#8211; (Diferencial Meritor RD\/MD 23-145)<\/div>\n<div class=\"col-xs-4 cc_nv_row_spec\">Ford Caminhoes<\/div>\n<\/div>\n<div class=\"nvRow cc_nv_row row\">\n<div class=\"col-xs-4 cc_nv_row_spec\">Cargo<\/div>\n<div class=\"col-xs-4 cc_nv_row_spec\">2630 6X4 (98 a 02) 3\u00b0 Eixo &#8211; (Diferencial Meritor RD\/MD 23-145)<\/div>\n<div class=\"col-xs-4 cc_nv_row_spec\">Ford Caminhoes<\/div>\n<\/div>\n<div class=\"nvRow cc_nv_row row\">\n<div class=\"col-xs-4 cc_nv_row_spec\">Cargo<\/div>\n<div class=\"col-xs-4 cc_nv_row_spec\">2422 (91 a 93) 3\u00b0 Eixo &#8211; (Diferencial Meritor RD\/MD 23-145)<\/div>\n<div class=\"col-xs-4 cc_nv_row_spec\">Ford Caminhoes<\/div>\n<\/div>\n<div class=\"nvRow cc_nv_row row\">\n<div class=\"col-xs-4 cc_nv_row_spec\">Cargo<\/div>\n<div class=\"col-xs-4 cc_nv_row_spec\">2422 (93&#8230;) 3\u00b0 Eixo &#8211; (Diferencial Meritor RD\/MD 23-145)<\/div>\n<div class=\"col-xs-4 cc_nv_row_spec\">Ford Caminhoes<\/div>\n<\/div>\n<div class=\"nvRow cc_nv_row row\">\n<div class=\"col-xs-4 cc_nv_row_spec\">Cargo<\/div>\n<div class=\"col-xs-4 cc_nv_row_spec\">2425 (96 a 02) 3\u00b0 Eixo &#8211; (Diferencial Meritor RD\/MD 23-145)<\/div>\n<div class=\"col-xs-4 cc_nv_row_spec\">Ford Caminhoes<\/div>\n<\/div>\n<div class=\"nvRow cc_nv_row row\">\n<div class=\"col-xs-4 cc_nv_row_spec\">Cargo<\/div>\n<div class=\"col-xs-4 cc_nv_row_spec\">2622 (02&#8230;) 3\u00b0 Eixo &#8211; (Diferencial Meritor RD\/MD 23-145)<\/div>\n<div class=\"col-xs-4 cc_nv_row_spec\">Ford Caminhoes<\/div>\n<\/div>\n<div class=\"nvRow cc_nv_row row\">\n<div class=\"col-xs-4 cc_nv_row_spec\">Cargo<\/div>\n<div class=\"col-xs-4 cc_nv_row_spec\">2622E 6X4 (06&#8230;) 3\u00b0 Eixo &#8211; (Diferencial Meritor RD\/MD 23-145)<\/div>\n<div class=\"col-xs-4 cc_nv_row_spec\">Ford Caminhoes<\/div>\n<\/div>\n<div class=\"nvRow cc_nv_row row\">\n<div class=\"col-xs-4 cc_nv_row_spec\">Cargo<\/div>\n<div class=\"col-xs-4 cc_nv_row_spec\">2626 6X4 (02 a 06) 3\u00b0 Eixo &#8211; (Diferencial Meritor RD\/MD 23-145)<\/div>\n<div class=\"col-xs-4 cc_nv_row_spec\">Ford Caminhoes<\/div>\n<\/div>\n<div class=\"nvRow cc_nv_row row\">\n<div class=\"col-xs-4 cc_nv_row_spec\">Cargo<\/div>\n<div class=\"col-xs-4 cc_nv_row_spec\">2628E 6X4 (06&#8230;) 3\u00b0 Eixo &#8211; (Diferencial Meritor RD\/MD 23-145)<\/div>\n<div class=\"col-xs-4 cc_nv_row_spec\">Ford Caminhoes<\/div>\n<\/div>\n<div class=\"nvRow cc_nv_row row\">\n<div class=\"col-xs-4 cc_nv_row_spec\">Cargo<\/div>\n<div class=\"col-xs-4 cc_nv_row_spec\">2631 6X4 (02 a 05) 3\u00b0 Eixo &#8211; (Diferencial Meritor RD\/MD 23-145)<\/div>\n<div class=\"col-xs-4 cc_nv_row_spec\">Ford Caminhoes<\/div>\n<\/div>\n<div class=\"nvRow cc_nv_row row\">\n<div class=\"col-xs-4 cc_nv_row_spec\">17-230<\/div>\n<div class=\"col-xs-4 cc_nv_row_spec\">EOD Eixo MS 23-185<\/div>\n<div class=\"col-xs-4 cc_nv_row_spec\">VWC<\/div>\n<\/div>\n<div class=\"nvRow cc_nv_row row\">\n<div class=\"col-xs-4 cc_nv_row_spec\">VM270<\/div>\n<div class=\"col-xs-4 cc_nv_row_spec\">Diferencial &#8211; Rolto Ext. do Pinh\u00e3o<\/div>\n<div class=\"col-xs-4 cc_nv_row_spec\">Volvo Caminhoes<\/div>\n<\/div>\n<div class=\"nvRow cc_nv_row row\">\n<div class=\"col-xs-4 cc_nv_row_spec\">Constellation<\/div>\n<div class=\"col-xs-4 cc_nv_row_spec\">25-320 E Eixo MS 23-185<\/div>\n<div class=\"col-xs-4 cc_nv_row_spec\">VWC<\/div>\n<\/div>\n<div class=\"nvRow cc_nv_row row\">\n<div class=\"col-xs-4 cc_nv_row_spec\">25-370<\/div>\n<div class=\"col-xs-4 cc_nv_row_spec\">Eixo MS 23-185<\/div>\n<div class=\"col-xs-4 cc_nv_row_spec\">VWC<\/div>\n<\/div>\n<div class=\"nvRow cc_nv_row row\">\n<div class=\"col-xs-4 cc_nv_row_spec\">17-210<\/div>\n<div class=\"col-xs-4 cc_nv_row_spec\">EOD Eixo MS 23-185<\/div>\n<div class=\"col-xs-4 cc_nv_row_spec\">VWC<\/div>\n<\/div>\n<div class=\"nvRow cc_nv_row row\">\n<div class=\"col-xs-4 cc_nv_row_spec\">Constellation<\/div>\n<div class=\"col-xs-4 cc_nv_row_spec\">19-320E Eixo MS 23-185<\/div>\n<div class=\"col-xs-4 cc_nv_row_spec\">VWC<\/div>\n<\/div>\n<div class=\"nvRow cc_nv_row row\">\n<div class=\"col-xs-4 cc_nv_row_spec\">Constellation<\/div>\n<div class=\"col-xs-4 cc_nv_row_spec\">19-370 Eixo MS 23-185<\/div>\n<div>\n<p>&nbsp;<\/p>\n<p><span style=\"color: #00ccff\"><strong>MARCA:<\/strong><\/span> ZTL \u2013 H715334\/311<\/p>\n<p><span style=\"color: #00ccff\"><strong>PRODUTO NOVO<\/strong><\/span><\/p>\n<p><strong><span style=\"color: #00ccff\">GARANTIA:<\/span>\u00a0<\/strong>\u00a090 dias ap\u00f3s o recebimento do produto. Todas as garantias s\u00e3o dadas pelos fabricantes, e variam de produto para produto. Para devolu\u00e7\u00f5es, os produtos dever\u00e3o ser remetidos em suas embalagens originais e caso for constatado mal uso, o custo ser\u00e1 por parte do comprador.<\/p>\n<\/div>\n<\/div>\n","protected":false},"excerpt":{"rendered":"<p>LPI.PRODUTOS DE QUALIDADE PARA SEU VE\u00cdCULO. LINHA LEVE,PESADA E VANS. APLICA\u00c7\u00c3O: 18-310 OT Eixo MS 23-185 VWC 24220 (91 a 6\/94) Redu\u00e7\u00e3o 4,88 3\u00b0 Eixo &#8211; (Diferencial Meritor RD\/MD 23-145) VWC 24220 (91 a 93) Redu\u00e7\u00e3o 4,56 3\u00b0 Eixo &#8211; (Diferencial Meritor RD\/MD 23-145) VWC 26300 (01) 3\u00b0 Eixo &#8211; (Diferencial Meritor RD\/MD 23-145) VWC EuroCargo 260E 25 6X4 (09&#8230;) 3\u00b0 Eixo &#8211; (Diferencial Meritor RD\/MD 23-145) Iveco Stralis 410 NR Iveco Stralis 460NR Iveco Stralis 490 S38T &#8211; 4&#215;2 Iveco 15-190 EOD Eixo MS 23-158 VWC 17-260 OT Eixo MS 23-185 VWC 15-180 EOD Eixo MS 23-158 VWC 18-320 EOT Eixo MS 23-185 VWC Stralis 490 S42T &#8211; 4&#215;2&hellip; <a class=\"read-more\" href=\"https:\/\/ztlrolamentos.com.br\/loja\/produto\/rolamento-h715334-311-pinhao-traseiro-eixo-rd-23145\/\">Leia Mais<\/a><\/p>\n","protected":false},"featured_media":1766,"comment_status":"open","ping_status":"closed","template":"","meta":{"_joinchat":[]},"product_brand":[],"product_cat":[15],"product_tag":[],"class_list":{"0":"post-1765","1":"product","2":"type-product","3":"status-publish","4":"has-post-thumbnail","6":"product_cat-sem-categoria","8":"first","9":"instock","10":"taxable","11":"shipping-taxable","12":"purchasable","13":"product-type-simple"},"_links":{"self":[{"href":"https:\/\/ztlrolamentos.com.br\/loja\/wp-json\/wp\/v2\/product\/1765","targetHints":{"allow":["GET"]}}],"collection":[{"href":"https:\/\/ztlrolamentos.com.br\/loja\/wp-json\/wp\/v2\/product"}],"about":[{"href":"https:\/\/ztlrolamentos.com.br\/loja\/wp-json\/wp\/v2\/types\/product"}],"replies":[{"embeddable":true,"href":"https:\/\/ztlrolamentos.com.br\/loja\/wp-json\/wp\/v2\/comments?post=1765"}],"wp:featuredmedia":[{"embeddable":true,"href":"https:\/\/ztlrolamentos.com.br\/loja\/wp-json\/wp\/v2\/media\/1766"}],"wp:attachment":[{"href":"https:\/\/ztlrolamentos.com.br\/loja\/wp-json\/wp\/v2\/media?parent=1765"}],"wp:term":[{"taxonomy":"product_brand","embeddable":true,"href":"https:\/\/ztlrolamentos.com.br\/loja\/wp-json\/wp\/v2\/product_brand?post=1765"},{"taxonomy":"product_cat","embeddable":true,"href":"https:\/\/ztlrolamentos.com.br\/loja\/wp-json\/wp\/v2\/product_cat?post=1765"},{"taxonomy":"product_tag","embeddable":true,"href":"https:\/\/ztlrolamentos.com.br\/loja\/wp-json\/wp\/v2\/product_tag?post=1765"}],"curies":[{"name":"wp","href":"https:\/\/api.w.org\/{rel}","templated":true}]}}