{"id":1761,"date":"2023-04-04T15:48:22","date_gmt":"2023-04-04T18:48:22","guid":{"rendered":"https:\/\/www.lpicomercial.com.br\/?post_type=product&#038;p=1761"},"modified":"2023-04-04T15:48:22","modified_gmt":"2023-04-04T18:48:22","slug":"rolamento-bth1011-roda-traseira-iveco-daily-35-10-35s14-49-12-99-dianteiro-ducato-boxer-jumper02-aro16","status":"publish","type":"product","link":"https:\/\/ztlrolamentos.com.br\/loja\/produto\/rolamento-bth1011-roda-traseira-iveco-daily-35-10-35s14-49-12-99-dianteiro-ducato-boxer-jumper02-aro16\/","title":{"rendered":"ROLAMENTO BTH1011 RODA TRASEIRA IVECO DAILY 35.10\/35S14\/49.12 99&#8230;DIANTEIRO DUCATO BOXER\/JUMPER02\/&#8230;ARO16"},"content":{"rendered":"<p>LPI.PRODUTOS DE QUALIDADE PARA SEU VE\u00cdCULO. LINHA LEVE,PESADA E VANS.<\/p>\n<p><span style=\"color: #00ccff\"><strong>APLICA\u00c7\u00c3O:<\/strong><\/span><\/p>\n<p>Rolamento Roda Dianteira, aro 16&#8242; CITRO\u00cbN: Jumper 2009-2016 (2.3D, 2.5D), capacidade de 1800 kg CITRO\u00cbN: Jumper 2000-2009 (2.8D), capacidade de 1800 kg Citro\u00ebn: 3326.69, 3326.63<br \/>\nRoda Dianteira, Aro 16&#8242; FIAT Ducato 1993-2016, 1800 kg Com e sem ABS Fiat: 1346650080, 1328054080<br \/>\nRoda Dianteira, aro 16&#8242; PEUGEOT Boxer 2000-2016, capacidade 1800 kg Peugeot: 3326.69, 3326.63<br \/>\nRoda Traseira, ambos os lados IVECO: Daily 35-10, 35C10 Turbodaily 1996-2008; IVECO: Daily 35-12, 35C12 1999-2003; IVECO: Daily 35C13 1999-2003; IVECO: Daily 49-10 Turbodaily 1996-1999; IVECO: Daily 49-12 Turbodaily 1996-1999; IVECO: Daily 40C13 Bus 1999-2003;<br \/>\nIVECO: Daily 50C13 Bus 1999-2003 Iveco: 46393024, 503644252, 7180066, 787566, 7189750, SNR: R141.14.<br \/>\nSimilar: BTH-1011-CC SKFK\/ VKBA\/3552 TIMKEN\/K-80759 TIMKEN EH C\/ ROL MARCA SKF\/ VKBC-20022 BTH-1011-AB\/IMP SKF\/BTH-1011-AB ISAPA\/ISP-16481 KOYO\/K-80759<\/p>\n<p><strong>MEDIDA<\/strong>: 55X90X60<\/p>\n<p><span style=\"color: #00ccff\"><strong>MARCA:<\/strong><\/span> ZTL \u2013 ROLAMENTO 1011<\/p>\n<p><span style=\"color: #00ccff\"><strong>PRODUTO NOVO<\/strong><\/span><\/p>\n<p><strong><span style=\"color: #00ccff\">GARANTIA:<\/span>\u00a0<\/strong>\u00a090 dias ap\u00f3s o recebimento do produto. Todas as garantias s\u00e3o dadas pelos fabricantes, e variam de produto para produto. Para devolu\u00e7\u00f5es, os produtos dever\u00e3o ser remetidos em suas embalagens originais e caso for constatado mal uso, o custo ser\u00e1 por parte do comprador<\/p>\n","protected":false},"excerpt":{"rendered":"<p>LPI.PRODUTOS DE QUALIDADE PARA SEU VE\u00cdCULO. LINHA LEVE,PESADA E VANS. APLICA\u00c7\u00c3O: Rolamento Roda Dianteira, aro 16&#8242; CITRO\u00cbN: Jumper 2009-2016 (2.3D, 2.5D), capacidade de 1800 kg CITRO\u00cbN: Jumper 2000-2009 (2.8D), capacidade de 1800 kg Citro\u00ebn: 3326.69, 3326.63 Roda Dianteira, Aro 16&#8242; FIAT Ducato 1993-2016, 1800 kg Com e sem ABS Fiat: 1346650080, 1328054080 Roda Dianteira, aro 16&#8242; PEUGEOT Boxer 2000-2016, capacidade 1800 kg Peugeot: 3326.69, 3326.63 Roda Traseira, ambos os lados IVECO: Daily 35-10, 35C10 Turbodaily 1996-2008; IVECO: Daily 35-12, 35C12 1999-2003; IVECO: Daily 35C13 1999-2003; IVECO: Daily 49-10 Turbodaily 1996-1999; IVECO: Daily 49-12 Turbodaily 1996-1999; IVECO: Daily 40C13 Bus 1999-2003; IVECO: Daily 50C13 Bus 1999-2003 Iveco: 46393024, 503644252, 7180066, 787566,&hellip; <a class=\"read-more\" href=\"https:\/\/ztlrolamentos.com.br\/loja\/produto\/rolamento-bth1011-roda-traseira-iveco-daily-35-10-35s14-49-12-99-dianteiro-ducato-boxer-jumper02-aro16\/\">Leia Mais<\/a><\/p>\n","protected":false},"featured_media":1762,"comment_status":"open","ping_status":"closed","template":"","meta":{"_joinchat":[]},"product_brand":[],"product_cat":[15],"product_tag":[],"class_list":{"0":"post-1761","1":"product","2":"type-product","3":"status-publish","4":"has-post-thumbnail","6":"product_cat-sem-categoria","8":"first","9":"instock","10":"taxable","11":"shipping-taxable","12":"purchasable","13":"product-type-simple"},"_links":{"self":[{"href":"https:\/\/ztlrolamentos.com.br\/loja\/wp-json\/wp\/v2\/product\/1761","targetHints":{"allow":["GET"]}}],"collection":[{"href":"https:\/\/ztlrolamentos.com.br\/loja\/wp-json\/wp\/v2\/product"}],"about":[{"href":"https:\/\/ztlrolamentos.com.br\/loja\/wp-json\/wp\/v2\/types\/product"}],"replies":[{"embeddable":true,"href":"https:\/\/ztlrolamentos.com.br\/loja\/wp-json\/wp\/v2\/comments?post=1761"}],"wp:featuredmedia":[{"embeddable":true,"href":"https:\/\/ztlrolamentos.com.br\/loja\/wp-json\/wp\/v2\/media\/1762"}],"wp:attachment":[{"href":"https:\/\/ztlrolamentos.com.br\/loja\/wp-json\/wp\/v2\/media?parent=1761"}],"wp:term":[{"taxonomy":"product_brand","embeddable":true,"href":"https:\/\/ztlrolamentos.com.br\/loja\/wp-json\/wp\/v2\/product_brand?post=1761"},{"taxonomy":"product_cat","embeddable":true,"href":"https:\/\/ztlrolamentos.com.br\/loja\/wp-json\/wp\/v2\/product_cat?post=1761"},{"taxonomy":"product_tag","embeddable":true,"href":"https:\/\/ztlrolamentos.com.br\/loja\/wp-json\/wp\/v2\/product_tag?post=1761"}],"curies":[{"name":"wp","href":"https:\/\/api.w.org\/{rel}","templated":true}]}}