{"id":1754,"date":"2023-04-04T15:02:46","date_gmt":"2023-04-04T18:02:46","guid":{"rendered":"https:\/\/www.lpicomercial.com.br\/?post_type=product&#038;p=1754"},"modified":"2023-04-04T15:02:46","modified_gmt":"2023-04-04T18:02:46","slug":"rolamento-89443-10-pinhao-ford-f350-400-4000-agrale-1600tx-difer-braseixos-406-dianteiro","status":"publish","type":"product","link":"https:\/\/ztlrolamentos.com.br\/loja\/produto\/rolamento-89443-10-pinhao-ford-f350-400-4000-agrale-1600tx-difer-braseixos-406-dianteiro\/","title":{"rendered":"ROLAMENTO 89443\/10 PINHAO FORD F350\/400\/4000\/AGRALE 1600TX DIFER. BRASEIXOS 406 DIANTEIRO"},"content":{"rendered":"<p>LPI.PRODUTOS DE QUALIDADE PARA SEU VE\u00cdCULO. LINHA LEVE,PESADA E VANS.<\/p>\n<p><span style=\"color: #00ccff\"><strong>APLICA\u00c7\u00c3O:<\/strong><\/span><\/p>\n<p>DODGE D-400<br \/>\nFIAT 70 a partir de 1977<br \/>\nFIAT 80 a partir de 1980<br \/>\nFORD F-350 1957<br \/>\nFORD F-350 1958<br \/>\nFORD F-350 1959<br \/>\nFORD F-350 1960<br \/>\nFORD F-350 1961<br \/>\nFORD F-350 1962<br \/>\nFORD F-350 1963<br \/>\nFORD F-350 1964<br \/>\nFORD F-350 1965<br \/>\nFORD F-350 1966<br \/>\nFORD F-350 1967<br \/>\nFORD F-350 1968<br \/>\nFORD F-350 1969<br \/>\nFORD F-350 1970<br \/>\nFORD F-350 1971<br \/>\nFORD F-350 1972<br \/>\nFORD F-350 1973<br \/>\nFORD F-350 1974<br \/>\nFORD F-350 1975<br \/>\nFORD F-350 1976<br \/>\nFORD F-350 1977<br \/>\nFORD F-400 1975<br \/>\nFORD F-400 1976<br \/>\nFORD F-400 1977<\/p>\n<p>Di\u00e2metro do Eixo: 33,34 mm<\/p>\n<p>Di\u00e2metro Externo: 76,2 mm<\/p>\n<p>Altura: 29,37 mm<\/p>\n<p>Peso: 0,668 kg<\/p>\n<p><span style=\"color: #00ccff\"><strong>MARCA:<\/strong><\/span> ZTL \u201389443\/10<\/p>\n<p><span style=\"color: #00ccff\"><strong>PRODUTO NOVO<\/strong><\/span><\/p>\n<p><strong><span style=\"color: #00ccff\">GARANTIA:<\/span>\u00a0<\/strong>\u00a090 dias ap\u00f3s o recebimento do produto. Todas as garantias s\u00e3o dadas pelos fabricantes, e variam de produto para produto. Para devolu\u00e7\u00f5es, os produtos dever\u00e3o ser remetidos em suas embalagens originais e caso for constatado mal uso, o custo ser\u00e1 por parte do comprador.<\/p>\n","protected":false},"excerpt":{"rendered":"<p>LPI.PRODUTOS DE QUALIDADE PARA SEU VE\u00cdCULO. LINHA LEVE,PESADA E VANS. APLICA\u00c7\u00c3O: DODGE D-400 FIAT 70 a partir de 1977 FIAT 80 a partir de 1980 FORD F-350 1957 FORD F-350 1958 FORD F-350 1959 FORD F-350 1960 FORD F-350 1961 FORD F-350 1962 FORD F-350 1963 FORD F-350 1964 FORD F-350 1965 FORD F-350 1966 FORD F-350 1967 FORD F-350 1968 FORD F-350 1969 FORD F-350 1970 FORD F-350 1971 FORD F-350 1972 FORD F-350 1973 FORD F-350 1974 FORD F-350 1975 FORD F-350 1976 FORD F-350 1977 FORD F-400 1975 FORD F-400 1976 FORD F-400 1977 Di\u00e2metro do Eixo: 33,34 mm Di\u00e2metro Externo: 76,2 mm Altura: 29,37 mm Peso:&hellip; <a class=\"read-more\" href=\"https:\/\/ztlrolamentos.com.br\/loja\/produto\/rolamento-89443-10-pinhao-ford-f350-400-4000-agrale-1600tx-difer-braseixos-406-dianteiro\/\">Leia Mais<\/a><\/p>\n","protected":false},"featured_media":1755,"comment_status":"open","ping_status":"closed","template":"","meta":{"_joinchat":[]},"product_brand":[],"product_cat":[15],"product_tag":[],"class_list":{"0":"post-1754","1":"product","2":"type-product","3":"status-publish","4":"has-post-thumbnail","6":"product_cat-sem-categoria","8":"first","9":"instock","10":"taxable","11":"shipping-taxable","12":"purchasable","13":"product-type-simple"},"_links":{"self":[{"href":"https:\/\/ztlrolamentos.com.br\/loja\/wp-json\/wp\/v2\/product\/1754","targetHints":{"allow":["GET"]}}],"collection":[{"href":"https:\/\/ztlrolamentos.com.br\/loja\/wp-json\/wp\/v2\/product"}],"about":[{"href":"https:\/\/ztlrolamentos.com.br\/loja\/wp-json\/wp\/v2\/types\/product"}],"replies":[{"embeddable":true,"href":"https:\/\/ztlrolamentos.com.br\/loja\/wp-json\/wp\/v2\/comments?post=1754"}],"wp:featuredmedia":[{"embeddable":true,"href":"https:\/\/ztlrolamentos.com.br\/loja\/wp-json\/wp\/v2\/media\/1755"}],"wp:attachment":[{"href":"https:\/\/ztlrolamentos.com.br\/loja\/wp-json\/wp\/v2\/media?parent=1754"}],"wp:term":[{"taxonomy":"product_brand","embeddable":true,"href":"https:\/\/ztlrolamentos.com.br\/loja\/wp-json\/wp\/v2\/product_brand?post=1754"},{"taxonomy":"product_cat","embeddable":true,"href":"https:\/\/ztlrolamentos.com.br\/loja\/wp-json\/wp\/v2\/product_cat?post=1754"},{"taxonomy":"product_tag","embeddable":true,"href":"https:\/\/ztlrolamentos.com.br\/loja\/wp-json\/wp\/v2\/product_tag?post=1754"}],"curies":[{"name":"wp","href":"https:\/\/api.w.org\/{rel}","templated":true}]}}