{"id":1752,"date":"2023-04-04T14:46:37","date_gmt":"2023-04-04T17:46:37","guid":{"rendered":"https:\/\/www.lpicomercial.com.br\/?post_type=product&#038;p=1752"},"modified":"2023-04-04T14:50:10","modified_gmt":"2023-04-04T17:50:10","slug":"rolamento-pinhao-ford-vw-eixo-140-145-220-h601-tras","status":"publish","type":"product","link":"https:\/\/ztlrolamentos.com.br\/loja\/produto\/rolamento-pinhao-ford-vw-eixo-140-145-220-h601-tras\/","title":{"rendered":"ROLAMENTO 72212 PINHAO FORD\/VW EIXO 140\/145\/220\/H601 TRAS."},"content":{"rendered":"<p>LPI.PRODUTOS DE QUALIDADE PARA SEU VE\u00cdCULO. LINHA LEVE,PESADA E VANS.<\/p>\n<p><span style=\"color: #00ccff\"><strong>APLICA\u00c7\u00c3O:<\/strong><\/span><\/p>\n<p>ROLAMENTO PINHAO FORD\/VW EIXO 140\/145\/220\/H601 TRAS.<\/p>\n<p>AGRALE MA 12.0<br \/>\nAGRALE MA-12.0<br \/>\nFORD CARGO 1215<br \/>\nFORD CARGO 1415<br \/>\nFORD CARGO 1416<br \/>\nFORD CARGO 1422<br \/>\nFORD CARGO 1617 a partir de 1997<br \/>\nFORD CARGO 1621 a partir de 1997<br \/>\nFORD CARGO 1622<br \/>\nFORD CARGO 2422<br \/>\nFORD CARGO 2425<br \/>\nFORD CARGO 2630<br \/>\nGM &#8211; CHEVROLET 16-220<br \/>\nGMC 16-220<br \/>\nVW 13.150<br \/>\nVW 13.170<br \/>\nVW 13.180<br \/>\nVW 13.210<br \/>\nVW 14.140<br \/>\nVW 14.150<br \/>\nVW 14.210<br \/>\nVW 15.170<br \/>\nVW 15.180<br \/>\nVW 15.210<br \/>\nVW 16.170<br \/>\nVW 16.180<br \/>\nVW 16.210<br \/>\nVW 16.220<br \/>\nVW 17.210<br \/>\nVW 17.220<br \/>\nVW 17.300<br \/>\nVW 22.140<br \/>\nVW 22.210<br \/>\nVW 24.220<br \/>\nVW 24.250<br \/>\nVW 26.300<br \/>\nVW 35.300<\/p>\n<p><span style=\"color: #00ccff\"><strong>MARCA:<\/strong><\/span> ZTL \u201372212\/487<\/p>\n<p><span style=\"color: #00ccff\"><strong>PRODUTO NOVO<\/strong><\/span><\/p>\n<p><strong><span style=\"color: #00ccff\">GARANTIA:<\/span>\u00a0<\/strong>\u00a090 dias ap\u00f3s o recebimento do produto. Todas as garantias s\u00e3o dadas pelos fabricantes, e variam de produto para produto. Para devolu\u00e7\u00f5es, os produtos dever\u00e3o ser remetidos em suas embalagens originais e caso for constatado mal uso, o custo ser\u00e1 por parte do comprador.<\/p>\n","protected":false},"excerpt":{"rendered":"<p>LPI.PRODUTOS DE QUALIDADE PARA SEU VE\u00cdCULO. LINHA LEVE,PESADA E VANS. APLICA\u00c7\u00c3O: ROLAMENTO PINHAO FORD\/VW EIXO 140\/145\/220\/H601 TRAS. AGRALE MA 12.0 AGRALE MA-12.0 FORD CARGO 1215 FORD CARGO 1415 FORD CARGO 1416 FORD CARGO 1422 FORD CARGO 1617 a partir de 1997 FORD CARGO 1621 a partir de 1997 FORD CARGO 1622 FORD CARGO 2422 FORD CARGO 2425 FORD CARGO 2630 GM &#8211; CHEVROLET 16-220 GMC 16-220 VW 13.150 VW 13.170 VW 13.180 VW 13.210 VW 14.140 VW 14.150 VW 14.210 VW 15.170 VW 15.180 VW 15.210 VW 16.170 VW 16.180 VW 16.210 VW 16.220 VW 17.210 VW 17.220 VW 17.300 VW 22.140 VW 22.210 VW 24.220 VW 24.250 VW 26.300&hellip; <a class=\"read-more\" href=\"https:\/\/ztlrolamentos.com.br\/loja\/produto\/rolamento-pinhao-ford-vw-eixo-140-145-220-h601-tras\/\">Leia Mais<\/a><\/p>\n","protected":false},"featured_media":1753,"comment_status":"open","ping_status":"closed","template":"","meta":{"_joinchat":[]},"product_brand":[],"product_cat":[15],"product_tag":[],"class_list":{"0":"post-1752","1":"product","2":"type-product","3":"status-publish","4":"has-post-thumbnail","6":"product_cat-sem-categoria","8":"first","9":"instock","10":"taxable","11":"shipping-taxable","12":"purchasable","13":"product-type-simple"},"_links":{"self":[{"href":"https:\/\/ztlrolamentos.com.br\/loja\/wp-json\/wp\/v2\/product\/1752","targetHints":{"allow":["GET"]}}],"collection":[{"href":"https:\/\/ztlrolamentos.com.br\/loja\/wp-json\/wp\/v2\/product"}],"about":[{"href":"https:\/\/ztlrolamentos.com.br\/loja\/wp-json\/wp\/v2\/types\/product"}],"replies":[{"embeddable":true,"href":"https:\/\/ztlrolamentos.com.br\/loja\/wp-json\/wp\/v2\/comments?post=1752"}],"wp:featuredmedia":[{"embeddable":true,"href":"https:\/\/ztlrolamentos.com.br\/loja\/wp-json\/wp\/v2\/media\/1753"}],"wp:attachment":[{"href":"https:\/\/ztlrolamentos.com.br\/loja\/wp-json\/wp\/v2\/media?parent=1752"}],"wp:term":[{"taxonomy":"product_brand","embeddable":true,"href":"https:\/\/ztlrolamentos.com.br\/loja\/wp-json\/wp\/v2\/product_brand?post=1752"},{"taxonomy":"product_cat","embeddable":true,"href":"https:\/\/ztlrolamentos.com.br\/loja\/wp-json\/wp\/v2\/product_cat?post=1752"},{"taxonomy":"product_tag","embeddable":true,"href":"https:\/\/ztlrolamentos.com.br\/loja\/wp-json\/wp\/v2\/product_tag?post=1752"}],"curies":[{"name":"wp","href":"https:\/\/api.w.org\/{rel}","templated":true}]}}