{"id":1750,"date":"2023-04-04T14:31:50","date_gmt":"2023-04-04T17:31:50","guid":{"rendered":"https:\/\/www.lpicomercial.com.br\/?post_type=product&#038;p=1750"},"modified":"2023-04-04T14:31:50","modified_gmt":"2023-04-04T17:31:50","slug":"rolamento-lat-cx-salet-vv-n-nl10-12-fh12-b10m-b58","status":"publish","type":"product","link":"https:\/\/ztlrolamentos.com.br\/loja\/produto\/rolamento-lat-cx-salet-vv-n-nl10-12-fh12-b10m-b58\/","title":{"rendered":"ROLAMENTO LAT.CX.SALET.VV N\/NL10\/12\/FH12\/B10M\/B58"},"content":{"rendered":"<p>LPI.PRODUTOS DE QUALIDADE PARA SEU VE\u00cdCULO. LINHA LEVE,PESADA E VANS.<\/p>\n<p><span style=\"color: #00ccff\"><strong>APLICA\u00c7\u00c3O:<\/strong><\/span><\/p>\n<p>ROLAMENTO LAT.CX.SALET.VV N\/NL10\/12\/FH12\/B10M\/B58<\/p>\n<p><strong>VOLVO<\/strong><br \/>\nB10 86 a 2002<br \/>\nB12 94 a 2003<br \/>\nB58 79 a 98<br \/>\nB7 98 a 2006<br \/>\nB9 2007 a 2010<br \/>\nFH 12 94 a 2006<br \/>\nFM 12 2000 a 2006<br \/>\nN 10 80 a 91<br \/>\nN 12 80 a 91<br \/>\nNL 10 91 a 99<br \/>\nNL 12 91 a 99<\/p>\n<table class=\"group Especificacoes\" cellspacing=\"0\">\n<tbody>\n<tr>\n<th>LARGURA<\/th>\n<td>18 cm<\/td>\n<\/tr>\n<tr>\n<th>ALTURA<\/th>\n<td>5 cm<\/td>\n<\/tr>\n<tr>\n<th>PESO<\/th>\n<td>3480 gr<\/td>\n<\/tr>\n<tr>\n<th>COMPRIMENTO<\/th>\n<td>17 cm<\/td>\n<\/tr>\n<\/tbody>\n<\/table>\n<p><span style=\"color: #00ccff\"><strong>MARCA:<\/strong><\/span> ZTL \u2013 687\/672<\/p>\n<p><span style=\"color: #00ccff\"><strong>PRODUTO NOVO<\/strong><\/span><\/p>\n<p><strong><span style=\"color: #00ccff\">GARANTIA:<\/span>\u00a0<\/strong>\u00a090 dias ap\u00f3s o recebimento do produto. Todas as garantias s\u00e3o dadas pelos fabricantes, e variam de produto para produto. Para devolu\u00e7\u00f5es, os produtos dever\u00e3o ser remetidos em suas embalagens originais e caso for constatado mal uso, o custo ser\u00e1 por parte do comprador.<\/p>\n","protected":false},"excerpt":{"rendered":"<p>LPI.PRODUTOS DE QUALIDADE PARA SEU VE\u00cdCULO. LINHA LEVE,PESADA E VANS. APLICA\u00c7\u00c3O: ROLAMENTO LAT.CX.SALET.VV N\/NL10\/12\/FH12\/B10M\/B58 VOLVO B10 86 a 2002 B12 94 a 2003 B58 79 a 98 B7 98 a 2006 B9 2007 a 2010 FH 12 94 a 2006 FM 12 2000 a 2006 N 10 80 a 91 N 12 80 a 91 NL 10 91 a 99 NL 12 91 a 99 LARGURA 18 cm ALTURA 5 cm PESO 3480 gr COMPRIMENTO 17 cm MARCA: ZTL \u2013 687\/672 PRODUTO NOVO GARANTIA:\u00a0\u00a090 dias ap\u00f3s o recebimento do produto. Todas as garantias s\u00e3o dadas pelos fabricantes, e variam de produto para produto. Para devolu\u00e7\u00f5es, os produtos dever\u00e3o ser remetidos&hellip; <a class=\"read-more\" href=\"https:\/\/ztlrolamentos.com.br\/loja\/produto\/rolamento-lat-cx-salet-vv-n-nl10-12-fh12-b10m-b58\/\">Leia Mais<\/a><\/p>\n","protected":false},"featured_media":1751,"comment_status":"open","ping_status":"closed","template":"","meta":{"_joinchat":[]},"product_brand":[],"product_cat":[15],"product_tag":[],"class_list":{"0":"post-1750","1":"product","2":"type-product","3":"status-publish","4":"has-post-thumbnail","6":"product_cat-sem-categoria","8":"first","9":"instock","10":"taxable","11":"shipping-taxable","12":"purchasable","13":"product-type-simple"},"_links":{"self":[{"href":"https:\/\/ztlrolamentos.com.br\/loja\/wp-json\/wp\/v2\/product\/1750","targetHints":{"allow":["GET"]}}],"collection":[{"href":"https:\/\/ztlrolamentos.com.br\/loja\/wp-json\/wp\/v2\/product"}],"about":[{"href":"https:\/\/ztlrolamentos.com.br\/loja\/wp-json\/wp\/v2\/types\/product"}],"replies":[{"embeddable":true,"href":"https:\/\/ztlrolamentos.com.br\/loja\/wp-json\/wp\/v2\/comments?post=1750"}],"wp:featuredmedia":[{"embeddable":true,"href":"https:\/\/ztlrolamentos.com.br\/loja\/wp-json\/wp\/v2\/media\/1751"}],"wp:attachment":[{"href":"https:\/\/ztlrolamentos.com.br\/loja\/wp-json\/wp\/v2\/media?parent=1750"}],"wp:term":[{"taxonomy":"product_brand","embeddable":true,"href":"https:\/\/ztlrolamentos.com.br\/loja\/wp-json\/wp\/v2\/product_brand?post=1750"},{"taxonomy":"product_cat","embeddable":true,"href":"https:\/\/ztlrolamentos.com.br\/loja\/wp-json\/wp\/v2\/product_cat?post=1750"},{"taxonomy":"product_tag","embeddable":true,"href":"https:\/\/ztlrolamentos.com.br\/loja\/wp-json\/wp\/v2\/product_tag?post=1750"}],"curies":[{"name":"wp","href":"https:\/\/api.w.org\/{rel}","templated":true}]}}