{"id":1748,"date":"2023-04-04T13:06:58","date_gmt":"2023-04-04T16:06:58","guid":{"rendered":"https:\/\/www.lpicomercial.com.br\/?post_type=product&#038;p=1748"},"modified":"2023-04-04T13:57:53","modified_gmt":"2023-04-04T16:57:53","slug":"rolamento-volante-motor-sv-gmc-todos","status":"publish","type":"product","link":"https:\/\/ztlrolamentos.com.br\/loja\/produto\/rolamento-volante-motor-sv-gmc-todos\/","title":{"rendered":"ROLAMENTO 6305DDU VOLANTE MOTOR SV\/GMC TODOS"},"content":{"rendered":"<p>LPI.PRODUTOS DE QUALIDADE PARA SEU VE\u00cdCULO. LINHA LEVE,PESADA E VANS.<\/p>\n<p><span style=\"color: #00ccff\"><strong>APLICA\u00c7\u00c3O:<\/strong><\/span><\/p>\n<p>Descri\u00e7\u00e3o<br \/>\nConte\u00fado:<br \/>\nRolamento 6305DDU 25 x 62 x 17<\/p>\n<p>Refer\u00eancia:<br \/>\n6305 DDU<\/p>\n<p>Medidas:<br \/>\nInterna: 25 Externa: 62 Altura: 17<\/p>\n<p>Tipo:<br \/>\nRIGIDO DE ESFERA<\/p>\n<p>Marca: ZTL<\/p>\n<p>Nomenclaturas de Rolamentos:<br \/>\nZZ = Blindagem de A\u00e7o em ambos os lados \/ Z = Blindagem de A\u00e7o em um lado<br \/>\nDDU ou 2RS = Veda\u00e7\u00e3o de Borracha em ambos os lados \/ DU ou RS = Veda\u00e7\u00e3o de Borracha em um lado<br \/>\nC3 ou C4 = Folga interna no rolamento entre as esferas e o anel externo<br \/>\nK = C\u00f4nico &#8211; precisa de bucha<br \/>\nNR = Rolamento com ranhura e a presilha \/ N = Rolamento com ranhura<br \/>\nM = Gaiola de Bronze \/ E ou W = Gaiola de A\u00e7o<br \/>\nMU = Anel interno preso<br \/>\nNJ = Eixo sai de um lado \/ NU = Eixo sai de ambos os lados<\/p>\n<ul class=\"ui-pdp-list__wrapper\">\n<li class=\"ui-pdp-list__item\">\n<p class=\"ui-pdp-family--REGULAR ui-pdp-list__text\"><span class=\"ui-pdp-color--BLACK ui-pdp-size--XSMALL ui-pdp-family--BOLD\">Tipo de ve\u00edculo<\/span>: Linha pesada<\/p>\n<\/li>\n<li class=\"ui-pdp-list__item\">\n<p class=\"ui-pdp-family--REGULAR ui-pdp-list__text\"><span class=\"ui-pdp-color--BLACK ui-pdp-size--XSMALL ui-pdp-family--BOLD\">Tipo de montagem<\/span>: Dianteiro e traseiro<\/p>\n<\/li>\n<\/ul>\n<ul class=\"ui-pdp-list__wrapper\">\n<li class=\"ui-pdp-list__item\">\n<p class=\"ui-pdp-family--REGULAR ui-pdp-list__text\"><span class=\"ui-pdp-color--BLACK ui-pdp-size--XSMALL ui-pdp-family--BOLD\">Quantidade de piezas por kit<\/span>: 1<\/p>\n<\/li>\n<\/ul>\n<p>&nbsp;<\/p>\n<table class=\"andes-table\">\n<tbody class=\"andes-table__body\">\n<tr class=\"andes-table__row\">\n<th class=\"andes-table__header andes-table__header--left ui-pdp-specs__table__column ui-pdp-specs__table__column-title\">N\u00famero de pe\u00e7a<\/th>\n<td class=\"andes-table__column andes-table__column--left ui-pdp-specs__table__column\"><span class=\"andes-table__column--value\">6305<\/span><\/td>\n<\/tr>\n<\/tbody>\n<\/table>\n","protected":false},"excerpt":{"rendered":"<p>LPI.PRODUTOS DE QUALIDADE PARA SEU VE\u00cdCULO. LINHA LEVE,PESADA E VANS. APLICA\u00c7\u00c3O: Descri\u00e7\u00e3o Conte\u00fado: Rolamento 6305DDU 25 x 62 x 17 Refer\u00eancia: 6305 DDU Medidas: Interna: 25 Externa: 62 Altura: 17 Tipo: RIGIDO DE ESFERA Marca: ZTL Nomenclaturas de Rolamentos: ZZ = Blindagem de A\u00e7o em ambos os lados \/ Z = Blindagem de A\u00e7o em um lado DDU ou 2RS = Veda\u00e7\u00e3o de Borracha em ambos os lados \/ DU ou RS = Veda\u00e7\u00e3o de Borracha em um lado C3 ou C4 = Folga interna no rolamento entre as esferas e o anel externo K = C\u00f4nico &#8211; precisa de bucha NR = Rolamento com ranhura e a presilha \/&hellip; <a class=\"read-more\" href=\"https:\/\/ztlrolamentos.com.br\/loja\/produto\/rolamento-volante-motor-sv-gmc-todos\/\">Leia Mais<\/a><\/p>\n","protected":false},"featured_media":1749,"comment_status":"open","ping_status":"closed","template":"","meta":{"_joinchat":[]},"product_brand":[],"product_cat":[15],"product_tag":[],"class_list":{"0":"post-1748","1":"product","2":"type-product","3":"status-publish","4":"has-post-thumbnail","6":"product_cat-sem-categoria","8":"first","9":"instock","10":"taxable","11":"shipping-taxable","12":"purchasable","13":"product-type-simple"},"_links":{"self":[{"href":"https:\/\/ztlrolamentos.com.br\/loja\/wp-json\/wp\/v2\/product\/1748","targetHints":{"allow":["GET"]}}],"collection":[{"href":"https:\/\/ztlrolamentos.com.br\/loja\/wp-json\/wp\/v2\/product"}],"about":[{"href":"https:\/\/ztlrolamentos.com.br\/loja\/wp-json\/wp\/v2\/types\/product"}],"replies":[{"embeddable":true,"href":"https:\/\/ztlrolamentos.com.br\/loja\/wp-json\/wp\/v2\/comments?post=1748"}],"wp:featuredmedia":[{"embeddable":true,"href":"https:\/\/ztlrolamentos.com.br\/loja\/wp-json\/wp\/v2\/media\/1749"}],"wp:attachment":[{"href":"https:\/\/ztlrolamentos.com.br\/loja\/wp-json\/wp\/v2\/media?parent=1748"}],"wp:term":[{"taxonomy":"product_brand","embeddable":true,"href":"https:\/\/ztlrolamentos.com.br\/loja\/wp-json\/wp\/v2\/product_brand?post=1748"},{"taxonomy":"product_cat","embeddable":true,"href":"https:\/\/ztlrolamentos.com.br\/loja\/wp-json\/wp\/v2\/product_cat?post=1748"},{"taxonomy":"product_tag","embeddable":true,"href":"https:\/\/ztlrolamentos.com.br\/loja\/wp-json\/wp\/v2\/product_tag?post=1748"}],"curies":[{"name":"wp","href":"https:\/\/api.w.org\/{rel}","templated":true}]}}