{"id":1746,"date":"2023-04-04T12:52:45","date_gmt":"2023-04-04T15:52:45","guid":{"rendered":"https:\/\/www.lpicomercial.com.br\/?post_type=product&#038;p=1746"},"modified":"2023-04-04T12:52:45","modified_gmt":"2023-04-04T15:52:45","slug":"rolamento-63042rs-polia-tensora-mb-0370-371rs-rsd-rst-up-rol-bba-oleo-sv-111-112-113-volante-om904-accelo915","status":"publish","type":"product","link":"https:\/\/ztlrolamentos.com.br\/loja\/produto\/rolamento-63042rs-polia-tensora-mb-0370-371rs-rsd-rst-up-rol-bba-oleo-sv-111-112-113-volante-om904-accelo915\/","title":{"rendered":"ROLAMENTO 63042RS .POLIA TENSORA MB 0370\/371RS\/RSD\/RST\/UP\/ROL.BBA OLEO SV 111\/112\/113 VOLANTE OM904\/ACCELO915"},"content":{"rendered":"<p>LPI.PRODUTOS DE QUALIDADE PARA SEU VE\u00cdCULO. LINHA LEVE,PESADA E VANS.<\/p>\n<p><span style=\"color: #00ccff\"><strong>APLICA\u00c7\u00c3O:<\/strong><\/span><\/p>\n<p>ROLAMENTO .POLIA TENSORA MB 0370\/371RS\/RSD\/RST\/UP\/ROL.BBA OLEO SV 111\/112\/113 VOLANTE OM904\/ACCELO915<\/p>\n<p><strong>MEDIDAS<\/strong><\/p>\n<p>Di\u00e2metro do Eixo: 17mm<\/p>\n<p>Di\u00e2metro Externo: 52mm<\/p>\n<p>Altura: 15mm<\/p>\n<p>Peso: 0,151 gramas<\/p>\n<p>&nbsp;<\/p>\n<p><span style=\"color: #00ccff\"><strong>MARCA:<\/strong><\/span> ZTL \u2013 63042RS<\/p>\n<p><span style=\"color: #00ccff\"><strong>PRODUTO NOVO<\/strong><\/span><\/p>\n<p><strong><span style=\"color: #00ccff\">GARANTIA:<\/span>\u00a0<\/strong>\u00a090 dias ap\u00f3s o recebimento do produto. Todas as garantias s\u00e3o dadas pelos fabricantes, e variam de produto para produto. Para devolu\u00e7\u00f5es, os produtos dever\u00e3o ser remetidos em suas embalagens originais e caso for constatado mal uso, o custo ser\u00e1 por parte do comprador.<\/p>\n","protected":false},"excerpt":{"rendered":"<p>LPI.PRODUTOS DE QUALIDADE PARA SEU VE\u00cdCULO. LINHA LEVE,PESADA E VANS. APLICA\u00c7\u00c3O: ROLAMENTO .POLIA TENSORA MB 0370\/371RS\/RSD\/RST\/UP\/ROL.BBA OLEO SV 111\/112\/113 VOLANTE OM904\/ACCELO915 MEDIDAS Di\u00e2metro do Eixo: 17mm Di\u00e2metro Externo: 52mm Altura: 15mm Peso: 0,151 gramas &nbsp; MARCA: ZTL \u2013 63042RS PRODUTO NOVO GARANTIA:\u00a0\u00a090 dias ap\u00f3s o recebimento do produto. Todas as garantias s\u00e3o dadas pelos fabricantes, e variam de produto para produto. Para devolu\u00e7\u00f5es, os produtos dever\u00e3o ser remetidos em suas embalagens originais e caso for constatado mal uso, o custo ser\u00e1 por parte do comprador.<\/p>\n","protected":false},"featured_media":1747,"comment_status":"open","ping_status":"closed","template":"","meta":{"_joinchat":[]},"product_brand":[],"product_cat":[15],"product_tag":[],"class_list":{"0":"post-1746","1":"product","2":"type-product","3":"status-publish","4":"has-post-thumbnail","6":"product_cat-sem-categoria","8":"first","9":"instock","10":"taxable","11":"shipping-taxable","12":"purchasable","13":"product-type-simple"},"_links":{"self":[{"href":"https:\/\/ztlrolamentos.com.br\/loja\/wp-json\/wp\/v2\/product\/1746","targetHints":{"allow":["GET"]}}],"collection":[{"href":"https:\/\/ztlrolamentos.com.br\/loja\/wp-json\/wp\/v2\/product"}],"about":[{"href":"https:\/\/ztlrolamentos.com.br\/loja\/wp-json\/wp\/v2\/types\/product"}],"replies":[{"embeddable":true,"href":"https:\/\/ztlrolamentos.com.br\/loja\/wp-json\/wp\/v2\/comments?post=1746"}],"wp:featuredmedia":[{"embeddable":true,"href":"https:\/\/ztlrolamentos.com.br\/loja\/wp-json\/wp\/v2\/media\/1747"}],"wp:attachment":[{"href":"https:\/\/ztlrolamentos.com.br\/loja\/wp-json\/wp\/v2\/media?parent=1746"}],"wp:term":[{"taxonomy":"product_brand","embeddable":true,"href":"https:\/\/ztlrolamentos.com.br\/loja\/wp-json\/wp\/v2\/product_brand?post=1746"},{"taxonomy":"product_cat","embeddable":true,"href":"https:\/\/ztlrolamentos.com.br\/loja\/wp-json\/wp\/v2\/product_cat?post=1746"},{"taxonomy":"product_tag","embeddable":true,"href":"https:\/\/ztlrolamentos.com.br\/loja\/wp-json\/wp\/v2\/product_tag?post=1746"}],"curies":[{"name":"wp","href":"https:\/\/api.w.org\/{rel}","templated":true}]}}