{"id":1742,"date":"2023-04-04T12:28:43","date_gmt":"2023-04-04T15:28:43","guid":{"rendered":"https:\/\/www.lpicomercial.com.br\/?post_type=product&#038;p=1742"},"modified":"2023-04-04T12:28:44","modified_gmt":"2023-04-04T15:28:44","slug":"rolamento-lat-cx-satel-ford-f4000-82-vw-680-690-790-7110-difer-albarus","status":"publish","type":"product","link":"https:\/\/ztlrolamentos.com.br\/loja\/produto\/rolamento-lat-cx-satel-ford-f4000-82-vw-680-690-790-7110-difer-albarus\/","title":{"rendered":"ROLAMENTO LAT.CX.SATEL.FORD F4000 82&#8230;\/VW 680\/690\/790\/7110 DIFER. ALBARUS"},"content":{"rendered":"<div class=\"list-item\">\n<p>LPI.PRODUTOS DE QUALIDADE PARA SEU VE\u00cdCULO. LINHA LEVE,PESADA E VANS.<\/p>\n<p><span style=\"color: #00ccff\"><strong>APLICA\u00c7\u00c3O:<\/strong><\/span><br \/>\nAGRALE 6000<br \/>\nAGRALE 7500<br \/>\nAGRALE 7500<br \/>\nAGRALE 8500<br \/>\nAGRALE 9200<br \/>\nAGRALE MA 5000<br \/>\nAGRALE MA 6000<br \/>\nAGRALE MA 7.9<br \/>\nAGRALE MA 8.5<br \/>\nAGRALE MA 8000<br \/>\nAGRALE MA-7.9<br \/>\nAGRALE MA-8.5<br \/>\nAGRALE MA5000<br \/>\nAGRALE MA6000<br \/>\nAGRALE MA8000<br \/>\nFIAT 70<br \/>\nFIAT 80<br \/>\nFORD CARGO 712E<br \/>\nFORD CARGO 814<br \/>\nFORD CARGO 815E<br \/>\nFORD CARGO 915E<br \/>\nIVECO DAILY<br \/>\nIVECO MAXI VAN<br \/>\nVW &#8211; VOLKSWAGEN 8.120<br \/>\nVW &#8211; VOLKSWAGEN 8.140<br \/>\nVW &#8211; VOLKSWAGEN 8.150<br \/>\nVW &#8211; VOLKSWAGEN 9.150<\/p>\n<table class=\"table-style1\">\n<tbody>\n<tr>\n<th>Di\u00e2metro interior (mm)<\/th>\n<th>Di\u00e2metro exterior (mm)<\/th>\n<th>T (mm)<\/th>\n<th>Peso: kg<\/th>\n<\/tr>\n<tr>\n<td class=\"center\">57,15<\/td>\n<td class=\"center\">104,78<\/td>\n<td class=\"center\">30,16<\/td>\n<td class=\"center\">1,03<\/td>\n<\/tr>\n<\/tbody>\n<\/table>\n<\/div>\n<div class=\"list-item\">\n<h3 class=\"main-color\"><strong>Refer\u00eancias<\/strong><\/h3>\n<table class=\"table-style1 \">\n<tbody>\n<tr>\n<th>Marca<\/th>\n<th><\/th>\n<\/tr>\n<tr>\n<td>VALTRA<\/td>\n<td class=\"center\">655662<\/td>\n<\/tr>\n<tr>\n<td>VOLVO<\/td>\n<td class=\"center\">18416<\/td>\n<\/tr>\n<\/tbody>\n<\/table>\n<p><span style=\"color: #00ccff\"><strong>MARCA:<\/strong><\/span> ZTL \u2013 469\/453X<\/p>\n<p><span style=\"color: #00ccff\"><strong>PRODUTO NOVO<\/strong><\/span><\/p>\n<p><strong><span style=\"color: #00ccff\">GARANTIA:<\/span>\u00a0<\/strong>\u00a090 dias ap\u00f3s o recebimento do produto. Todas as garantias s\u00e3o dadas pelos fabricantes, e variam de produto para produto. Para devolu\u00e7\u00f5es, os produtos dever\u00e3o ser remetidos em suas embalagens originais e caso for constatado mal uso, o custo ser\u00e1 por parte do comprador.<\/p>\n<\/div>\n","protected":false},"excerpt":{"rendered":"<p>LPI.PRODUTOS DE QUALIDADE PARA SEU VE\u00cdCULO. LINHA LEVE,PESADA E VANS. APLICA\u00c7\u00c3O: AGRALE 6000 AGRALE 7500 AGRALE 7500 AGRALE 8500 AGRALE 9200 AGRALE MA 5000 AGRALE MA 6000 AGRALE MA 7.9 AGRALE MA 8.5 AGRALE MA 8000 AGRALE MA-7.9 AGRALE MA-8.5 AGRALE MA5000 AGRALE MA6000 AGRALE MA8000 FIAT 70 FIAT 80 FORD CARGO 712E FORD CARGO 814 FORD CARGO 815E FORD CARGO 915E IVECO DAILY IVECO MAXI VAN VW &#8211; VOLKSWAGEN 8.120 VW &#8211; VOLKSWAGEN 8.140 VW &#8211; VOLKSWAGEN 8.150 VW &#8211; VOLKSWAGEN 9.150 Di\u00e2metro interior (mm) Di\u00e2metro exterior (mm) T (mm) Peso: kg 57,15 104,78 30,16 1,03 Refer\u00eancias Marca VALTRA 655662 VOLVO 18416 MARCA: ZTL \u2013 469\/453X PRODUTO NOVO GARANTIA:\u00a0\u00a090&hellip; <a class=\"read-more\" href=\"https:\/\/ztlrolamentos.com.br\/loja\/produto\/rolamento-lat-cx-satel-ford-f4000-82-vw-680-690-790-7110-difer-albarus\/\">Leia Mais<\/a><\/p>\n","protected":false},"featured_media":1743,"comment_status":"open","ping_status":"closed","template":"","meta":{"_joinchat":[]},"product_brand":[],"product_cat":[15],"product_tag":[],"class_list":{"0":"post-1742","1":"product","2":"type-product","3":"status-publish","4":"has-post-thumbnail","6":"product_cat-sem-categoria","8":"first","9":"instock","10":"taxable","11":"shipping-taxable","12":"purchasable","13":"product-type-simple"},"_links":{"self":[{"href":"https:\/\/ztlrolamentos.com.br\/loja\/wp-json\/wp\/v2\/product\/1742","targetHints":{"allow":["GET"]}}],"collection":[{"href":"https:\/\/ztlrolamentos.com.br\/loja\/wp-json\/wp\/v2\/product"}],"about":[{"href":"https:\/\/ztlrolamentos.com.br\/loja\/wp-json\/wp\/v2\/types\/product"}],"replies":[{"embeddable":true,"href":"https:\/\/ztlrolamentos.com.br\/loja\/wp-json\/wp\/v2\/comments?post=1742"}],"wp:featuredmedia":[{"embeddable":true,"href":"https:\/\/ztlrolamentos.com.br\/loja\/wp-json\/wp\/v2\/media\/1743"}],"wp:attachment":[{"href":"https:\/\/ztlrolamentos.com.br\/loja\/wp-json\/wp\/v2\/media?parent=1742"}],"wp:term":[{"taxonomy":"product_brand","embeddable":true,"href":"https:\/\/ztlrolamentos.com.br\/loja\/wp-json\/wp\/v2\/product_brand?post=1742"},{"taxonomy":"product_cat","embeddable":true,"href":"https:\/\/ztlrolamentos.com.br\/loja\/wp-json\/wp\/v2\/product_cat?post=1742"},{"taxonomy":"product_tag","embeddable":true,"href":"https:\/\/ztlrolamentos.com.br\/loja\/wp-json\/wp\/v2\/product_tag?post=1742"}],"curies":[{"name":"wp","href":"https:\/\/api.w.org\/{rel}","templated":true}]}}