{"id":1740,"date":"2023-04-04T11:56:02","date_gmt":"2023-04-04T14:56:02","guid":{"rendered":"https:\/\/www.lpicomercial.com.br\/?post_type=product&#038;p=1740"},"modified":"2023-04-04T11:56:02","modified_gmt":"2023-04-04T14:56:02","slug":"mancal-embregem-ford-c814-f4000-motor-cummins","status":"publish","type":"product","link":"https:\/\/ztlrolamentos.com.br\/loja\/produto\/mancal-embregem-ford-c814-f4000-motor-cummins\/","title":{"rendered":"MANCAL EMBREGEM FORD C814\/F4000 MOTOR CUMMINS"},"content":{"rendered":"<p>LPI.PRODUTOS DE QUALIDADE PARA SEU VE\u00cdCULO. LINHA LEVE,PESADA E VANS.<\/p>\n<p><span style=\"color: #00ccff\"><strong>APLICA\u00c7\u00c3O:<\/strong><\/span><\/p>\n<p>Ford Cargo C 8152016FordCargoC 8152017FordCargoC 8152018FordCargoC 8152019FordCargoC 8152000FordCargoC 8152001FordCargoC 8152002FordCargoC 8152003FordCargoC 8152004FordCargoC 8152005FordCargoC 8152006FordCargoC 8152007FordCargoC 8152008FordCargoC 8152009FordCargoC 8152010FordCargoC 8152011FordCargoC 8152012FordCargoC 8152013FordCargoC 8152014FordCargoC 8152015FordCargoC 8142000FordCargoC 8142001FordCargoC 8141996FordCargoC 8141997FordCargoC 8141998FordCargoC 8141999FordF-4000-1996FordF-4000-1997FordF-4000-1998FordF-4000-1999FordF-4000-2000FordF-4000-2001FordF-4000-2002FordF-4000-2003FordF-4000-2004FordF-4000-2005FordF-4000-2006FordF-4000-2007FordF-4000-2008<\/p>\n<p><strong>MEDIDAS<\/strong><\/p>\n<p>Altura embalagem 84 mm<\/p>\n<p>Comprimento embalagem 122 mm<\/p>\n<p>Largura embalagem122 mm<\/p>\n<p>Peso bruto1,750 Kg<\/p>\n<p>Peso l\u00edquido1,390 Kg<\/p>\n<p><span style=\"color: #00ccff\"><strong>MARCA:<\/strong><\/span> ZTL \u2013 455352<\/p>\n<p><span style=\"color: #00ccff\"><strong>PRODUTO NOVO<\/strong><\/span><\/p>\n<p><strong><span style=\"color: #00ccff\">GARANTIA:<\/span>\u00a0<\/strong>\u00a090 dias ap\u00f3s o recebimento do produto. Todas as garantias s\u00e3o dadas pelos fabricantes, e variam de produto para produto. Para devolu\u00e7\u00f5es, os produtos dever\u00e3o ser remetidos em suas embalagens originais e caso for constatado mal uso, o custo ser\u00e1 por parte do comprador.<\/p>\n","protected":false},"excerpt":{"rendered":"<p>LPI.PRODUTOS DE QUALIDADE PARA SEU VE\u00cdCULO. LINHA LEVE,PESADA E VANS. APLICA\u00c7\u00c3O: Ford Cargo C 8152016FordCargoC 8152017FordCargoC 8152018FordCargoC 8152019FordCargoC 8152000FordCargoC 8152001FordCargoC 8152002FordCargoC 8152003FordCargoC 8152004FordCargoC 8152005FordCargoC 8152006FordCargoC 8152007FordCargoC 8152008FordCargoC 8152009FordCargoC 8152010FordCargoC 8152011FordCargoC 8152012FordCargoC 8152013FordCargoC 8152014FordCargoC 8152015FordCargoC 8142000FordCargoC 8142001FordCargoC 8141996FordCargoC 8141997FordCargoC 8141998FordCargoC 8141999FordF-4000-1996FordF-4000-1997FordF-4000-1998FordF-4000-1999FordF-4000-2000FordF-4000-2001FordF-4000-2002FordF-4000-2003FordF-4000-2004FordF-4000-2005FordF-4000-2006FordF-4000-2007FordF-4000-2008 MEDIDAS Altura embalagem 84 mm Comprimento embalagem 122 mm Largura embalagem122 mm Peso bruto1,750 Kg Peso l\u00edquido1,390 Kg MARCA: ZTL \u2013 455352 PRODUTO NOVO GARANTIA:\u00a0\u00a090 dias ap\u00f3s o recebimento do produto. Todas as garantias s\u00e3o dadas pelos fabricantes, e variam de produto para produto. Para devolu\u00e7\u00f5es, os produtos dever\u00e3o ser remetidos em suas embalagens originais e caso for constatado mal uso, o custo ser\u00e1 por parte do comprador.<\/p>\n","protected":false},"featured_media":1741,"comment_status":"open","ping_status":"closed","template":"","meta":{"_joinchat":[]},"product_brand":[],"product_cat":[15],"product_tag":[],"class_list":{"0":"post-1740","1":"product","2":"type-product","3":"status-publish","4":"has-post-thumbnail","6":"product_cat-sem-categoria","8":"first","9":"instock","10":"taxable","11":"shipping-taxable","12":"purchasable","13":"product-type-simple"},"_links":{"self":[{"href":"https:\/\/ztlrolamentos.com.br\/loja\/wp-json\/wp\/v2\/product\/1740","targetHints":{"allow":["GET"]}}],"collection":[{"href":"https:\/\/ztlrolamentos.com.br\/loja\/wp-json\/wp\/v2\/product"}],"about":[{"href":"https:\/\/ztlrolamentos.com.br\/loja\/wp-json\/wp\/v2\/types\/product"}],"replies":[{"embeddable":true,"href":"https:\/\/ztlrolamentos.com.br\/loja\/wp-json\/wp\/v2\/comments?post=1740"}],"wp:featuredmedia":[{"embeddable":true,"href":"https:\/\/ztlrolamentos.com.br\/loja\/wp-json\/wp\/v2\/media\/1741"}],"wp:attachment":[{"href":"https:\/\/ztlrolamentos.com.br\/loja\/wp-json\/wp\/v2\/media?parent=1740"}],"wp:term":[{"taxonomy":"product_brand","embeddable":true,"href":"https:\/\/ztlrolamentos.com.br\/loja\/wp-json\/wp\/v2\/product_brand?post=1740"},{"taxonomy":"product_cat","embeddable":true,"href":"https:\/\/ztlrolamentos.com.br\/loja\/wp-json\/wp\/v2\/product_cat?post=1740"},{"taxonomy":"product_tag","embeddable":true,"href":"https:\/\/ztlrolamentos.com.br\/loja\/wp-json\/wp\/v2\/product_tag?post=1740"}],"curies":[{"name":"wp","href":"https:\/\/api.w.org\/{rel}","templated":true}]}}