{"id":1737,"date":"2023-04-04T11:38:10","date_gmt":"2023-04-04T14:38:10","guid":{"rendered":"https:\/\/www.lpicomercial.com.br\/?post_type=product&#038;p=1737"},"modified":"2023-04-04T11:38:47","modified_gmt":"2023-04-04T14:38:47","slug":"rolamento-roda-traseira-externo-gm-a-c-d60-11000-1200","status":"publish","type":"product","link":"https:\/\/ztlrolamentos.com.br\/loja\/produto\/rolamento-roda-traseira-externo-gm-a-c-d60-11000-1200\/","title":{"rendered":"ROLAMENTO RODA TRASEIRA EXTERNO GM A\/C\/D60\/11000\/1200"},"content":{"rendered":"<p>LPI.PRODUTOS DE QUALIDADE PARA SEU VE\u00cdCULO. LINHA LEVE,PESADA E VANS.<\/p>\n<p><span style=\"color: #00ccff\"><strong>APLICA\u00c7\u00c3O:<\/strong><\/span><\/p>\n<p>ROLAMENTO RODA TRASEIRA EXTERNO GM A\/C\/D60\/11000\/1200<\/p>\n<p>Dicas<\/p>\n<p>Lado Esquerdo \u00e9 o do Motorista.<\/p>\n<p>Lado Direito \u00e9 o do Passageiro.<\/p>\n<p>&nbsp;<\/p>\n<p>Peso : 2 kg<\/p>\n<p>Altura : 10 cm<\/p>\n<p>Largura : 11 cm<\/p>\n<p>Profundidade : 20 cm<\/p>\n<p><span style=\"color: #00ccff\"><strong>MARCA:<\/strong><\/span> ZTL \u2013 39585\/20<\/p>\n<p><span style=\"color: #00ccff\"><strong>PRODUTO NOVO<\/strong><\/span><\/p>\n<p><strong><span style=\"color: #00ccff\">GARANTIA:<\/span>\u00a0<\/strong>\u00a090 dias ap\u00f3s o recebimento do produto. Todas as garantias s\u00e3o dadas pelos fabricantes, e variam de produto para produto. Para devolu\u00e7\u00f5es, os produtos dever\u00e3o ser remetidos em suas embalagens originais e caso for constatado mal uso, o custo ser\u00e1 por parte do comprador.<\/p>\n","protected":false},"excerpt":{"rendered":"<p>LPI.PRODUTOS DE QUALIDADE PARA SEU VE\u00cdCULO. LINHA LEVE,PESADA E VANS. APLICA\u00c7\u00c3O: ROLAMENTO RODA TRASEIRA EXTERNO GM A\/C\/D60\/11000\/1200 Dicas Lado Esquerdo \u00e9 o do Motorista. Lado Direito \u00e9 o do Passageiro. &nbsp; Peso : 2 kg Altura : 10 cm Largura : 11 cm Profundidade : 20 cm MARCA: ZTL \u2013 39585\/20 PRODUTO NOVO GARANTIA:\u00a0\u00a090 dias ap\u00f3s o recebimento do produto. Todas as garantias s\u00e3o dadas pelos fabricantes, e variam de produto para produto. Para devolu\u00e7\u00f5es, os produtos dever\u00e3o ser remetidos em suas embalagens originais e caso for constatado mal uso, o custo ser\u00e1 por parte do comprador.<\/p>\n","protected":false},"featured_media":1738,"comment_status":"open","ping_status":"closed","template":"","meta":{"_joinchat":[]},"product_brand":[],"product_cat":[15],"product_tag":[],"class_list":{"0":"post-1737","1":"product","2":"type-product","3":"status-publish","4":"has-post-thumbnail","6":"product_cat-sem-categoria","8":"first","9":"instock","10":"taxable","11":"shipping-taxable","12":"purchasable","13":"product-type-simple"},"_links":{"self":[{"href":"https:\/\/ztlrolamentos.com.br\/loja\/wp-json\/wp\/v2\/product\/1737","targetHints":{"allow":["GET"]}}],"collection":[{"href":"https:\/\/ztlrolamentos.com.br\/loja\/wp-json\/wp\/v2\/product"}],"about":[{"href":"https:\/\/ztlrolamentos.com.br\/loja\/wp-json\/wp\/v2\/types\/product"}],"replies":[{"embeddable":true,"href":"https:\/\/ztlrolamentos.com.br\/loja\/wp-json\/wp\/v2\/comments?post=1737"}],"wp:featuredmedia":[{"embeddable":true,"href":"https:\/\/ztlrolamentos.com.br\/loja\/wp-json\/wp\/v2\/media\/1738"}],"wp:attachment":[{"href":"https:\/\/ztlrolamentos.com.br\/loja\/wp-json\/wp\/v2\/media?parent=1737"}],"wp:term":[{"taxonomy":"product_brand","embeddable":true,"href":"https:\/\/ztlrolamentos.com.br\/loja\/wp-json\/wp\/v2\/product_brand?post=1737"},{"taxonomy":"product_cat","embeddable":true,"href":"https:\/\/ztlrolamentos.com.br\/loja\/wp-json\/wp\/v2\/product_cat?post=1737"},{"taxonomy":"product_tag","embeddable":true,"href":"https:\/\/ztlrolamentos.com.br\/loja\/wp-json\/wp\/v2\/product_tag?post=1737"}],"curies":[{"name":"wp","href":"https:\/\/api.w.org\/{rel}","templated":true}]}}