{"id":1719,"date":"2023-04-04T09:46:58","date_gmt":"2023-04-04T12:46:58","guid":{"rendered":"https:\/\/www.lpicomercial.com.br\/?post_type=product&#038;p=1719"},"modified":"2023-04-04T09:46:58","modified_gmt":"2023-04-04T12:46:58","slug":"rolamento-roda-dianteira-ford-volvo-633966","status":"publish","type":"product","link":"https:\/\/ztlrolamentos.com.br\/loja\/produto\/rolamento-roda-dianteira-ford-volvo-633966\/","title":{"rendered":"ROLAMENTO RODA DIANTEIRA FORD\/VOLVO 633966"},"content":{"rendered":"<div class=\"sc-hLBbgP fWYvOg sc-hsZwpi cIBBIV\" data-testid=\"product-detail\">\n<p>LPI.PRODUTOS DE QUALIDADE PARA SEU VE\u00cdCULO. LINHA LEVE,PESADA E VANS.<\/p>\n<p><span style=\"color: #00ccff\"><strong>APLICA\u00c7\u00c3O:<\/strong><\/span><\/p>\n<h2 data-testid=\"product-detail-label\">\u00a0<strong><span style=\"color: #323b44;font-family: 'Open Sans', Helvetica, Arial, Verdana, sans-serif;font-size: 14px\">Rolamento Roda Diant. Ford \/ Volvo \/ Mercury 633966<\/span><\/strong><\/h2>\n<h5 data-testid=\"product-detail-label\">Rolamento roda Dianteira | Ford, Volvo.Aplica com CR111Ford Contour &#8211; Ano:1995 \/2000Ford Escape &#8211; Ano: 2001Ford Mondeo &#8211; Ano: 1993 \/ 2001Mazda Tribute &#8211; Ano: 2001Mercury Cougar &#8211; Ano: 1999\/ 2002Mercury Mariner &#8211; Ano: 2005Mercury Mystique &#8211; Ano: 1995\/2000Volvo S40 &#8211; Ano: 2000 \/ 2004Volvo V40 &#8211; Ano: 2000\/ 2004MEDIDAS:Interno: 40,0 mmExterno: 75,0 mmAltura: 37,0 mm<\/h5>\n<div class=\"sc-hLBbgP eodrha sc-dASMHb dGELHv\" data-testid=\"product-detail-description\">\n<div class=\"sc-hLBbgP gcxrmT sc-cxZDOJ kXmSoJ\" data-testid=\"rich-content-container\"><strong>Marca:<\/strong> ZTL 633966<\/div>\n<div data-testid=\"rich-content-container\">\n<p>&nbsp;<\/p>\n<p><span style=\"color: #00ccff\"><strong>PRODUTO NOVO<\/strong><\/span><\/p>\n<p><strong><span style=\"color: #00ccff\">GARANTIA:<\/span>\u00a0<\/strong>\u00a090 dias ap\u00f3s o recebimento do produto. Todas as garantias s\u00e3o dadas pelos fabricantes, e variam de produto para produto. Para devolu\u00e7\u00f5es, os produtos dever\u00e3o ser remetidos em suas embalagens originais e caso for constatado mal uso, o custo ser\u00e1 por parte do comprador.<\/p>\n<\/div>\n<\/div>\n<\/div>\n","protected":false},"excerpt":{"rendered":"<p>LPI.PRODUTOS DE QUALIDADE PARA SEU VE\u00cdCULO. LINHA LEVE,PESADA E VANS. APLICA\u00c7\u00c3O: \u00a0Rolamento Roda Diant. Ford \/ Volvo \/ Mercury 633966 Rolamento roda Dianteira | Ford, Volvo.Aplica com CR111Ford Contour &#8211; Ano:1995 \/2000Ford Escape &#8211; Ano: 2001Ford Mondeo &#8211; Ano: 1993 \/ 2001Mazda Tribute &#8211; Ano: 2001Mercury Cougar &#8211; Ano: 1999\/ 2002Mercury Mariner &#8211; Ano: 2005Mercury Mystique &#8211; Ano: 1995\/2000Volvo S40 &#8211; Ano: 2000 \/ 2004Volvo V40 &#8211; Ano: 2000\/ 2004MEDIDAS:Interno: 40,0 mmExterno: 75,0 mmAltura: 37,0 mm Marca: ZTL 633966 &nbsp; PRODUTO NOVO GARANTIA:\u00a0\u00a090 dias ap\u00f3s o recebimento do produto. Todas as garantias s\u00e3o dadas pelos fabricantes, e variam de produto para produto. Para devolu\u00e7\u00f5es, os produtos dever\u00e3o ser remetidos em&hellip; <a class=\"read-more\" href=\"https:\/\/ztlrolamentos.com.br\/loja\/produto\/rolamento-roda-dianteira-ford-volvo-633966\/\">Leia Mais<\/a><\/p>\n","protected":false},"featured_media":1720,"comment_status":"open","ping_status":"closed","template":"","meta":{"_joinchat":[]},"product_brand":[],"product_cat":[15],"product_tag":[],"class_list":{"0":"post-1719","1":"product","2":"type-product","3":"status-publish","4":"has-post-thumbnail","6":"product_cat-sem-categoria","8":"first","9":"instock","10":"taxable","11":"shipping-taxable","12":"purchasable","13":"product-type-simple"},"_links":{"self":[{"href":"https:\/\/ztlrolamentos.com.br\/loja\/wp-json\/wp\/v2\/product\/1719","targetHints":{"allow":["GET"]}}],"collection":[{"href":"https:\/\/ztlrolamentos.com.br\/loja\/wp-json\/wp\/v2\/product"}],"about":[{"href":"https:\/\/ztlrolamentos.com.br\/loja\/wp-json\/wp\/v2\/types\/product"}],"replies":[{"embeddable":true,"href":"https:\/\/ztlrolamentos.com.br\/loja\/wp-json\/wp\/v2\/comments?post=1719"}],"wp:featuredmedia":[{"embeddable":true,"href":"https:\/\/ztlrolamentos.com.br\/loja\/wp-json\/wp\/v2\/media\/1720"}],"wp:attachment":[{"href":"https:\/\/ztlrolamentos.com.br\/loja\/wp-json\/wp\/v2\/media?parent=1719"}],"wp:term":[{"taxonomy":"product_brand","embeddable":true,"href":"https:\/\/ztlrolamentos.com.br\/loja\/wp-json\/wp\/v2\/product_brand?post=1719"},{"taxonomy":"product_cat","embeddable":true,"href":"https:\/\/ztlrolamentos.com.br\/loja\/wp-json\/wp\/v2\/product_cat?post=1719"},{"taxonomy":"product_tag","embeddable":true,"href":"https:\/\/ztlrolamentos.com.br\/loja\/wp-json\/wp\/v2\/product_tag?post=1719"}],"curies":[{"name":"wp","href":"https:\/\/api.w.org\/{rel}","templated":true}]}}