{"id":1716,"date":"2023-04-04T09:32:58","date_gmt":"2023-04-04T12:32:58","guid":{"rendered":"https:\/\/www.lpicomercial.com.br\/?post_type=product&#038;p=1716"},"modified":"2023-04-04T09:35:05","modified_gmt":"2023-04-04T12:35:05","slug":"rolamento-6228-rigido-de-esfera","status":"publish","type":"product","link":"https:\/\/ztlrolamentos.com.br\/loja\/produto\/rolamento-6228-rigido-de-esfera\/","title":{"rendered":"ROLAMENTO 6228 RIGIDO DE ESFERA"},"content":{"rendered":"<div>\n<p>LPI.PRODUTOS DE QUALIDADE PARA SEU VE\u00cdCULO. LINHA LEVE,PESADA E VANS.<\/p>\n<p><span style=\"color: #00ccff\"><strong>APLICA\u00c7\u00c3O:<\/strong><\/span><\/p>\n<\/div>\n<div><\/div>\n<div class=\"title\"><span class=\"category\">Rolamento r\u00edgido de esferas<\/span><\/div>\n<p><span class=\"long-description\">Os rolamentos r\u00edgidos de esferas de uma carreira s\u00e3o particularmente vers\u00e1teis, possuem baixo atrito e s\u00e3o otimizados para baixo ru\u00eddo e baixa vibra\u00e7\u00e3o, o que permite uma alta velocidade de rota\u00e7\u00e3o. Eles suportam cargas radiais e axiais em ambas as dire\u00e7\u00f5es, s\u00e3o f\u00e1ceis de montar e requerem menos manuten\u00e7\u00e3o do que muitos outros tipos de rolamentos.<\/span><\/p>\n<ul class=\"benefits\">\n<li>Modelo simples, vers\u00e1til e robusto<\/li>\n<li>Baixo atrito<\/li>\n<li>Capacidade de alta velocidade<\/li>\n<li>Suporta cargas radiais e axiais em ambas as dire\u00e7\u00f5es<\/li>\n<li>Requer pouca manuten\u00e7\u00e3o.<\/li>\n<li><span style=\"color: #00ccff\"><strong>MARCA:<\/strong><\/span> ZTL \u2013 6228<\/li>\n<li>\n<div class=\"product-information col-sm-12 col-md-6\">\n<h3 class=\"category-name\">Dimens\u00f5es<\/h3>\n<table class=\"table\" aria-describedby=\"Dimens\u00f5es\">\n<tbody>\n<tr>\n<td class=\"feature-name\"><span class=\"name\">Di\u00e2metro do furo<\/span><\/td>\n<td class=\"feature-value value-no-wrap\"><span class=\"value\">140<\/span><span class=\"unit\">\u00a0mm<\/span><\/td>\n<\/tr>\n<tr>\n<td class=\"feature-name\"><span class=\"name\">Di\u00e2metro externo<\/span><\/td>\n<td class=\"feature-value value-no-wrap\"><span class=\"value\">250<\/span><span class=\"unit\">\u00a0mm<\/span><\/td>\n<\/tr>\n<tr>\n<td class=\"feature-name\"><span class=\"name\">Largura<\/span><\/td>\n<td class=\"feature-value value-no-wrap\"><span class=\"value\">42<\/span><span class=\"unit\">\u00a0mm<\/span><\/td>\n<\/tr>\n<\/tbody>\n<\/table>\n<\/div>\n<div class=\"product-information col-sm-12 col-md-6\">\n<h3 class=\"category-name\">Desempenho<\/h3>\n<table class=\"table\" aria-describedby=\"Desempenho\">\n<tbody>\n<tr>\n<td class=\"feature-name\"><span class=\"name\">Classifica\u00e7\u00e3o de carga din\u00e2mica b\u00e1sica<\/span><\/td>\n<td class=\"feature-value value-no-wrap\"><span class=\"value\">165<\/span><span class=\"unit\">\u00a0kN<\/span><\/td>\n<\/tr>\n<tr>\n<td class=\"feature-name\"><span class=\"name\">Classifica\u00e7\u00e3o de carga est\u00e1tica b\u00e1sica<\/span><\/td>\n<td class=\"feature-value value-no-wrap\"><span class=\"value\">150<\/span><span class=\"unit\">\u00a0kN<\/span><\/td>\n<\/tr>\n<tr>\n<td class=\"feature-name\"><span class=\"name\">Velocidade de refer\u00eancia<\/span><\/td>\n<td class=\"feature-value value-no-wrap\"><span class=\"value\">5 300<\/span><span class=\"unit\">\u00a0r\/min<\/span><\/td>\n<\/tr>\n<tr>\n<td class=\"feature-name\"><span class=\"name\">Velocidade-limite<\/span><\/td>\n<td class=\"feature-value value-no-wrap\"><span class=\"value\">3 400<\/span><span class=\"unit\">\u00a0r\/min<\/span><\/td>\n<\/tr>\n<\/tbody>\n<\/table>\n<\/div>\n<\/li>\n<li><span style=\"color: #00ccff\"><strong>PRODUTO NOVO<\/strong><\/span><strong><span style=\"color: #00ccff\">GARANTIA:<\/span>\u00a0<\/strong>\u00a090 dias ap\u00f3s o recebimento do produto. Todas as garantias s\u00e3o dadas pelos fabricantes, e variam de produto para produto. Para devolu\u00e7\u00f5es, os produtos dever\u00e3o ser remetidos em suas embalagens originais e caso for constatado mal uso, o custo ser\u00e1 por parte do comprador.<\/li>\n<\/ul>\n","protected":false},"excerpt":{"rendered":"<p>LPI.PRODUTOS DE QUALIDADE PARA SEU VE\u00cdCULO. LINHA LEVE,PESADA E VANS. APLICA\u00c7\u00c3O: Rolamento r\u00edgido de esferas Os rolamentos r\u00edgidos de esferas de uma carreira s\u00e3o particularmente vers\u00e1teis, possuem baixo atrito e s\u00e3o otimizados para baixo ru\u00eddo e baixa vibra\u00e7\u00e3o, o que permite uma alta velocidade de rota\u00e7\u00e3o. Eles suportam cargas radiais e axiais em ambas as dire\u00e7\u00f5es, s\u00e3o f\u00e1ceis de montar e requerem menos manuten\u00e7\u00e3o do que muitos outros tipos de rolamentos. Modelo simples, vers\u00e1til e robusto Baixo atrito Capacidade de alta velocidade Suporta cargas radiais e axiais em ambas as dire\u00e7\u00f5es Requer pouca manuten\u00e7\u00e3o. MARCA: ZTL \u2013 6228 Dimens\u00f5es Di\u00e2metro do furo 140\u00a0mm Di\u00e2metro externo 250\u00a0mm Largura 42\u00a0mm Desempenho Classifica\u00e7\u00e3o&hellip; <a class=\"read-more\" href=\"https:\/\/ztlrolamentos.com.br\/loja\/produto\/rolamento-6228-rigido-de-esfera\/\">Leia Mais<\/a><\/p>\n","protected":false},"featured_media":1717,"comment_status":"open","ping_status":"closed","template":"","meta":{"_joinchat":[]},"product_brand":[],"product_cat":[15],"product_tag":[],"class_list":{"0":"post-1716","1":"product","2":"type-product","3":"status-publish","4":"has-post-thumbnail","6":"product_cat-sem-categoria","8":"first","9":"instock","10":"taxable","11":"shipping-taxable","12":"purchasable","13":"product-type-simple"},"_links":{"self":[{"href":"https:\/\/ztlrolamentos.com.br\/loja\/wp-json\/wp\/v2\/product\/1716","targetHints":{"allow":["GET"]}}],"collection":[{"href":"https:\/\/ztlrolamentos.com.br\/loja\/wp-json\/wp\/v2\/product"}],"about":[{"href":"https:\/\/ztlrolamentos.com.br\/loja\/wp-json\/wp\/v2\/types\/product"}],"replies":[{"embeddable":true,"href":"https:\/\/ztlrolamentos.com.br\/loja\/wp-json\/wp\/v2\/comments?post=1716"}],"wp:featuredmedia":[{"embeddable":true,"href":"https:\/\/ztlrolamentos.com.br\/loja\/wp-json\/wp\/v2\/media\/1717"}],"wp:attachment":[{"href":"https:\/\/ztlrolamentos.com.br\/loja\/wp-json\/wp\/v2\/media?parent=1716"}],"wp:term":[{"taxonomy":"product_brand","embeddable":true,"href":"https:\/\/ztlrolamentos.com.br\/loja\/wp-json\/wp\/v2\/product_brand?post=1716"},{"taxonomy":"product_cat","embeddable":true,"href":"https:\/\/ztlrolamentos.com.br\/loja\/wp-json\/wp\/v2\/product_cat?post=1716"},{"taxonomy":"product_tag","embeddable":true,"href":"https:\/\/ztlrolamentos.com.br\/loja\/wp-json\/wp\/v2\/product_tag?post=1716"}],"curies":[{"name":"wp","href":"https:\/\/api.w.org\/{rel}","templated":true}]}}