{"id":1713,"date":"2023-04-04T09:20:52","date_gmt":"2023-04-04T12:20:52","guid":{"rendered":"https:\/\/www.lpicomercial.com.br\/?post_type=product&#038;p=1713"},"modified":"2023-04-04T09:20:52","modified_gmt":"2023-04-04T12:20:52","slug":"rolamento-6915zz-rigido-de-esferas-75x105x16","status":"publish","type":"product","link":"https:\/\/ztlrolamentos.com.br\/loja\/produto\/rolamento-6915zz-rigido-de-esferas-75x105x16\/","title":{"rendered":"ROLAMENTO 6915ZZ  R\u00cdGIDO DE ESFERAS 75X105X16"},"content":{"rendered":"<p>LPI.PRODUTOS DE QUALIDADE PARA SEU VE\u00cdCULO. LINHA LEVE,PESADA E VANS.<\/p>\n<p>&nbsp;<\/p>\n<p><strong>Aplica\u00e7\u00f5es:<\/strong><\/p>\n<table class=\"table table-bordered table-condensed\">\n<tbody>\n<tr>\n<td class=\"active\" width=\"40%\"><strong class=\"bold\">Peso<\/strong><\/td>\n<td>0,36 kg<\/td>\n<\/tr>\n<tr>\n<td class=\"active\"><strong class=\"bold\">Categoria<\/strong><\/td>\n<td><a href=\"https:\/\/loja.rolibras.com.br\/categoria-produto\/rolamentos-de-esferas\/\">Rolamento de Esferas<\/a><\/td>\n<\/tr>\n<tr>\n<td class=\"active\"><strong class=\"bold\">Segmento<\/strong><\/td>\n<td>Rolamentos<\/td>\n<\/tr>\n<tr>\n<td class=\"active\"><strong class=\"bold\">Embalagem<\/strong><\/td>\n<td>Industrial<\/td>\n<\/tr>\n<\/tbody>\n<\/table>\n<p>&nbsp;<\/p>\n<p><strong>Medidas<\/strong><\/p>\n<table class=\"table table-bordered table-condensed\">\n<tbody>\n<tr>\n<td class=\"active\" width=\"80%\"><strong class=\"bold\">d (Di\u00e2metro interno)<\/strong><\/td>\n<td align=\"center\">1905<\/td>\n<\/tr>\n<tr>\n<td class=\"active\" width=\"20%\"><strong class=\"bold\">D (Di\u00e2metro externo)<\/strong><\/td>\n<td align=\"center\">2667<\/td>\n<\/tr>\n<tr>\n<td class=\"active\" width=\"20%\"><strong class=\"bold\">B (Largura)<\/strong><\/td>\n<td align=\"center\">406,4<\/td>\n<\/tr>\n<\/tbody>\n<\/table>\n<p><strong>Marca<\/strong> :ZTL-6915ZZ<\/p>\n<p>Medidas:<\/p>\n<p>Interna: 75 Externa: 105 Altura: 16<\/p>\n<p>Nomenclaturas de Rolamentos:<\/p>\n<p>ZZ = Blindagem de A\u00e7o em ambos os lados \/ Z = Blindagem de A\u00e7o em um lado<\/p>\n<p>DDU ou 2RS = Veda\u00e7\u00e3o de Borracha em ambos os lados \/ DU ou RS = Veda\u00e7\u00e3o de Borracha em um lado<\/p>\n<p>C3 ou C4 = Folga interna no rolamento entre as esferas e o anel externo<\/p>\n<p>K = C\u00f4nico &#8211; precisa de bucha<\/p>\n<p>NJ = Anel interno sai de um lado \/ NU = Anel interno sai de ambos os lados<\/p>\n<p><span style=\"color: #00ccff\"><strong>PRODUTO NOVO<\/strong><\/span><\/p>\n<p><strong><span style=\"color: #00ccff\">GARANTIA:<\/span>\u00a0<\/strong>\u00a090 dias ap\u00f3s o recebimento do produto. Todas as garantias s\u00e3o dadas pelos fabricantes, e variam de produto para produto. Para devolu\u00e7\u00f5es, os produtos dever\u00e3o ser remetidos em suas embalagens originais e caso for constatado mal uso, o custo ser\u00e1 por parte do comprador.<\/p>\n","protected":false},"excerpt":{"rendered":"<p>LPI.PRODUTOS DE QUALIDADE PARA SEU VE\u00cdCULO. LINHA LEVE,PESADA E VANS. &nbsp; Aplica\u00e7\u00f5es: Peso 0,36 kg Categoria Rolamento de Esferas Segmento Rolamentos Embalagem Industrial &nbsp; Medidas d (Di\u00e2metro interno) 1905 D (Di\u00e2metro externo) 2667 B (Largura) 406,4 Marca :ZTL-6915ZZ Medidas: Interna: 75 Externa: 105 Altura: 16 Nomenclaturas de Rolamentos: ZZ = Blindagem de A\u00e7o em ambos os lados \/ Z = Blindagem de A\u00e7o em um lado DDU ou 2RS = Veda\u00e7\u00e3o de Borracha em ambos os lados \/ DU ou RS = Veda\u00e7\u00e3o de Borracha em um lado C3 ou C4 = Folga interna no rolamento entre as esferas e o anel externo K = C\u00f4nico &#8211; precisa de bucha&hellip; <a class=\"read-more\" href=\"https:\/\/ztlrolamentos.com.br\/loja\/produto\/rolamento-6915zz-rigido-de-esferas-75x105x16\/\">Leia Mais<\/a><\/p>\n","protected":false},"featured_media":1714,"comment_status":"open","ping_status":"closed","template":"","meta":{"_joinchat":[]},"product_brand":[],"product_cat":[15],"product_tag":[],"class_list":{"0":"post-1713","1":"product","2":"type-product","3":"status-publish","4":"has-post-thumbnail","6":"product_cat-sem-categoria","8":"first","9":"instock","10":"taxable","11":"shipping-taxable","12":"purchasable","13":"product-type-simple"},"_links":{"self":[{"href":"https:\/\/ztlrolamentos.com.br\/loja\/wp-json\/wp\/v2\/product\/1713","targetHints":{"allow":["GET"]}}],"collection":[{"href":"https:\/\/ztlrolamentos.com.br\/loja\/wp-json\/wp\/v2\/product"}],"about":[{"href":"https:\/\/ztlrolamentos.com.br\/loja\/wp-json\/wp\/v2\/types\/product"}],"replies":[{"embeddable":true,"href":"https:\/\/ztlrolamentos.com.br\/loja\/wp-json\/wp\/v2\/comments?post=1713"}],"wp:featuredmedia":[{"embeddable":true,"href":"https:\/\/ztlrolamentos.com.br\/loja\/wp-json\/wp\/v2\/media\/1714"}],"wp:attachment":[{"href":"https:\/\/ztlrolamentos.com.br\/loja\/wp-json\/wp\/v2\/media?parent=1713"}],"wp:term":[{"taxonomy":"product_brand","embeddable":true,"href":"https:\/\/ztlrolamentos.com.br\/loja\/wp-json\/wp\/v2\/product_brand?post=1713"},{"taxonomy":"product_cat","embeddable":true,"href":"https:\/\/ztlrolamentos.com.br\/loja\/wp-json\/wp\/v2\/product_cat?post=1713"},{"taxonomy":"product_tag","embeddable":true,"href":"https:\/\/ztlrolamentos.com.br\/loja\/wp-json\/wp\/v2\/product_tag?post=1713"}],"curies":[{"name":"wp","href":"https:\/\/api.w.org\/{rel}","templated":true}]}}