{"id":1675,"date":"2023-02-28T16:34:38","date_gmt":"2023-02-28T19:34:38","guid":{"rendered":"https:\/\/www.lpicomercial.com.br\/?post_type=product&#038;p=1675"},"modified":"2023-02-28T16:34:38","modified_gmt":"2023-02-28T19:34:38","slug":"rolamento-pinhao-mb1317-1418-1518-1618-mod","status":"publish","type":"product","link":"https:\/\/ztlrolamentos.com.br\/loja\/produto\/rolamento-pinhao-mb1317-1418-1518-1618-mod\/","title":{"rendered":"Rolamento pinhao MB1317\/1418\/1518\/1618 Mod."},"content":{"rendered":"<p>LPI.PRODUTOS DE QUALIDADE PARA SEU VE\u00cdCULO. LINHA LEVE,PESADA E VANS.<\/p>\n<p style=\"text-align: left\"><span style=\"color: #00ccff\"><strong>APLICA\u00c7\u00c3O:<\/strong><\/span><\/p>\n<p>MERCEDES 1111 L, LA, LAK, LAS, LK, LS<br \/>\n1113 L, LA, LAK, LAS, LK, LP, LS, 1113 LP, LPO, OF, OH &#8211; \u00d4nibus, 1114 L, LK, 1114 LP, LPO &#8211; \u00d4nibus, 1115 OF \u00d4nibus, 1116 L, LA, LAK, LAS, LB, LK, LS, 1118 L, LK, 1118 LP, LPO \u2013 \u00d4nibus<br \/>\n1214, 1214 C, 1214 K, 1215 C, 1215, L, LA, LK, OF, 1218, 1218R<br \/>\n1313 L, LA, LAK, LB, LK, LS, 1313 OF, OH, 1314 L, LA, LAK, LB, LK, LS, 1314 OF, OH, 1315 OF, OH1316 L, LA, LAK, LAS, LB, LK, LS, 1316 OF, OH, 1317 L, LA, LAK, LK, LS, 1317 OF, OH, 1318 L, LA, LAK, LK, LS, 1318 OF, OH 1319 L, 1316 OHL, 1316 G, OH, OHL, 1318 E OF, 1319 OF, OH, 1320 OF, OH, OHL<br \/>\n1414 L, LA, LAK, LK, K, 1416 K, L\/LK, LA, LAK, 1417 OF, OH, 1418 OF , OH, E, L,LA,LAK, 1419 L, LK, LS, OH, OF, 1420 L, LK, LS, OH, 1421 OH, OF, 1422 C EL, 1414, 1418 ATEGO, 1418 K R, 1418 R L, 1418 LK, 1418 R LK, 1419 OH, 1420 OHL, 1421 OMC OHL, 1421 L OH<\/p>\n<p>ROLAMENTO TRANSMISS\u00c3O DIFERENCIAL 562830<br \/>\nC\u00f3digo pe\u00e7a: 562830-20<\/p>\n<p>Similares: 562830-20<br \/>\nInterno: 684314<\/p>\n<p><span style=\"color: #00ccff\"><strong>MARCA:<\/strong><\/span> ZTL \u2013562830<\/p>\n<p><strong style=\"color: #00ccff\">PRODUTO NOVO<\/strong><\/p>\n<p><strong><span style=\"color: #00ccff\">GARANTIA:<\/span>\u00a0<\/strong>\u00a090 dias ap\u00f3s o recebimento do produto. Todas as garantias s\u00e3o dadas pelos fabricantes, e variam de produto para produto. Para devolu\u00e7\u00f5es, os produtos dever\u00e3o ser remetidos em suas embalagens originais e caso for constatado mal uso, o custo ser\u00e1 por parte do comprador.<\/p>\n","protected":false},"excerpt":{"rendered":"<p>LPI.PRODUTOS DE QUALIDADE PARA SEU VE\u00cdCULO. LINHA LEVE,PESADA E VANS. APLICA\u00c7\u00c3O: MERCEDES 1111 L, LA, LAK, LAS, LK, LS 1113 L, LA, LAK, LAS, LK, LP, LS, 1113 LP, LPO, OF, OH &#8211; \u00d4nibus, 1114 L, LK, 1114 LP, LPO &#8211; \u00d4nibus, 1115 OF \u00d4nibus, 1116 L, LA, LAK, LAS, LB, LK, LS, 1118 L, LK, 1118 LP, LPO \u2013 \u00d4nibus 1214, 1214 C, 1214 K, 1215 C, 1215, L, LA, LK, OF, 1218, 1218R 1313 L, LA, LAK, LB, LK, LS, 1313 OF, OH, 1314 L, LA, LAK, LB, LK, LS, 1314 OF, OH, 1315 OF, OH1316 L, LA, LAK, LAS, LB, LK, LS, 1316 OF, OH, 1317 L,&hellip; <a class=\"read-more\" href=\"https:\/\/ztlrolamentos.com.br\/loja\/produto\/rolamento-pinhao-mb1317-1418-1518-1618-mod\/\">Leia Mais<\/a><\/p>\n","protected":false},"featured_media":1677,"comment_status":"open","ping_status":"closed","template":"","meta":{"_joinchat":[]},"product_brand":[],"product_cat":[15],"product_tag":[],"class_list":{"0":"post-1675","1":"product","2":"type-product","3":"status-publish","4":"has-post-thumbnail","6":"product_cat-sem-categoria","8":"first","9":"instock","10":"taxable","11":"shipping-taxable","12":"purchasable","13":"product-type-simple"},"_links":{"self":[{"href":"https:\/\/ztlrolamentos.com.br\/loja\/wp-json\/wp\/v2\/product\/1675","targetHints":{"allow":["GET"]}}],"collection":[{"href":"https:\/\/ztlrolamentos.com.br\/loja\/wp-json\/wp\/v2\/product"}],"about":[{"href":"https:\/\/ztlrolamentos.com.br\/loja\/wp-json\/wp\/v2\/types\/product"}],"replies":[{"embeddable":true,"href":"https:\/\/ztlrolamentos.com.br\/loja\/wp-json\/wp\/v2\/comments?post=1675"}],"wp:featuredmedia":[{"embeddable":true,"href":"https:\/\/ztlrolamentos.com.br\/loja\/wp-json\/wp\/v2\/media\/1677"}],"wp:attachment":[{"href":"https:\/\/ztlrolamentos.com.br\/loja\/wp-json\/wp\/v2\/media?parent=1675"}],"wp:term":[{"taxonomy":"product_brand","embeddable":true,"href":"https:\/\/ztlrolamentos.com.br\/loja\/wp-json\/wp\/v2\/product_brand?post=1675"},{"taxonomy":"product_cat","embeddable":true,"href":"https:\/\/ztlrolamentos.com.br\/loja\/wp-json\/wp\/v2\/product_cat?post=1675"},{"taxonomy":"product_tag","embeddable":true,"href":"https:\/\/ztlrolamentos.com.br\/loja\/wp-json\/wp\/v2\/product_tag?post=1675"}],"curies":[{"name":"wp","href":"https:\/\/api.w.org\/{rel}","templated":true}]}}