{"id":1642,"date":"2023-02-28T14:54:05","date_gmt":"2023-02-28T17:54:05","guid":{"rendered":"https:\/\/www.lpicomercial.com.br\/?post_type=product&#038;p=1642"},"modified":"2023-02-28T14:54:05","modified_gmt":"2023-02-28T17:54:05","slug":"rolamento-pinhao-eixo-44-ford-f100-1000-gm-a-c-d20-88-90-tras-eixo-albarus","status":"publish","type":"product","link":"https:\/\/ztlrolamentos.com.br\/loja\/produto\/rolamento-pinhao-eixo-44-ford-f100-1000-gm-a-c-d20-88-90-tras-eixo-albarus\/","title":{"rendered":"ROLAMENTO PINH\u00c3O EIXO 44 FORD F100\/1000\/GM A\/C\/D20 88\/90 TRAS.EIXO ALBARUS"},"content":{"rendered":"<p>LPI.PRODUTOS DE QUALIDADE PARA SEU VE\u00cdCULO. LINHA LEVE,PESADA E VANS.<\/p>\n<p style=\"text-align: left\"><span style=\"color: #00ccff\"><strong>APLICA\u00c7\u00c3O:<\/strong><\/span><\/p>\n<p>ROLAMENTO DIFERENCIAL PINHAO TRASEIRO EIXO DIANTEIRO\/TRASEIRO<\/p>\n<p>AGRALE 13000<br \/>\nAGRALE MA 12<br \/>\nAGRALE MA 15<br \/>\nAGRALE MA-12<br \/>\nAGRALE MA-15<br \/>\nAGRALE MARRUA<br \/>\nFORD CARGO 1615T<br \/>\nFORD CARGO 1415<br \/>\nFORD CARGO 1422<br \/>\nFORD CARGO 1517<br \/>\nFORD CARGO 1615<br \/>\nFORD CARGO 1615T<br \/>\nFORD CARGO 1617<br \/>\nFORD CARGO 1618<br \/>\nFORD CARGO 1618T<br \/>\nFORD CARGO 1619<br \/>\nFORD CARGO 1622<br \/>\nFORD CARGO 1722<br \/>\nFORD CARGO 2216<br \/>\nFORD CARGO 2217<br \/>\nFORD CARGO 2218<br \/>\nFORD CARGO 2218T<br \/>\nFORD CARGO 2319<br \/>\nFORD CARGO 2322<br \/>\nFORD CARGO 2324<br \/>\nFORD CARGO 2422<br \/>\nFORD CARGO 2428<br \/>\nFORD CARGO 3224<br \/>\nFORD CARGO 3530<br \/>\nFORD F-100 at\u00e9 1987<br \/>\nFORD F-1000 at\u00e9 1989<br \/>\nFORD GALAXIE<br \/>\nFORD LANDAU<br \/>\nFORD MAVERICK<br \/>\nFORD RANGER a partir de 2001<br \/>\nGM &#8211; CHEVROLET A-20<br \/>\nGM &#8211; CHEVROLET BLAZER<br \/>\nGM &#8211; CHEVROLET BONANZA<br \/>\nGM &#8211; CHEVROLET C-20<br \/>\nGM &#8211; CHEVROLET D-20<br \/>\nGM &#8211; CHEVROLET S-10<br \/>\nGM &#8211; CHEVROLET SILVERADO<br \/>\nGM &#8211; CHEVROLET VERANEIO a partir de 1988<br \/>\nINTERNATIONAL 4700<br \/>\nMPL JAVALI<br \/>\nNISSAN FRONTIER<br \/>\nVW 14.220<br \/>\nVW 14.240<br \/>\nVW 15.180<br \/>\nVW 15.190<br \/>\nVW 16.200<br \/>\nVW 16.220<br \/>\nVW 17.180<br \/>\nVW 17.210<br \/>\nVW 17.210EOD<br \/>\nVW 17.210OD<br \/>\nVW 17.220<br \/>\nVW 17.230EOD<br \/>\nVW 17.240<br \/>\nVW 17.240OT<br \/>\nVW 17.250<br \/>\nVW 17.260<br \/>\nVW 17.310<br \/>\nVW 18.310EOT<br \/>\nVW 18.310OT<br \/>\nWILLYS F-75 1960<br \/>\nWILLYS F-75 1961<br \/>\nWILLYS F-75 1962<br \/>\nWILLYS F-75 1963<br \/>\nWILLYS F-75 1964<br \/>\nWILLYS F-75 1965<br \/>\nWILLYS F-75 1966<br \/>\nWILLYS F-75 1967<br \/>\nWILLYS F-75 1968<br \/>\nWILLYS F-75 1969<br \/>\nWILLYS F-75 1970<br \/>\nWILLYS F-75 1971<br \/>\nWILLYS F-75 1972<br \/>\nWILLYS F-75 1973<br \/>\nWILLYS F-75 1974<br \/>\nWILLYS F-75 1975<br \/>\nWILLYS F-75 1976<br \/>\nWILLYS F-75 1977<br \/>\nWILLYS F-75 1978<br \/>\nWILLYS F-75 1979<br \/>\nWILLYS F-75 1980<br \/>\nWILLYS F-75 1981<br \/>\nWILLYS F-75 1982<br \/>\nWILLYS F-75 1983<br \/>\nWILLYS RURAL 1960<br \/>\nWILLYS RURAL 1961<br \/>\nWILLYS RURAL 1962<br \/>\nWILLYS RURAL 1963<br \/>\nWILLYS RURAL 1964<br \/>\nWILLYS RURAL 1965<br \/>\nWILLYS RURAL 1966<br \/>\nWILLYS RURAL 1967<br \/>\nWILLYS RURAL 1968<br \/>\nWILLYS RURAL 1969<br \/>\nWILLYS RURAL 1970<br \/>\nWILLYS RURAL 1971<br \/>\nWILLYS RURAL 1972<br \/>\nWILLYS RURAL 1973<br \/>\nWILLYS RURAL 1974<br \/>\nWILLYS RURAL 1975<br \/>\nWILLYS RURAL 1976<br \/>\nWILLYS RURAL 1977<br \/>\nWILLYS RURAL 1978<br \/>\nWILLYS RURAL 1979<br \/>\nWILLYS RURAL 1980<br \/>\nWILLYS RURAL 1981<br \/>\nWILLYS RURAL 1982<br \/>\nWILLYS RURAL 1983<\/p>\n<p><span style=\"color: #00ccff\"><strong>MARCA:<\/strong><\/span> ZTL 31594\/520<\/p>\n<p><strong style=\"color: #00ccff\">PRODUTO NOVO<\/strong><\/p>\n<p><strong><span style=\"color: #00ccff\">GARANTIA:<\/span>\u00a0<\/strong>\u00a090 dias ap\u00f3s o recebimento do produto. Todas as garantias s\u00e3o dadas pelos fabricantes, e variam de produto para produto. Para devolu\u00e7\u00f5es, os produtos dever\u00e3o ser remetidos em suas embalagens originais e caso for constatado mal uso, o custo ser\u00e1 por parte do comprador.<\/p>\n","protected":false},"excerpt":{"rendered":"<p>LPI.PRODUTOS DE QUALIDADE PARA SEU VE\u00cdCULO. LINHA LEVE,PESADA E VANS. APLICA\u00c7\u00c3O: ROLAMENTO DIFERENCIAL PINHAO TRASEIRO EIXO DIANTEIRO\/TRASEIRO AGRALE 13000 AGRALE MA 12 AGRALE MA 15 AGRALE MA-12 AGRALE MA-15 AGRALE MARRUA FORD CARGO 1615T FORD CARGO 1415 FORD CARGO 1422 FORD CARGO 1517 FORD CARGO 1615 FORD CARGO 1615T FORD CARGO 1617 FORD CARGO 1618 FORD CARGO 1618T FORD CARGO 1619 FORD CARGO 1622 FORD CARGO 1722 FORD CARGO 2216 FORD CARGO 2217 FORD CARGO 2218 FORD CARGO 2218T FORD CARGO 2319 FORD CARGO 2322 FORD CARGO 2324 FORD CARGO 2422 FORD CARGO 2428 FORD CARGO 3224 FORD CARGO 3530 FORD F-100 at\u00e9 1987 FORD F-1000 at\u00e9 1989 FORD GALAXIE&hellip; <a class=\"read-more\" href=\"https:\/\/ztlrolamentos.com.br\/loja\/produto\/rolamento-pinhao-eixo-44-ford-f100-1000-gm-a-c-d20-88-90-tras-eixo-albarus\/\">Leia Mais<\/a><\/p>\n","protected":false},"featured_media":1643,"comment_status":"open","ping_status":"closed","template":"","meta":{"_joinchat":[]},"product_brand":[],"product_cat":[15],"product_tag":[],"class_list":{"0":"post-1642","1":"product","2":"type-product","3":"status-publish","4":"has-post-thumbnail","6":"product_cat-sem-categoria","8":"first","9":"instock","10":"taxable","11":"shipping-taxable","12":"purchasable","13":"product-type-simple"},"_links":{"self":[{"href":"https:\/\/ztlrolamentos.com.br\/loja\/wp-json\/wp\/v2\/product\/1642","targetHints":{"allow":["GET"]}}],"collection":[{"href":"https:\/\/ztlrolamentos.com.br\/loja\/wp-json\/wp\/v2\/product"}],"about":[{"href":"https:\/\/ztlrolamentos.com.br\/loja\/wp-json\/wp\/v2\/types\/product"}],"replies":[{"embeddable":true,"href":"https:\/\/ztlrolamentos.com.br\/loja\/wp-json\/wp\/v2\/comments?post=1642"}],"wp:featuredmedia":[{"embeddable":true,"href":"https:\/\/ztlrolamentos.com.br\/loja\/wp-json\/wp\/v2\/media\/1643"}],"wp:attachment":[{"href":"https:\/\/ztlrolamentos.com.br\/loja\/wp-json\/wp\/v2\/media?parent=1642"}],"wp:term":[{"taxonomy":"product_brand","embeddable":true,"href":"https:\/\/ztlrolamentos.com.br\/loja\/wp-json\/wp\/v2\/product_brand?post=1642"},{"taxonomy":"product_cat","embeddable":true,"href":"https:\/\/ztlrolamentos.com.br\/loja\/wp-json\/wp\/v2\/product_cat?post=1642"},{"taxonomy":"product_tag","embeddable":true,"href":"https:\/\/ztlrolamentos.com.br\/loja\/wp-json\/wp\/v2\/product_tag?post=1642"}],"curies":[{"name":"wp","href":"https:\/\/api.w.org\/{rel}","templated":true}]}}