{"id":1638,"date":"2023-02-28T14:39:33","date_gmt":"2023-02-28T17:39:33","guid":{"rendered":"https:\/\/www.lpicomercial.com.br\/?post_type=product&#038;p=1638"},"modified":"2023-02-28T14:39:33","modified_gmt":"2023-02-28T17:39:33","slug":"rolamento-contra-eixoford-cx-cl-450-fs4005-tras-cone-traseiro-2689-2631","status":"publish","type":"product","link":"https:\/\/ztlrolamentos.com.br\/loja\/produto\/rolamento-contra-eixoford-cx-cl-450-fs4005-tras-cone-traseiro-2689-2631\/","title":{"rendered":"Rolamento Contra EixoFord CX.CL.450\/FS4005 Tras.\/Cone Traseiro- 2689\/2631"},"content":{"rendered":"<p>LPI.PRODUTOS DE QUALIDADE PARA SEU VE\u00cdCULO. LINHA LEVE,PESADA E VANS.<\/p>\n<p style=\"text-align: left\"><span style=\"color: #00ccff\"><strong>APLICA\u00c7\u00c3O:<\/strong><\/span><\/p>\n<p>ROLAMENTO 2689\/2631<br \/>\nFS4205 Eaton<br \/>\nFS4005 Eaton Cl405<br \/>\nAGRALE 7500 todos os anos<br \/>\nAGRALE 8500 at\u00e9 1983<br \/>\nAGRALE 9200 todos os anos<br \/>\nFORD CARGO 1113 todos os anos<br \/>\nFORD CARGO 1114 todos os anos<br \/>\nFORD CARGO 1116 todos os anos<br \/>\nFORD CARGO 1117 todos os anos<br \/>\nFORD CARGO 1215 todos os anos<br \/>\nFORD CARGO 1313 todos os anos<\/p>\n<p><span style=\"color: #00ccff\"><strong>MARCA:<\/strong><\/span> ZTL \u20132689\/2631DIMENS\u00d5ES<br \/>\ndi\u00e2metro interno: 28,5 mm<br \/>\ndi\u00e2metro externo 66,50 mm<br \/>\naltura total 25,50 mm<\/p>\n<p><strong style=\"color: #00ccff\">PRODUTO NOVO<\/strong><\/p>\n<p><strong><span style=\"color: #00ccff\">GARANTIA:<\/span>\u00a0<\/strong>\u00a090 dias ap\u00f3s o recebimento do produto. Todas as garantias s\u00e3o dadas pelos fabricantes, e variam de produto para produto. Para devolu\u00e7\u00f5es, os produtos dever\u00e3o ser remetidos em suas embalagens originais e caso for constatado mal uso, o custo ser\u00e1 por parte do comprador.<\/p>\n","protected":false},"excerpt":{"rendered":"<p>LPI.PRODUTOS DE QUALIDADE PARA SEU VE\u00cdCULO. LINHA LEVE,PESADA E VANS. APLICA\u00c7\u00c3O: ROLAMENTO 2689\/2631 FS4205 Eaton FS4005 Eaton Cl405 AGRALE 7500 todos os anos AGRALE 8500 at\u00e9 1983 AGRALE 9200 todos os anos FORD CARGO 1113 todos os anos FORD CARGO 1114 todos os anos FORD CARGO 1116 todos os anos FORD CARGO 1117 todos os anos FORD CARGO 1215 todos os anos FORD CARGO 1313 todos os anos MARCA: ZTL \u20132689\/2631DIMENS\u00d5ES di\u00e2metro interno: 28,5 mm di\u00e2metro externo 66,50 mm altura total 25,50 mm PRODUTO NOVO GARANTIA:\u00a0\u00a090 dias ap\u00f3s o recebimento do produto. Todas as garantias s\u00e3o dadas pelos fabricantes, e variam de produto para produto. Para devolu\u00e7\u00f5es, os produtos dever\u00e3o&hellip; <a class=\"read-more\" href=\"https:\/\/ztlrolamentos.com.br\/loja\/produto\/rolamento-contra-eixoford-cx-cl-450-fs4005-tras-cone-traseiro-2689-2631\/\">Leia Mais<\/a><\/p>\n","protected":false},"featured_media":1640,"comment_status":"open","ping_status":"closed","template":"","meta":{"_joinchat":[]},"product_brand":[],"product_cat":[15],"product_tag":[],"class_list":{"0":"post-1638","1":"product","2":"type-product","3":"status-publish","4":"has-post-thumbnail","6":"product_cat-sem-categoria","8":"first","9":"instock","10":"taxable","11":"shipping-taxable","12":"purchasable","13":"product-type-simple"},"_links":{"self":[{"href":"https:\/\/ztlrolamentos.com.br\/loja\/wp-json\/wp\/v2\/product\/1638","targetHints":{"allow":["GET"]}}],"collection":[{"href":"https:\/\/ztlrolamentos.com.br\/loja\/wp-json\/wp\/v2\/product"}],"about":[{"href":"https:\/\/ztlrolamentos.com.br\/loja\/wp-json\/wp\/v2\/types\/product"}],"replies":[{"embeddable":true,"href":"https:\/\/ztlrolamentos.com.br\/loja\/wp-json\/wp\/v2\/comments?post=1638"}],"wp:featuredmedia":[{"embeddable":true,"href":"https:\/\/ztlrolamentos.com.br\/loja\/wp-json\/wp\/v2\/media\/1640"}],"wp:attachment":[{"href":"https:\/\/ztlrolamentos.com.br\/loja\/wp-json\/wp\/v2\/media?parent=1638"}],"wp:term":[{"taxonomy":"product_brand","embeddable":true,"href":"https:\/\/ztlrolamentos.com.br\/loja\/wp-json\/wp\/v2\/product_brand?post=1638"},{"taxonomy":"product_cat","embeddable":true,"href":"https:\/\/ztlrolamentos.com.br\/loja\/wp-json\/wp\/v2\/product_cat?post=1638"},{"taxonomy":"product_tag","embeddable":true,"href":"https:\/\/ztlrolamentos.com.br\/loja\/wp-json\/wp\/v2\/product_tag?post=1638"}],"curies":[{"name":"wp","href":"https:\/\/api.w.org\/{rel}","templated":true}]}}