{"id":1622,"date":"2023-02-28T13:21:26","date_gmt":"2023-02-28T16:21:26","guid":{"rendered":"https:\/\/www.lpicomercial.com.br\/?post_type=product&#038;p=1622"},"modified":"2023-02-28T13:21:26","modified_gmt":"2023-02-28T16:21:26","slug":"rolamento-208-krr-ah04-de-roda-traseira-ford-f100","status":"publish","type":"product","link":"https:\/\/ztlrolamentos.com.br\/loja\/produto\/rolamento-208-krr-ah04-de-roda-traseira-ford-f100\/","title":{"rendered":"Rolamento 208 KRR AH04 de Roda Traseira Ford F100"},"content":{"rendered":"<p>LPI.PRODUTOS DE QUALIDADE PARA SEU VE\u00cdCULO. LINHA LEVE,PESADA E VANS.<\/p>\n<p style=\"text-align: left\"><span style=\"color: #00ccff\"><strong>APLICA\u00c7\u00c3O:<\/strong><\/span><\/p>\n<ul>\n<li>VERANEIO 1969 | 4.1 12V CUSTOM DE LUXE 4P | 4.1 12V CUSTOM S 4P<\/li>\n<li>\u00a0 \u00a0 \u00a0 GALAXIE 1967 | &#8211; 500 4P<\/li>\n<li>\n<div class=\"product-details\">\n<div class=\"product-flex row no-gutters\">\n<div class=\"compatibility-container col-xs-offset-1 col-xs-5\">\n<div class=\"compatibility\">\n<ul>\n<li>GALAXIE 1968 | &#8211; 500 4P<\/li>\n<li>GALAXIE 1969 | &#8211; 500 4P<\/li>\n<li>GALAXIE 1970 | &#8211; 500 4P<\/li>\n<li>GALAXIE 1971 | &#8211; 500 4P<\/li>\n<li>GALAXIE 1972 | &#8211; 500 4P<\/li>\n<li>GALAXIE 1973 | &#8211; 500 4P<\/li>\n<li>GALAXIE 1974 | &#8211; 500 4P<\/li>\n<li>GALAXIE 1975 | &#8211; 500 4P<\/li>\n<li>GALAXIE 1976 | &#8211; 500 4P<\/li>\n<li>GALAXIE 1977 | &#8211; 500 4P<\/li>\n<li>GALAXIE 1978 | &#8211; 500 4P<\/li>\n<li>GALAXIE 1979 | &#8211; 500 4P<\/li>\n<li>GALAXIE 1980 | &#8211; 500 4P<\/li>\n<li>JEEP 1957 | &#8211; CJ-5 0P<\/li>\n<li>JEEP 1958 | &#8211; CJ-5 0P<\/li>\n<li>JEEP 1959 | &#8211; CJ-5 0P<\/li>\n<li>JEEP 1960 | &#8211; CJ-5 0P<\/li>\n<li>JEEP 1961 | &#8211; CJ-5 0P | 2.2 8V CJ-6 2P<\/li>\n<li>JEEP 1962 | &#8211; CJ-5 0P<\/li>\n<li>JEEP 1963 | &#8211; CJ-5 0P<\/li>\n<li>JEEP 1964 | &#8211; CJ-5 0P<\/li>\n<li>JEEP 1965 | &#8211; CJ-5 0P<\/li>\n<li>JEEP 1966 | &#8211; CJ-5 0P | M151-A1 M151-A1 0P<\/li>\n<li>JEEP 1967 | &#8211; CJ-5 0P<\/li>\n<li>JEEP 1968 | &#8211; CJ-5 0P<\/li>\n<li>JEEP 1969 | &#8211; CJ-5 0P<\/li>\n<li>JEEP 1970 | &#8211; CJ-5 0P<\/li>\n<li>JEEP 1971 | &#8211; CJ-5 0P<\/li>\n<li>JEEP 1972 | &#8211; CJ-5 0P<\/li>\n<li>JEEP 1973 | &#8211; CJ-5 0P<\/li>\n<li>JEEP 1974 | &#8211; CJ-5 0P<\/li>\n<li>JEEP 1975 | &#8211; CJ-5 0P<\/li>\n<li>JEEP 1976 | &#8211; CJ-5 0P<\/li>\n<li>JEEP 1977 | &#8211; CJ-5 0P<\/li>\n<li>JEEP 1978 | &#8211; CJ-5 0P<\/li>\n<li>JEEP 1979 | &#8211; CJ-5 0P<\/li>\n<li>JEEP 1980 | &#8211; CJ-5 0P<\/li>\n<li>JEEP 1981 | &#8211; CJ-5 0P<\/li>\n<li>JEEP 1982 | &#8211; CJ-5 0P<\/li>\n<li>JEEP 1983 | &#8211; CJ-5 0P<\/li>\n<li>LANDAU 1974 | &#8211; LTD 4800 4P<\/li>\n<li>LANDAU 1977 | &#8211; LTD 4800 4P<\/li>\n<li>LANDAU 1978 | &#8211; LTD 4800 4P<\/li>\n<li>LANDAU 1979 | &#8211; LTD 4800 4P<\/li>\n<li>LANDAU 1980 | &#8211; LTD 4800 4P<\/li>\n<li>LANDAU 1981 | &#8211; LTD 4800 4P<\/li>\n<li>LANDAU 1982 | &#8211; LTD 4800 4P<\/li>\n<li>MAVERICK 1973 | 5.0 V8 16V GT COUP\u00c9 2P | 6 CILINDROS SUPER COUP\u00c9 2P | 12V 6 CILINDROS SUPER LUXO COUP\u00c9 2P | V8 16V SUPER LUXO COUP\u00c9 2P | 12V 6 CILINDROS SUPER LUXO SEDAN 4P | V8 16V SUPER LUXO SEDAN 4P | 6 CILINDROS SUPER SEDAN 4P<\/li>\n<li>MAVERICK 1974 | 5.0 V8 16V GT COUP\u00c9 2P | 12V 6 CILINDROS SUPER COUP\u00c9 2P | 6 CILINDROS SUPER COUP\u00c9 2P | 12V 6 CILINDROS SUPER LUXO COUP\u00c9 2P | V8 16V SUPER LUXO COUP\u00c9 2P | 12V 6 CILINDROS SUPER LUXO SEDAN 4P | V8 16V SUPER LUXO SEDAN 4P | 12V 6 CILINDROS SUPER SEDAN 4P | 6 CILINDROS SUPER SEDAN 4P<\/li>\n<li>MAVERICK 1975 | 2.3 8V COUP\u00c9 2P | 5.0 V8 16V GT COUP\u00c9 2P | 2.3 8V SEDAN 4P | 6 CILINDROS SUPER COUP\u00c9 2P | 12V 6 CILINDROS SUPER LUXO COUP\u00c9 2P | 2.3 12V SUPER LUXO COUP\u00c9 2P | V8 16V SUPER LUXO COUP\u00c9 2P | 12V 6 CILINDROS SUPER LUXO SEDAN 4P | V8 16V SUPER LUXO SEDAN 4P | 6 CILINDROS SUPER SEDAN 4P<\/li>\n<li>MAVERICK 1976 | 2.3 8V COUP\u00c9 2P | 5.0 V8 16V GT COUP\u00c9 2P | 2.3 8V SEDAN 4P | 12V 6 CILINDROS SUPER COUP\u00c9 2P | 6 CILINDROS SUPER COUP\u00c9 2P | 2.3 8V SUPER COUP\u00c9 2P | 12V 6 CILINDROS SUPER LUXO COUP\u00c9 2P | 2.3 12V SUPER LUXO COUP\u00c9 2P | V8 16V SUPER LUXO COUP\u00c9 2P | 12V 6 CILINDROS SUPER LUXO SEDAN 4P | V8 16V SUPER LUXO SEDAN 4P | 12V 6 CILINDROS SUPER SEDAN 4P | 6 CILINDROS SUPER SEDAN 4P<\/li>\n<li>MAVERICK 1977 | 5.0 V8 16V GT COUP\u00c9 2P | 6 CILINDROS SUPER SEDAN 4P | 2.3 8V LDO COUP\u00c9 2P | 2.3 8V LDO SEDAN 4P | 6 CILINDROS SUPER COUP\u00c9 2P | 2.3 8V SUPER COUP\u00c9 2P | 12V 6 CILINDROS SUPER LUXO COUP\u00c9 2P | V8 16V SUPER LUXO COUP\u00c9 2P | 12V 6 CILINDROS SUPER LUXO SEDAN 4P | V8 16V SUPER LUXO SEDAN 4P<\/li>\n<li>MAVERICK 1978 | V8 16V SUPER LUXO SEDAN 4P | 12V 6 CILINDROS SUPER SEDAN 4P | 5.0 V8 16V GT COUP\u00c9 2P | 2.3 8V LDO COUP\u00c9 2P | 2.3 8V LDO SEDAN 4P | 12V 6 CILINDROS SUPER COUP\u00c9 2P | 2.3 8V SUPER COUP\u00c9 2P | V8 16V SUPER LUXO COUP\u00c9 2P<\/li>\n<li><strong>MARCA:<\/strong> ZTL \u2013208 KRR AH04<\/li>\n<\/ul>\n<\/div>\n<\/div>\n<\/div>\n<\/div>\n<\/li>\n<\/ul>\n<p><strong style=\"color: #00ccff\">PRODUTO NOVO<\/strong><\/p>\n<p><strong><span style=\"color: #00ccff\">GARANTIA:<\/span>\u00a0<\/strong>\u00a090 dias ap\u00f3s o recebimento do produto. Todas as garantias s\u00e3o dadas pelos fabricantes, e variam de produto para produto. Para devolu\u00e7\u00f5es, os produtos dever\u00e3o ser remetidos em suas embalagens originais e caso for constatado mal uso, o custo ser\u00e1 por parte do comprador.<\/p>\n","protected":false},"excerpt":{"rendered":"<p>LPI.PRODUTOS DE QUALIDADE PARA SEU VE\u00cdCULO. LINHA LEVE,PESADA E VANS. APLICA\u00c7\u00c3O: VERANEIO 1969 | 4.1 12V CUSTOM DE LUXE 4P | 4.1 12V CUSTOM S 4P \u00a0 \u00a0 \u00a0 GALAXIE 1967 | &#8211; 500 4P GALAXIE 1968 | &#8211; 500 4P GALAXIE 1969 | &#8211; 500 4P GALAXIE 1970 | &#8211; 500 4P GALAXIE 1971 | &#8211; 500 4P GALAXIE 1972 | &#8211; 500 4P GALAXIE 1973 | &#8211; 500 4P GALAXIE 1974 | &#8211; 500 4P GALAXIE 1975 | &#8211; 500 4P GALAXIE 1976 | &#8211; 500 4P GALAXIE 1977 | &#8211; 500 4P GALAXIE 1978 | &#8211; 500 4P GALAXIE 1979 | &#8211; 500 4P GALAXIE 1980 |&hellip; <a class=\"read-more\" href=\"https:\/\/ztlrolamentos.com.br\/loja\/produto\/rolamento-208-krr-ah04-de-roda-traseira-ford-f100\/\">Leia Mais<\/a><\/p>\n","protected":false},"featured_media":1623,"comment_status":"open","ping_status":"closed","template":"","meta":{"_joinchat":[]},"product_brand":[],"product_cat":[15],"product_tag":[],"class_list":{"0":"post-1622","1":"product","2":"type-product","3":"status-publish","4":"has-post-thumbnail","6":"product_cat-sem-categoria","8":"first","9":"instock","10":"taxable","11":"shipping-taxable","12":"purchasable","13":"product-type-simple"},"_links":{"self":[{"href":"https:\/\/ztlrolamentos.com.br\/loja\/wp-json\/wp\/v2\/product\/1622","targetHints":{"allow":["GET"]}}],"collection":[{"href":"https:\/\/ztlrolamentos.com.br\/loja\/wp-json\/wp\/v2\/product"}],"about":[{"href":"https:\/\/ztlrolamentos.com.br\/loja\/wp-json\/wp\/v2\/types\/product"}],"replies":[{"embeddable":true,"href":"https:\/\/ztlrolamentos.com.br\/loja\/wp-json\/wp\/v2\/comments?post=1622"}],"wp:featuredmedia":[{"embeddable":true,"href":"https:\/\/ztlrolamentos.com.br\/loja\/wp-json\/wp\/v2\/media\/1623"}],"wp:attachment":[{"href":"https:\/\/ztlrolamentos.com.br\/loja\/wp-json\/wp\/v2\/media?parent=1622"}],"wp:term":[{"taxonomy":"product_brand","embeddable":true,"href":"https:\/\/ztlrolamentos.com.br\/loja\/wp-json\/wp\/v2\/product_brand?post=1622"},{"taxonomy":"product_cat","embeddable":true,"href":"https:\/\/ztlrolamentos.com.br\/loja\/wp-json\/wp\/v2\/product_cat?post=1622"},{"taxonomy":"product_tag","embeddable":true,"href":"https:\/\/ztlrolamentos.com.br\/loja\/wp-json\/wp\/v2\/product_tag?post=1622"}],"curies":[{"name":"wp","href":"https:\/\/api.w.org\/{rel}","templated":true}]}}