{"id":1581,"date":"2023-02-22T17:05:05","date_gmt":"2023-02-22T20:05:05","guid":{"rendered":"https:\/\/www.lpicomercial.com.br\/?post_type=product&#038;p=1581"},"modified":"2023-02-22T17:05:45","modified_gmt":"2023-02-22T20:05:45","slug":"rolamento-agulha-re-pequena-k32x40x42-mercedes-benz-1215-g3-60","status":"publish","type":"product","link":"https:\/\/ztlrolamentos.com.br\/loja\/produto\/rolamento-agulha-re-pequena-k32x40x42-mercedes-benz-1215-g3-60\/","title":{"rendered":"Rolamento Agulha Re Pequena K32x40x42 Mercedes Benz 1215\/ G3-60"},"content":{"rendered":"<p>LPI.PRODUTOS DE QUALIDADE PARA SEU VE\u00cdCULO. LINHA LEVE,PESADA E VANS.<\/p>\n<p><strong>APLICA\u00c7\u00c3O:<\/strong><\/p>\n<p>Aplicacao<br \/>\n1215\/OH1315\/L1619\/G3-50\/G3-60<br \/>\nAM508499<\/p>\n<p>Similares<br \/>\n0079811421,F58553,0019814212,<\/p>\n<p>Codigo Original:<br \/>\n0019818312<br \/>\n508499<\/p>\n<p>Interno: 32,000 mm \u00a0 Externo: 40,000 mm \u00a0 Altura: 42,000 mm<\/p>\n<p>Rolamento Agulha Re Pequena K32x40x42\/ Mercedes Benz 1215\/G3-60<\/p>\n<p><strong>MARCA: <\/strong>ZTL \u20131215<\/p>\n<p><strong>PRODUTO NOVO<\/strong><\/p>\n<p><strong>GARANTIA:\u00a0<\/strong>\u00a090 dias ap\u00f3s o recebimento do produto. Todas as garantias s\u00e3o dadas pelos fabricantes, e variam de produto para produto. Para devolu\u00e7\u00f5es, os produtos dever\u00e3o ser remetidos em suas embalagens originais e caso for constatado mal uso, o custo ser\u00e1 por parte do comprador.<\/p>\n","protected":false},"excerpt":{"rendered":"<p>LPI.PRODUTOS DE QUALIDADE PARA SEU VE\u00cdCULO. LINHA LEVE,PESADA E VANS. APLICA\u00c7\u00c3O: Aplicacao 1215\/OH1315\/L1619\/G3-50\/G3-60 AM508499 Similares 0079811421,F58553,0019814212, Codigo Original: 0019818312 508499 Interno: 32,000 mm \u00a0 Externo: 40,000 mm \u00a0 Altura: 42,000 mm Rolamento Agulha Re Pequena K32x40x42\/ Mercedes Benz 1215\/G3-60 MARCA: ZTL \u20131215 PRODUTO NOVO GARANTIA:\u00a0\u00a090 dias ap\u00f3s o recebimento do produto. Todas as garantias s\u00e3o dadas pelos fabricantes, e variam de produto para produto. Para devolu\u00e7\u00f5es, os produtos dever\u00e3o ser remetidos em suas embalagens originais e caso for constatado mal uso, o custo ser\u00e1 por parte do comprador.<\/p>\n","protected":false},"featured_media":1582,"comment_status":"open","ping_status":"closed","template":"","meta":{"_joinchat":[]},"product_brand":[],"product_cat":[37],"product_tag":[],"class_list":{"0":"post-1581","1":"product","2":"type-product","3":"status-publish","4":"has-post-thumbnail","6":"product_cat-rolamento","8":"first","9":"instock","10":"featured","11":"taxable","12":"shipping-taxable","13":"purchasable","14":"product-type-simple"},"_links":{"self":[{"href":"https:\/\/ztlrolamentos.com.br\/loja\/wp-json\/wp\/v2\/product\/1581","targetHints":{"allow":["GET"]}}],"collection":[{"href":"https:\/\/ztlrolamentos.com.br\/loja\/wp-json\/wp\/v2\/product"}],"about":[{"href":"https:\/\/ztlrolamentos.com.br\/loja\/wp-json\/wp\/v2\/types\/product"}],"replies":[{"embeddable":true,"href":"https:\/\/ztlrolamentos.com.br\/loja\/wp-json\/wp\/v2\/comments?post=1581"}],"wp:featuredmedia":[{"embeddable":true,"href":"https:\/\/ztlrolamentos.com.br\/loja\/wp-json\/wp\/v2\/media\/1582"}],"wp:attachment":[{"href":"https:\/\/ztlrolamentos.com.br\/loja\/wp-json\/wp\/v2\/media?parent=1581"}],"wp:term":[{"taxonomy":"product_brand","embeddable":true,"href":"https:\/\/ztlrolamentos.com.br\/loja\/wp-json\/wp\/v2\/product_brand?post=1581"},{"taxonomy":"product_cat","embeddable":true,"href":"https:\/\/ztlrolamentos.com.br\/loja\/wp-json\/wp\/v2\/product_cat?post=1581"},{"taxonomy":"product_tag","embeddable":true,"href":"https:\/\/ztlrolamentos.com.br\/loja\/wp-json\/wp\/v2\/product_tag?post=1581"}],"curies":[{"name":"wp","href":"https:\/\/api.w.org\/{rel}","templated":true}]}}