{"id":1575,"date":"2023-02-22T16:27:37","date_gmt":"2023-02-22T19:27:37","guid":{"rendered":"https:\/\/www.lpicomercial.com.br\/?post_type=product&#038;p=1575"},"modified":"2023-02-22T16:31:04","modified_gmt":"2023-02-22T19:31:04","slug":"rolamento-529065-eixo-traseiro-suporte-mola","status":"publish","type":"product","link":"https:\/\/ztlrolamentos.com.br\/loja\/produto\/rolamento-529065-eixo-traseiro-suporte-mola\/","title":{"rendered":"Rolamento 529065 Eixo Traseiro &#8211; Suporte mola"},"content":{"rendered":"<p>LPI.PRODUTOS DE QUALIDADE PARA SEU VE\u00cdCULO. LINHA LEVE,PESADA E VANS.<\/p>\n<p><strong>APLICA\u00c7\u00c3O:<\/strong><\/p>\n<p>Rolamento Eixo Traseiro &#8211; Suporte mola<\/p>\n<p>C\u00f3digos Originais:<\/p>\n<p>Mercedes-Benz &#8211; A0049811805 | 0049811805<br \/>\nMercedes-Benz &#8211; A0049814405 | 0049814405<\/p>\n<p>C\u00f3digos Similares:<\/p>\n<p>FAG &#8211; 529065<br \/>\nSKF &#8211; 331958<\/p>\n<p>Aplica\u00e7\u00f5es:<\/p>\n<p>Caminh\u00e3o Mercedes-Benz L 2314, L\/ LB\/ LK 2318 e L\/ LB\/ LK 2325 L \/ LB \/ LK \/ LS<\/p>\n<p>Para evitar o envio de pe\u00e7as n\u00e3o compat\u00edveis com seu ve\u00edculo, aconselhamos a consulta atrav\u00e9s do n\u00famero do chassi, assim, podemos identificar a pe\u00e7a correta a ser aplicada. (Informe o n\u00famero do chassi nos coment\u00e1rios).<\/p>\n<p>Informa\u00e7\u00f5es do fabricante:<\/p>\n<p>Altura [mm]: 32<br \/>\nDi\u00e2metro exterior [mm]: 140<br \/>\nDi\u00e2metro interior [mm]: 88<\/p>\n<p>Interno: 88,000 mm \u00a0 Externo: 140,000 mm \u00a0 Altura: 32,000 mm<\/p>\n<p><strong>MARCA:<\/strong> ZTL \u2013 529065<\/p>\n<p><strong>PRODUTO NOVO<\/strong><\/p>\n<p><strong>GARANTIA:\u00a0<\/strong>\u00a090 dias ap\u00f3s o recebimento do produto. Todas as garantias s\u00e3o dadas pelos fabricantes, e variam de produto para produto. Para devolu\u00e7\u00f5es, os produtos dever\u00e3o ser remetidos em suas embalagens originais e caso for constatado mal uso, o custo ser\u00e1 por parte do comprador.<\/p>\n","protected":false},"excerpt":{"rendered":"<p>LPI.PRODUTOS DE QUALIDADE PARA SEU VE\u00cdCULO. LINHA LEVE,PESADA E VANS. APLICA\u00c7\u00c3O: Rolamento Eixo Traseiro &#8211; Suporte mola C\u00f3digos Originais: Mercedes-Benz &#8211; A0049811805 | 0049811805 Mercedes-Benz &#8211; A0049814405 | 0049814405 C\u00f3digos Similares: FAG &#8211; 529065 SKF &#8211; 331958 Aplica\u00e7\u00f5es: Caminh\u00e3o Mercedes-Benz L 2314, L\/ LB\/ LK 2318 e L\/ LB\/ LK 2325 L \/ LB \/ LK \/ LS Para evitar o envio de pe\u00e7as n\u00e3o compat\u00edveis com seu ve\u00edculo, aconselhamos a consulta atrav\u00e9s do n\u00famero do chassi, assim, podemos identificar a pe\u00e7a correta a ser aplicada. (Informe o n\u00famero do chassi nos coment\u00e1rios). Informa\u00e7\u00f5es do fabricante: Altura [mm]: 32 Di\u00e2metro exterior [mm]: 140 Di\u00e2metro interior [mm]: 88 Interno: 88,000 mm&hellip; <a class=\"read-more\" href=\"https:\/\/ztlrolamentos.com.br\/loja\/produto\/rolamento-529065-eixo-traseiro-suporte-mola\/\">Leia Mais<\/a><\/p>\n","protected":false},"featured_media":1577,"comment_status":"open","ping_status":"closed","template":"","meta":{"_joinchat":[]},"product_brand":[],"product_cat":[15],"product_tag":[],"class_list":{"0":"post-1575","1":"product","2":"type-product","3":"status-publish","4":"has-post-thumbnail","6":"product_cat-sem-categoria","8":"first","9":"instock","10":"featured","11":"taxable","12":"shipping-taxable","13":"purchasable","14":"product-type-simple"},"_links":{"self":[{"href":"https:\/\/ztlrolamentos.com.br\/loja\/wp-json\/wp\/v2\/product\/1575","targetHints":{"allow":["GET"]}}],"collection":[{"href":"https:\/\/ztlrolamentos.com.br\/loja\/wp-json\/wp\/v2\/product"}],"about":[{"href":"https:\/\/ztlrolamentos.com.br\/loja\/wp-json\/wp\/v2\/types\/product"}],"replies":[{"embeddable":true,"href":"https:\/\/ztlrolamentos.com.br\/loja\/wp-json\/wp\/v2\/comments?post=1575"}],"wp:featuredmedia":[{"embeddable":true,"href":"https:\/\/ztlrolamentos.com.br\/loja\/wp-json\/wp\/v2\/media\/1577"}],"wp:attachment":[{"href":"https:\/\/ztlrolamentos.com.br\/loja\/wp-json\/wp\/v2\/media?parent=1575"}],"wp:term":[{"taxonomy":"product_brand","embeddable":true,"href":"https:\/\/ztlrolamentos.com.br\/loja\/wp-json\/wp\/v2\/product_brand?post=1575"},{"taxonomy":"product_cat","embeddable":true,"href":"https:\/\/ztlrolamentos.com.br\/loja\/wp-json\/wp\/v2\/product_cat?post=1575"},{"taxonomy":"product_tag","embeddable":true,"href":"https:\/\/ztlrolamentos.com.br\/loja\/wp-json\/wp\/v2\/product_tag?post=1575"}],"curies":[{"name":"wp","href":"https:\/\/api.w.org\/{rel}","templated":true}]}}