{"id":1563,"date":"2023-02-22T15:20:54","date_gmt":"2023-02-22T18:20:54","guid":{"rendered":"https:\/\/www.lpicomercial.com.br\/?post_type=product&#038;p=1563"},"modified":"2023-02-22T16:30:56","modified_gmt":"2023-02-22T19:30:56","slug":"rolamento-qj208tvp-do-cambio","status":"publish","type":"product","link":"https:\/\/ztlrolamentos.com.br\/loja\/produto\/rolamento-qj208tvp-do-cambio\/","title":{"rendered":"Rolamento QJ208TVP do C\u00e2mbio"},"content":{"rendered":"<p>Rolamento do C\u00e2mbio &#8211; QJ208TVP<\/p>\n<p>Dimens\u00f5es (mm)<br \/>\nd: 40<br \/>\nD: 80<br \/>\nB: 18<\/p>\n<p>Aplica\u00e7\u00f5es<\/p>\n<p>MB 608\/708\/709<\/p>\n<p><strong>Interno: 40,000 mm \u00a0 Externo: 80,000 mm \u00a0 Altura: 18,000 mm<\/strong><\/p>\n<p><strong>MARCA:<\/strong>\u00a0ZTL \u2013 QJ209<\/p>\n<p><strong>PRODUTO NOVO<\/strong><\/p>\n<p><strong>GARANTIA:\u00a0<\/strong>\u00a090 dias ap\u00f3s o recebimento do produto. Todas as garantias s\u00e3o dadas pelos fabricantes, e variam de produto para produto. Para devolu\u00e7\u00f5es, os produtos dever\u00e3o ser remetidos em suas embalagens originais e caso for constatado mal uso, o custo ser\u00e1 por parte do comprador.<\/p>\n","protected":false},"excerpt":{"rendered":"<p>Rolamento do C\u00e2mbio &#8211; QJ208TVP Dimens\u00f5es (mm) d: 40 D: 80 B: 18 Aplica\u00e7\u00f5es MB 608\/708\/709 Interno: 40,000 mm \u00a0 Externo: 80,000 mm \u00a0 Altura: 18,000 mm MARCA:\u00a0ZTL \u2013 QJ209 PRODUTO NOVO GARANTIA:\u00a0\u00a090 dias ap\u00f3s o recebimento do produto. Todas as garantias s\u00e3o dadas pelos fabricantes, e variam de produto para produto. Para devolu\u00e7\u00f5es, os produtos dever\u00e3o ser remetidos em suas embalagens originais e caso for constatado mal uso, o custo ser\u00e1 por parte do comprador.<\/p>\n","protected":false},"featured_media":1564,"comment_status":"open","ping_status":"closed","template":"","meta":{"_joinchat":[]},"product_brand":[],"product_cat":[37],"product_tag":[],"class_list":{"0":"post-1563","1":"product","2":"type-product","3":"status-publish","4":"has-post-thumbnail","6":"product_cat-rolamento","8":"first","9":"instock","10":"featured","11":"taxable","12":"shipping-taxable","13":"purchasable","14":"product-type-simple"},"_links":{"self":[{"href":"https:\/\/ztlrolamentos.com.br\/loja\/wp-json\/wp\/v2\/product\/1563","targetHints":{"allow":["GET"]}}],"collection":[{"href":"https:\/\/ztlrolamentos.com.br\/loja\/wp-json\/wp\/v2\/product"}],"about":[{"href":"https:\/\/ztlrolamentos.com.br\/loja\/wp-json\/wp\/v2\/types\/product"}],"replies":[{"embeddable":true,"href":"https:\/\/ztlrolamentos.com.br\/loja\/wp-json\/wp\/v2\/comments?post=1563"}],"wp:featuredmedia":[{"embeddable":true,"href":"https:\/\/ztlrolamentos.com.br\/loja\/wp-json\/wp\/v2\/media\/1564"}],"wp:attachment":[{"href":"https:\/\/ztlrolamentos.com.br\/loja\/wp-json\/wp\/v2\/media?parent=1563"}],"wp:term":[{"taxonomy":"product_brand","embeddable":true,"href":"https:\/\/ztlrolamentos.com.br\/loja\/wp-json\/wp\/v2\/product_brand?post=1563"},{"taxonomy":"product_cat","embeddable":true,"href":"https:\/\/ztlrolamentos.com.br\/loja\/wp-json\/wp\/v2\/product_cat?post=1563"},{"taxonomy":"product_tag","embeddable":true,"href":"https:\/\/ztlrolamentos.com.br\/loja\/wp-json\/wp\/v2\/product_tag?post=1563"}],"curies":[{"name":"wp","href":"https:\/\/api.w.org\/{rel}","templated":true}]}}