{"id":1559,"date":"2023-02-22T15:12:44","date_gmt":"2023-02-22T18:12:44","guid":{"rendered":"https:\/\/www.lpicomercial.com.br\/?post_type=product&#038;p=1559"},"modified":"2023-02-24T15:11:41","modified_gmt":"2023-02-24T18:11:41","slug":"rolamento-f-45084-roda-traseira-chevrolet-caravan-diplomata-opala","status":"publish","type":"product","link":"https:\/\/ztlrolamentos.com.br\/loja\/produto\/rolamento-f-45084-roda-traseira-chevrolet-caravan-diplomata-opala\/","title":{"rendered":"Rolamento  F-45084 Roda Traseira Chevrolet Caravan\/Diplomata\/Opala"},"content":{"rendered":"<p>LPI.PRODUTOS DE QUALIDADE PARA SEU VE\u00cdCULO. LINHA LEVE,PESADA E VANS.<\/p>\n<p><strong>APLICA\u00c7\u00c3O:<\/strong><\/p>\n<p><strong>Rolamento F-45084 Roda Traseira Chevrolet Caravan\/Diplomata\/Opala\u00a0 F-45084<\/strong><\/p>\n<p>Produto Rolamento<br \/>\nEixo &#8211; Medida Interna (mm) 33mm<br \/>\nAlojamento &#8211; Externo 1 (mm) 51mm<br \/>\nAltura 1 (mm) 17mm<br \/>\nC\u00f3digo de f\u00e1brica F45084<\/p>\n<p><strong>Interno: 33,000 mm \u00a0 Externo: 51,000 mm \u00a0 Altura: 17,000 mm<\/strong><\/p>\n<p><strong>MARCA:<\/strong> ZTL \u2013 F-45084<\/p>\n<p><strong>PRODUTO NOVO<\/strong><\/p>\n<p><strong>GARANTIA:\u00a0<\/strong>\u00a090 dias ap\u00f3s o recebimento do produto. Todas as garantias s\u00e3o dadas pelos fabricantes, e variam de produto para produto. Para devolu\u00e7\u00f5es, os produtos dever\u00e3o ser remetidos em suas embalagens originais e caso for constatado mal uso, o custo ser\u00e1 por parte do comprador<\/p>\n","protected":false},"excerpt":{"rendered":"<p>LPI.PRODUTOS DE QUALIDADE PARA SEU VE\u00cdCULO. LINHA LEVE,PESADA E VANS. APLICA\u00c7\u00c3O: Rolamento F-45084 Roda Traseira Chevrolet Caravan\/Diplomata\/Opala\u00a0 F-45084 Produto Rolamento Eixo &#8211; Medida Interna (mm) 33mm Alojamento &#8211; Externo 1 (mm) 51mm Altura 1 (mm) 17mm C\u00f3digo de f\u00e1brica F45084 Interno: 33,000 mm \u00a0 Externo: 51,000 mm \u00a0 Altura: 17,000 mm MARCA: ZTL \u2013 F-45084 PRODUTO NOVO GARANTIA:\u00a0\u00a090 dias ap\u00f3s o recebimento do produto. Todas as garantias s\u00e3o dadas pelos fabricantes, e variam de produto para produto. Para devolu\u00e7\u00f5es, os produtos dever\u00e3o ser remetidos em suas embalagens originais e caso for constatado mal uso, o custo ser\u00e1 por parte do comprador<\/p>\n","protected":false},"featured_media":1560,"comment_status":"open","ping_status":"closed","template":"","meta":{"_joinchat":[]},"product_brand":[],"product_cat":[37],"product_tag":[],"class_list":{"0":"post-1559","1":"product","2":"type-product","3":"status-publish","4":"has-post-thumbnail","6":"product_cat-rolamento","8":"first","9":"instock","10":"featured","11":"taxable","12":"shipping-taxable","13":"purchasable","14":"product-type-simple"},"_links":{"self":[{"href":"https:\/\/ztlrolamentos.com.br\/loja\/wp-json\/wp\/v2\/product\/1559","targetHints":{"allow":["GET"]}}],"collection":[{"href":"https:\/\/ztlrolamentos.com.br\/loja\/wp-json\/wp\/v2\/product"}],"about":[{"href":"https:\/\/ztlrolamentos.com.br\/loja\/wp-json\/wp\/v2\/types\/product"}],"replies":[{"embeddable":true,"href":"https:\/\/ztlrolamentos.com.br\/loja\/wp-json\/wp\/v2\/comments?post=1559"}],"wp:featuredmedia":[{"embeddable":true,"href":"https:\/\/ztlrolamentos.com.br\/loja\/wp-json\/wp\/v2\/media\/1560"}],"wp:attachment":[{"href":"https:\/\/ztlrolamentos.com.br\/loja\/wp-json\/wp\/v2\/media?parent=1559"}],"wp:term":[{"taxonomy":"product_brand","embeddable":true,"href":"https:\/\/ztlrolamentos.com.br\/loja\/wp-json\/wp\/v2\/product_brand?post=1559"},{"taxonomy":"product_cat","embeddable":true,"href":"https:\/\/ztlrolamentos.com.br\/loja\/wp-json\/wp\/v2\/product_cat?post=1559"},{"taxonomy":"product_tag","embeddable":true,"href":"https:\/\/ztlrolamentos.com.br\/loja\/wp-json\/wp\/v2\/product_tag?post=1559"}],"curies":[{"name":"wp","href":"https:\/\/api.w.org\/{rel}","templated":true}]}}