{"id":1509,"date":"2022-02-25T16:38:20","date_gmt":"2022-02-25T19:38:20","guid":{"rendered":"https:\/\/www.lpicomercial.com.br\/?post_type=product&#038;p=1509"},"modified":"2023-02-28T10:03:53","modified_gmt":"2023-02-28T13:03:53","slug":"rolamento-22316ccw33-ztl-80-x-170-x-58","status":"publish","type":"product","link":"https:\/\/ztlrolamentos.com.br\/loja\/produto\/rolamento-22316ccw33-ztl-80-x-170-x-58\/","title":{"rendered":"Rolamento 22316ccw33 ZTL 80 X 170 X 58"},"content":{"rendered":"<p>Descri\u00e7\u00e3o do Produto<br \/>\nRolamento autocompensador de rolos<\/p>\n<p>Especifica\u00e7\u00f5es do Fabricante<br \/>\nMarca: 3MB<br \/>\nC\u00f3digo da Pe\u00e7a: 22316<br \/>\nGrupo: Rolamentos autocompensador de rolos<br \/>\nDi\u00e2metro Interno: 80 mm<br \/>\nDi\u00e2metro Externo: 170 mm<br \/>\nLargura: 58 mm<br \/>\nAnel externo: canal de lubrifica\u00e7\u00e3o com 3 furos<br \/>\nFolga: C3<br \/>\nPeso Bruto: 6,440 kg<\/p>\n","protected":false},"excerpt":{"rendered":"<p>Descri\u00e7\u00e3o do Produto Rolamento autocompensador de rolos Especifica\u00e7\u00f5es do Fabricante Marca: 3MB C\u00f3digo da Pe\u00e7a: 22316 Grupo: Rolamentos autocompensador de rolos Di\u00e2metro Interno: 80 mm Di\u00e2metro Externo: 170 mm Largura: 58 mm Anel externo: canal de lubrifica\u00e7\u00e3o com 3 furos Folga: C3 Peso Bruto: 6,440 kg<\/p>\n","protected":false},"featured_media":1461,"comment_status":"open","ping_status":"closed","template":"","meta":{"_joinchat":{"telephone":"+5511963066903","message_text":"POSSP TE AJUDAR?"}},"product_brand":[],"product_cat":[37],"product_tag":[],"class_list":{"0":"post-1509","1":"product","2":"type-product","3":"status-publish","4":"has-post-thumbnail","6":"product_cat-rolamento","8":"first","9":"instock","10":"taxable","11":"shipping-taxable","12":"purchasable","13":"product-type-simple"},"_links":{"self":[{"href":"https:\/\/ztlrolamentos.com.br\/loja\/wp-json\/wp\/v2\/product\/1509","targetHints":{"allow":["GET"]}}],"collection":[{"href":"https:\/\/ztlrolamentos.com.br\/loja\/wp-json\/wp\/v2\/product"}],"about":[{"href":"https:\/\/ztlrolamentos.com.br\/loja\/wp-json\/wp\/v2\/types\/product"}],"replies":[{"embeddable":true,"href":"https:\/\/ztlrolamentos.com.br\/loja\/wp-json\/wp\/v2\/comments?post=1509"}],"wp:featuredmedia":[{"embeddable":true,"href":"https:\/\/ztlrolamentos.com.br\/loja\/wp-json\/wp\/v2\/media\/1461"}],"wp:attachment":[{"href":"https:\/\/ztlrolamentos.com.br\/loja\/wp-json\/wp\/v2\/media?parent=1509"}],"wp:term":[{"taxonomy":"product_brand","embeddable":true,"href":"https:\/\/ztlrolamentos.com.br\/loja\/wp-json\/wp\/v2\/product_brand?post=1509"},{"taxonomy":"product_cat","embeddable":true,"href":"https:\/\/ztlrolamentos.com.br\/loja\/wp-json\/wp\/v2\/product_cat?post=1509"},{"taxonomy":"product_tag","embeddable":true,"href":"https:\/\/ztlrolamentos.com.br\/loja\/wp-json\/wp\/v2\/product_tag?post=1509"}],"curies":[{"name":"wp","href":"https:\/\/api.w.org\/{rel}","templated":true}]}}