{"id":1464,"date":"2021-05-27T16:55:31","date_gmt":"2021-05-27T19:55:31","guid":{"rendered":"https:\/\/www.lpicomercial.com.br\/?post_type=product&#038;p=1464"},"modified":"2023-06-15T11:45:26","modified_gmt":"2023-06-15T14:45:26","slug":"rolamento-22322-autocompensador-de-rolos","status":"publish","type":"product","link":"https:\/\/ztlrolamentos.com.br\/loja\/produto\/rolamento-22322-autocompensador-de-rolos\/","title":{"rendered":"Rolamento 22322 KM W33  Autocompensador De Rolos  BRONZE"},"content":{"rendered":"<p>LPI PRODUTOS DE QUALIDADE PARA SEU VE\u00cdCULO, TRABALHAMOS COM LINHA LEVE, PESADA E MUITO MAIS!<\/p>\n<p>C\u00f3digo da Pe\u00e7a: 22322 KM W33<br \/>\nGrupo: Rolamentos autocompensadores de rolos<\/p>\n<p>Di\u00e2metro Interno: 110 mm<br \/>\nDi\u00e2metro Externo: 240 mm<br \/>\nLargura: 80 mm<\/p>\n<p>Altura: 25.5 cm<br \/>\nLargura: 9.3 cm<br \/>\nComprimento: 25 cm<\/p>\n<p>Peso Bruto: 17.53 kg<\/p>\n<p>ESTAMOS \u00c1 SUA DISPOSI\u00c7\u00c3O, CONTE CONOSCO DA LPI COMERCIAL!<\/p>\n","protected":false},"excerpt":{"rendered":"<p>LPI PRODUTOS DE QUALIDADE PARA SEU VE\u00cdCULO, TRABALHAMOS COM LINHA LEVE, PESADA E MUITO MAIS!<\/p>\n<p>C\u00f3digo da Pe\u00e7a: 22322 EA<br \/>\nGrupo: Rolamentos autocompensadores de rolos<\/p>\n<p>Di\u00e2metro Interno: 110 mm<br \/>\nDi\u00e2metro Externo: 240 mm<br \/>\nLargura: 80 mm<\/p>\n<p>Altura: 25.5 cm<br \/>\nLargura: 9.3 cm<br \/>\nComprimento: 25 cm<\/p>\n<p>Peso Bruto: 17.53 kg<\/p>\n<p>ESTAMOS \u00c1 SUA DISPOSI\u00c7\u00c3O, CONTE CONOSCO DA LPI COMERCIAL!<\/p>\n","protected":false},"featured_media":1470,"comment_status":"open","ping_status":"closed","template":"","meta":{"_joinchat":[]},"product_brand":[],"product_cat":[15],"product_tag":[404,403,249,357],"class_list":{"0":"post-1464","1":"product","2":"type-product","3":"status-publish","4":"has-post-thumbnail","6":"product_cat-sem-categoria","7":"product_tag-404","8":"product_tag-autocompensadores","9":"product_tag-rolamentos","10":"product_tag-rolos","12":"first","13":"instock","14":"taxable","15":"shipping-taxable","16":"purchasable","17":"product-type-simple"},"_links":{"self":[{"href":"https:\/\/ztlrolamentos.com.br\/loja\/wp-json\/wp\/v2\/product\/1464","targetHints":{"allow":["GET"]}}],"collection":[{"href":"https:\/\/ztlrolamentos.com.br\/loja\/wp-json\/wp\/v2\/product"}],"about":[{"href":"https:\/\/ztlrolamentos.com.br\/loja\/wp-json\/wp\/v2\/types\/product"}],"replies":[{"embeddable":true,"href":"https:\/\/ztlrolamentos.com.br\/loja\/wp-json\/wp\/v2\/comments?post=1464"}],"wp:featuredmedia":[{"embeddable":true,"href":"https:\/\/ztlrolamentos.com.br\/loja\/wp-json\/wp\/v2\/media\/1470"}],"wp:attachment":[{"href":"https:\/\/ztlrolamentos.com.br\/loja\/wp-json\/wp\/v2\/media?parent=1464"}],"wp:term":[{"taxonomy":"product_brand","embeddable":true,"href":"https:\/\/ztlrolamentos.com.br\/loja\/wp-json\/wp\/v2\/product_brand?post=1464"},{"taxonomy":"product_cat","embeddable":true,"href":"https:\/\/ztlrolamentos.com.br\/loja\/wp-json\/wp\/v2\/product_cat?post=1464"},{"taxonomy":"product_tag","embeddable":true,"href":"https:\/\/ztlrolamentos.com.br\/loja\/wp-json\/wp\/v2\/product_tag?post=1464"}],"curies":[{"name":"wp","href":"https:\/\/api.w.org\/{rel}","templated":true}]}}