{"id":1456,"date":"2021-05-27T11:39:53","date_gmt":"2021-05-27T14:39:53","guid":{"rendered":"https:\/\/www.lpicomercial.com.br\/?post_type=product&#038;p=1456"},"modified":"2021-05-28T10:15:20","modified_gmt":"2021-05-28T13:15:20","slug":"1456","status":"publish","type":"product","link":"https:\/\/ztlrolamentos.com.br\/loja\/produto\/1456\/","title":{"rendered":"Rolamento Autocompensador De Rolos 22244 CCK"},"content":{"rendered":"<p>LPI ROLAMENTOS PRODUTOS DE QUALIDADE PARA SEU VE\u00cdCULO!!<\/p>\n<p>ROLAMENTO AUTOCOMPENSADOR DE ROLOS 22244 CCK<\/p>\n<p>Di\u00e2metro Externo: 400<\/p>\n<p>PESO (kg) : 63.5<\/p>\n<p>DIMENS\u00d5ES (mm): Di\u00e2metro Interno: 220<\/p>\n<p>Largura: 108<\/p>\n<p>QUALQUER D\u00daVIDA, ENTRE EM CONTATO CONOSCO, TEMOS PROMO\u00c7\u00d5ES E MUITO MAIS!<\/p>\n","protected":false},"excerpt":{"rendered":"<p>ROLAMENTO AUTOCOMPENSADOR DE ROLOS 22244 CCK<\/p>\n<p>Di\u00e2metro Externo: 400<\/p>\n<p>PESO (kg) : 63.5<\/p>\n<p>DIMENS\u00d5ES (mm): Di\u00e2metro Interno: 220<\/p>\n<p>Largura: 108<\/p>\n<p>&nbsp;<\/p>\n","protected":false},"featured_media":1457,"comment_status":"open","ping_status":"closed","template":"","meta":{"_joinchat":[]},"product_brand":[],"product_cat":[37,160],"product_tag":[],"class_list":{"0":"post-1456","1":"product","2":"type-product","3":"status-publish","4":"has-post-thumbnail","6":"product_cat-rolamento","7":"product_cat-utilitarios-conicos","9":"first","10":"instock","11":"taxable","12":"shipping-taxable","13":"purchasable","14":"product-type-simple"},"_links":{"self":[{"href":"https:\/\/ztlrolamentos.com.br\/loja\/wp-json\/wp\/v2\/product\/1456","targetHints":{"allow":["GET"]}}],"collection":[{"href":"https:\/\/ztlrolamentos.com.br\/loja\/wp-json\/wp\/v2\/product"}],"about":[{"href":"https:\/\/ztlrolamentos.com.br\/loja\/wp-json\/wp\/v2\/types\/product"}],"replies":[{"embeddable":true,"href":"https:\/\/ztlrolamentos.com.br\/loja\/wp-json\/wp\/v2\/comments?post=1456"}],"wp:featuredmedia":[{"embeddable":true,"href":"https:\/\/ztlrolamentos.com.br\/loja\/wp-json\/wp\/v2\/media\/1457"}],"wp:attachment":[{"href":"https:\/\/ztlrolamentos.com.br\/loja\/wp-json\/wp\/v2\/media?parent=1456"}],"wp:term":[{"taxonomy":"product_brand","embeddable":true,"href":"https:\/\/ztlrolamentos.com.br\/loja\/wp-json\/wp\/v2\/product_brand?post=1456"},{"taxonomy":"product_cat","embeddable":true,"href":"https:\/\/ztlrolamentos.com.br\/loja\/wp-json\/wp\/v2\/product_cat?post=1456"},{"taxonomy":"product_tag","embeddable":true,"href":"https:\/\/ztlrolamentos.com.br\/loja\/wp-json\/wp\/v2\/product_tag?post=1456"}],"curies":[{"name":"wp","href":"https:\/\/api.w.org\/{rel}","templated":true}]}}