{"id":1452,"date":"2021-05-27T11:06:48","date_gmt":"2021-05-27T14:06:48","guid":{"rendered":"https:\/\/www.lpicomercial.com.br\/?post_type=product&#038;p=1452"},"modified":"2021-05-28T09:56:05","modified_gmt":"2021-05-28T12:56:05","slug":"rolamento-autocompensador-de-rolos-23138ca","status":"publish","type":"product","link":"https:\/\/ztlrolamentos.com.br\/loja\/produto\/rolamento-autocompensador-de-rolos-23138ca\/","title":{"rendered":"Rolamento Autocompensador De Rolos 23138CA"},"content":{"rendered":"<p>LPI ROLAMENTOS PRODUTOS DE QUALIDADE PARA SEU VE\u00cdCULO!!<\/p>\n<p>ROLAMENTOS LINHA INDUSTRIAL<\/p>\n<p>ROLAMENTO AUTOCOMPENSADOR 23138CA<\/p>\n<p>DIMENS\u00d5ES: Largura: 104 mm<\/p>\n<p>Di\u00e2metro Externo: 320 mm<\/p>\n<p>Di\u00e2metro Interno: 190 mm<\/p>\n<p>PESO: 34,833 KG<\/p>\n<p>Qualquer d\u00favida, entre em contato conosco!!! Estamos sempre \u00e1 disposi\u00e7\u00e3o!<\/p>\n","protected":false},"excerpt":{"rendered":"<p>DIMENS\u00d5ES: Largura: 104 mm<\/p>\n<p>Di\u00e2metro Externo: 320 mm<\/p>\n<p>Di\u00e2metro Interno: 190 mm<\/p>\n<p>PESO: 34,833 KG<\/p>\n","protected":false},"featured_media":1453,"comment_status":"open","ping_status":"closed","template":"","meta":{"_joinchat":[]},"product_brand":[],"product_cat":[37,160],"product_tag":[361,398,150,249,399],"class_list":{"0":"post-1452","1":"product","2":"type-product","3":"status-publish","4":"has-post-thumbnail","6":"product_cat-rolamento","7":"product_cat-utilitarios-conicos","8":"product_tag-autocompensador","9":"product_tag-industriais","10":"product_tag-rolamento","11":"product_tag-rolamentos","12":"product_tag-rolo","14":"first","15":"instock","16":"taxable","17":"shipping-taxable","18":"purchasable","19":"product-type-simple"},"_links":{"self":[{"href":"https:\/\/ztlrolamentos.com.br\/loja\/wp-json\/wp\/v2\/product\/1452","targetHints":{"allow":["GET"]}}],"collection":[{"href":"https:\/\/ztlrolamentos.com.br\/loja\/wp-json\/wp\/v2\/product"}],"about":[{"href":"https:\/\/ztlrolamentos.com.br\/loja\/wp-json\/wp\/v2\/types\/product"}],"replies":[{"embeddable":true,"href":"https:\/\/ztlrolamentos.com.br\/loja\/wp-json\/wp\/v2\/comments?post=1452"}],"wp:featuredmedia":[{"embeddable":true,"href":"https:\/\/ztlrolamentos.com.br\/loja\/wp-json\/wp\/v2\/media\/1453"}],"wp:attachment":[{"href":"https:\/\/ztlrolamentos.com.br\/loja\/wp-json\/wp\/v2\/media?parent=1452"}],"wp:term":[{"taxonomy":"product_brand","embeddable":true,"href":"https:\/\/ztlrolamentos.com.br\/loja\/wp-json\/wp\/v2\/product_brand?post=1452"},{"taxonomy":"product_cat","embeddable":true,"href":"https:\/\/ztlrolamentos.com.br\/loja\/wp-json\/wp\/v2\/product_cat?post=1452"},{"taxonomy":"product_tag","embeddable":true,"href":"https:\/\/ztlrolamentos.com.br\/loja\/wp-json\/wp\/v2\/product_tag?post=1452"}],"curies":[{"name":"wp","href":"https:\/\/api.w.org\/{rel}","templated":true}]}}