{"id":1446,"date":"2021-05-27T10:18:40","date_gmt":"2021-05-27T13:18:40","guid":{"rendered":"https:\/\/www.lpicomercial.com.br\/?post_type=product&#038;p=1446"},"modified":"2021-06-28T09:46:26","modified_gmt":"2021-06-28T12:46:26","slug":"rolamento-de-rolos-cilindricos-de-uma-carreira-nj-2332","status":"publish","type":"product","link":"https:\/\/ztlrolamentos.com.br\/loja\/produto\/rolamento-de-rolos-cilindricos-de-uma-carreira-nj-2332\/","title":{"rendered":"Rolamento De Rolos Cilindricos De Uma Carreira Nj 2332"},"content":{"rendered":"<p>LPI PRODUTOS DE QUALIDADE PARA SEU VE\u00cdCULO!<\/p>\n<p>LINHA DE ROLAMENTOS INDUSTRIAIS<\/p>\n<p>TRABALHAMOS COM TODAS LINHAS DE ROLAMENTOS!<\/p>\n<p>ROLAMENTO DE ROLOS CILINDRICOS NJ 2334<\/p>\n<p>Dimens\u00f5es : 160 \u00d7 340 \u00d7 114<\/p>\n<p>QUALQUER D\u00daVIDA, ENTRE EM CONTATO CONOSCO, ESTAMOS \u00c1 DISPOSI\u00c7\u00c3O!<\/p>\n","protected":false},"excerpt":{"rendered":"<p>LPI PRODUTOS DE QUALIDADE PARA SEU VE\u00cdCULO!<\/p>\n<p>LINHA DE ROLAMENTOS INDUSTRIAIS<\/p>\n<p>TRABALHAMOS COM TODAS LINHAS DE ROLAMENTOS!<\/p>\n<p>ROLAMENTO DE ROLOS CILINDRICOS NJ 2334<\/p>\n<p>Dimens\u00f5es : 160 \u00d7 340 \u00d7 114<\/p>\n<p>QUALQUER D\u00daVIDA, ENTRE EM CONTATO CONOSCO, ESTAMOS \u00c1 DISPOSI\u00c7\u00c3O!<\/p>\n","protected":false},"featured_media":1447,"comment_status":"open","ping_status":"closed","template":"","meta":{"_joinchat":[]},"product_brand":[],"product_cat":[148],"product_tag":[],"class_list":{"0":"post-1446","1":"product","2":"type-product","3":"status-publish","4":"has-post-thumbnail","6":"product_cat-linha-pesada-conicos","8":"first","9":"instock","10":"taxable","11":"shipping-taxable","12":"purchasable","13":"product-type-simple"},"_links":{"self":[{"href":"https:\/\/ztlrolamentos.com.br\/loja\/wp-json\/wp\/v2\/product\/1446","targetHints":{"allow":["GET"]}}],"collection":[{"href":"https:\/\/ztlrolamentos.com.br\/loja\/wp-json\/wp\/v2\/product"}],"about":[{"href":"https:\/\/ztlrolamentos.com.br\/loja\/wp-json\/wp\/v2\/types\/product"}],"replies":[{"embeddable":true,"href":"https:\/\/ztlrolamentos.com.br\/loja\/wp-json\/wp\/v2\/comments?post=1446"}],"wp:featuredmedia":[{"embeddable":true,"href":"https:\/\/ztlrolamentos.com.br\/loja\/wp-json\/wp\/v2\/media\/1447"}],"wp:attachment":[{"href":"https:\/\/ztlrolamentos.com.br\/loja\/wp-json\/wp\/v2\/media?parent=1446"}],"wp:term":[{"taxonomy":"product_brand","embeddable":true,"href":"https:\/\/ztlrolamentos.com.br\/loja\/wp-json\/wp\/v2\/product_brand?post=1446"},{"taxonomy":"product_cat","embeddable":true,"href":"https:\/\/ztlrolamentos.com.br\/loja\/wp-json\/wp\/v2\/product_cat?post=1446"},{"taxonomy":"product_tag","embeddable":true,"href":"https:\/\/ztlrolamentos.com.br\/loja\/wp-json\/wp\/v2\/product_tag?post=1446"}],"curies":[{"name":"wp","href":"https:\/\/api.w.org\/{rel}","templated":true}]}}