{"id":1402,"date":"2021-04-13T10:10:03","date_gmt":"2021-04-13T13:10:03","guid":{"rendered":"https:\/\/www.lpicomercial.com.br\/?post_type=product&#038;p=1402"},"modified":"2023-04-03T14:25:58","modified_gmt":"2023-04-03T17:25:58","slug":"kit-suspensao-rolamento-roda-diant-marajo-chevette-chevy-500-ztl39-2","status":"publish","type":"product","link":"https:\/\/ztlrolamentos.com.br\/loja\/produto\/kit-suspensao-rolamento-roda-diant-marajo-chevette-chevy-500-ztl39-2\/","title":{"rendered":"Kit Suspens\u00e3o Rolamento Roda Diant. \/Maraj\u00f3\/Chevette\/Chevy 500 &#8211; ZTL39"},"content":{"rendered":"<h2 class=\"description__product-title\">Kit Suspens\u00e3o Rolamento Roda Diant. \/Maraj\u00f3\/Chevette\/Chevy 500 &#8211; ZTL39<\/h2>\n<p>LPI COM\u00c9RICO DE AUTOPE\u00c7AS Kit Suspens\u00e3o Rolamento Roda Dianteira \u2013 Completo \u2013 ZTL39<\/p>\n<p>&nbsp;<\/p>\n<p>PRODUTO NOVO<\/p>\n<p>&nbsp;<\/p>\n<p>GM Chevette \u2013 Todos os anos<\/p>\n<p>&nbsp;<\/p>\n<p>GM Chevy 500 \u2013 Todos os anos<\/p>\n<p>&nbsp;<\/p>\n<p>GM Maraj\u00f3 \u2013 Todos os anos<\/p>\n<p>&nbsp;<\/p>\n<p>Marca: ZTL BRASIL<\/p>\n<p class=\"description__text\">\n","protected":false},"excerpt":{"rendered":"<h2 class=\"description__product-title\">Kit Suspens\u00e3o Rolamento Roda Diant. \/Maraj\u00f3\/Chevette\/Chevy 500 &#8211; ZTL39<\/h2>\n<p>LPI COM\u00c9RICO DE AUTOPE\u00c7AS Kit Suspens\u00e3o Rolamento Roda Dianteira \u2013 Completo \u2013 ZTL39<\/p>\n<p>PRODUTO NOVO<\/p>\n<p>GM Chevette \u2013 Todos os anos<\/p>\n<p>GM Chevy 500 \u2013 Todos os anos<\/p>\n<p>GM Maraj\u00f3 \u2013 Todos os anos<\/p>\n","protected":false},"featured_media":1403,"comment_status":"open","ping_status":"closed","template":"","meta":{"_joinchat":[]},"product_brand":[],"product_cat":[15],"product_tag":[],"class_list":{"0":"post-1402","1":"product","2":"type-product","3":"status-publish","4":"has-post-thumbnail","6":"product_cat-sem-categoria","8":"first","9":"instock","10":"taxable","11":"shipping-taxable","12":"purchasable","13":"product-type-simple"},"_links":{"self":[{"href":"https:\/\/ztlrolamentos.com.br\/loja\/wp-json\/wp\/v2\/product\/1402","targetHints":{"allow":["GET"]}}],"collection":[{"href":"https:\/\/ztlrolamentos.com.br\/loja\/wp-json\/wp\/v2\/product"}],"about":[{"href":"https:\/\/ztlrolamentos.com.br\/loja\/wp-json\/wp\/v2\/types\/product"}],"replies":[{"embeddable":true,"href":"https:\/\/ztlrolamentos.com.br\/loja\/wp-json\/wp\/v2\/comments?post=1402"}],"wp:featuredmedia":[{"embeddable":true,"href":"https:\/\/ztlrolamentos.com.br\/loja\/wp-json\/wp\/v2\/media\/1403"}],"wp:attachment":[{"href":"https:\/\/ztlrolamentos.com.br\/loja\/wp-json\/wp\/v2\/media?parent=1402"}],"wp:term":[{"taxonomy":"product_brand","embeddable":true,"href":"https:\/\/ztlrolamentos.com.br\/loja\/wp-json\/wp\/v2\/product_brand?post=1402"},{"taxonomy":"product_cat","embeddable":true,"href":"https:\/\/ztlrolamentos.com.br\/loja\/wp-json\/wp\/v2\/product_cat?post=1402"},{"taxonomy":"product_tag","embeddable":true,"href":"https:\/\/ztlrolamentos.com.br\/loja\/wp-json\/wp\/v2\/product_tag?post=1402"}],"curies":[{"name":"wp","href":"https:\/\/api.w.org\/{rel}","templated":true}]}}