{"id":1380,"date":"2021-02-05T16:02:17","date_gmt":"2021-02-05T19:02:17","guid":{"rendered":"https:\/\/www.lpicomercial.com.br\/?post_type=product&#038;p=1380"},"modified":"2021-02-05T16:02:17","modified_gmt":"2021-02-05T19:02:17","slug":"rolamento-804358-roda-traseira-carreta-moderna","status":"publish","type":"product","link":"https:\/\/ztlrolamentos.com.br\/loja\/produto\/rolamento-804358-roda-traseira-carreta-moderna\/","title":{"rendered":"Rolamento 804358 Roda Traseira Carreta Moderna"},"content":{"rendered":"<p>&nbsp;<\/p>\n<p>LPI PRODUTOS DE QUALIDADE PARA SEU VE\u00cdCULO!<\/p>\n<p>APLICA\u00c7\u00c3O:<\/p>\n<p>Randon 205 &#8211; ANO 1994 &gt; &#8211; COMBUST\u00cdVEL Todos<br \/>\nRandon Carreta &#8211; ANO 1994 &gt; &#8211; COMBUST\u00cdVEL Todos<br \/>\nRandon RK425B &#8211; ANO 1994 &gt; &#8211; COMBUST\u00cdVEL Todos<br \/>\nVolvo VM17 &#8211; ANO Todos &#8211; COMBUST\u00cdVEL Todos<br \/>\nVolvo VM23 &#8211; ANO Todos &#8211; COMBUST\u00cdVEL Todos<br \/>\nRolamento roda carreta \u2013 eixo T INT\/EXT | Randon. 24 roletes. Nome popular: 32216 EXTRA LARGO.<\/p>\n<p>Interno: 80,000 mm Externo: 140,000 mm Altura: 39,250 mm<\/p>\n<p>MARCA: ZTL \u2013 804358<\/p>\n<p>PRODUTO NOVO<\/p>\n<p>GARANTIA: 90 dias ap\u00f3s o recebimento do produto. Todas as garantias s\u00e3o dadas pelos fabricantes, e variam de produto para produto. Para devolu\u00e7\u00f5es, os produtos dever\u00e3o ser remetidos em suas embalagens originais e caso for constatado mal uso, o custo ser\u00e1 por parte do comprador.<\/p>\n","protected":false},"excerpt":{"rendered":"<p>LPI PRODUTOS DE QUALIDADE PARA SEU VE\u00cdCULO!<\/p>\n<p>APLICA\u00c7\u00c3O:<\/p>\n<p>Randon 205 &#8211; ANO 1994 &gt; &#8211; COMBUST\u00cdVEL Todos<br \/>\nRandon Carreta &#8211; ANO 1994 &gt; &#8211; COMBUST\u00cdVEL Todos<br \/>\nRandon RK425B &#8211; ANO 1994 &gt; &#8211; COMBUST\u00cdVEL Todos<br \/>\nVolvo VM17 &#8211; ANO Todos &#8211; COMBUST\u00cdVEL Todos<br \/>\nVolvo VM23 &#8211; ANO Todos &#8211; COMBUST\u00cdVEL Todos<br \/>\nRolamento roda carreta \u2013 eixo T INT\/EXT | Randon. 24 roletes. Nome popular: 32216 EXTRA LARGO.<\/p>\n<p>Interno: 80,000 mm Externo: 140,000 mm Altura: 39,250 mm<\/p>\n<p>MARCA: ZTL \u2013 804358<\/p>\n<p>PRODUTO NOVO<\/p>\n<p>GARANTIA: 90 dias ap\u00f3s o recebimento do produto. Todas as garantias s\u00e3o dadas pelos fabricantes, e variam de produto para produto. Para devolu\u00e7\u00f5es, os produtos dever\u00e3o ser remetidos em suas embalagens originais e caso for constatado mal uso, o custo ser\u00e1 por parte do comprador.<\/p>\n","protected":false},"featured_media":1381,"comment_status":"open","ping_status":"closed","template":"","meta":{"_joinchat":[]},"product_brand":[],"product_cat":[148,37],"product_tag":[],"class_list":{"0":"post-1380","1":"product","2":"type-product","3":"status-publish","4":"has-post-thumbnail","6":"product_cat-linha-pesada-conicos","7":"product_cat-rolamento","9":"first","10":"instock","11":"taxable","12":"shipping-taxable","13":"purchasable","14":"product-type-simple"},"_links":{"self":[{"href":"https:\/\/ztlrolamentos.com.br\/loja\/wp-json\/wp\/v2\/product\/1380","targetHints":{"allow":["GET"]}}],"collection":[{"href":"https:\/\/ztlrolamentos.com.br\/loja\/wp-json\/wp\/v2\/product"}],"about":[{"href":"https:\/\/ztlrolamentos.com.br\/loja\/wp-json\/wp\/v2\/types\/product"}],"replies":[{"embeddable":true,"href":"https:\/\/ztlrolamentos.com.br\/loja\/wp-json\/wp\/v2\/comments?post=1380"}],"wp:featuredmedia":[{"embeddable":true,"href":"https:\/\/ztlrolamentos.com.br\/loja\/wp-json\/wp\/v2\/media\/1381"}],"wp:attachment":[{"href":"https:\/\/ztlrolamentos.com.br\/loja\/wp-json\/wp\/v2\/media?parent=1380"}],"wp:term":[{"taxonomy":"product_brand","embeddable":true,"href":"https:\/\/ztlrolamentos.com.br\/loja\/wp-json\/wp\/v2\/product_brand?post=1380"},{"taxonomy":"product_cat","embeddable":true,"href":"https:\/\/ztlrolamentos.com.br\/loja\/wp-json\/wp\/v2\/product_cat?post=1380"},{"taxonomy":"product_tag","embeddable":true,"href":"https:\/\/ztlrolamentos.com.br\/loja\/wp-json\/wp\/v2\/product_tag?post=1380"}],"curies":[{"name":"wp","href":"https:\/\/api.w.org\/{rel}","templated":true}]}}