{"id":1371,"date":"2021-02-05T14:35:45","date_gmt":"2021-02-05T17:35:45","guid":{"rendered":"https:\/\/www.lpicomercial.com.br\/?post_type=product&#038;p=1371"},"modified":"2023-04-03T14:33:45","modified_gmt":"2023-04-03T17:33:45","slug":"rolamento-rigido-de-esferas-ztl-6305-z","status":"publish","type":"product","link":"https:\/\/ztlrolamentos.com.br\/loja\/produto\/rolamento-rigido-de-esferas-ztl-6305-z\/","title":{"rendered":"Rolamento Ztl- 6305-Z R\u00edgido De Esferas"},"content":{"rendered":"<p>LPI COMERCIAL PRODUTOS DE QUALIDADE PARA SEU VE\u00cdCULO<\/p>\n<p>Rolamento R\u00edgido de Esferas 6305-ZZ<\/p>\n<p>Marca : ZTL<\/p>\n<p>Produto novo<\/p>\n<p>Dimens\u00f5es : Di\u00e2metro Interno : 25mm<br \/>\nLargura : 17mm<br \/>\nDi\u00e2metro Externo : 62mm<\/p>\n<p>Peso : 0,23kg<\/p>\n<p>Estamos \u00e1 disposi\u00e7\u00e3o!<\/p>\n","protected":false},"excerpt":{"rendered":"<p>LPI COMERCIAL PRODUTOS DE QUALIDADE PARA SEU VE\u00cdCULO<\/p>\n<p>Rolamento R\u00edgido de Esferas 6305-ZZ<\/p>\n<p>Marca : ZTL<\/p>\n<p>Produto novo<\/p>\n<p>Dimens\u00f5es : Di\u00e2metro Interno : 25mm<br \/>\nLargura : 17mm<br \/>\nDi\u00e2metro Externo : 62mm<\/p>\n<p>Peso : 0,23kg<\/p>\n<p>Estamos \u00e1 disposi\u00e7\u00e3o!<\/p>\n","protected":false},"featured_media":1372,"comment_status":"open","ping_status":"closed","template":"","meta":{"_joinchat":[]},"product_brand":[],"product_cat":[38,37],"product_tag":[],"class_list":{"0":"post-1371","1":"product","2":"type-product","3":"status-publish","4":"has-post-thumbnail","6":"product_cat-linha-leve-conicos","7":"product_cat-rolamento","9":"first","10":"instock","11":"taxable","12":"shipping-taxable","13":"purchasable","14":"product-type-simple"},"_links":{"self":[{"href":"https:\/\/ztlrolamentos.com.br\/loja\/wp-json\/wp\/v2\/product\/1371","targetHints":{"allow":["GET"]}}],"collection":[{"href":"https:\/\/ztlrolamentos.com.br\/loja\/wp-json\/wp\/v2\/product"}],"about":[{"href":"https:\/\/ztlrolamentos.com.br\/loja\/wp-json\/wp\/v2\/types\/product"}],"replies":[{"embeddable":true,"href":"https:\/\/ztlrolamentos.com.br\/loja\/wp-json\/wp\/v2\/comments?post=1371"}],"wp:featuredmedia":[{"embeddable":true,"href":"https:\/\/ztlrolamentos.com.br\/loja\/wp-json\/wp\/v2\/media\/1372"}],"wp:attachment":[{"href":"https:\/\/ztlrolamentos.com.br\/loja\/wp-json\/wp\/v2\/media?parent=1371"}],"wp:term":[{"taxonomy":"product_brand","embeddable":true,"href":"https:\/\/ztlrolamentos.com.br\/loja\/wp-json\/wp\/v2\/product_brand?post=1371"},{"taxonomy":"product_cat","embeddable":true,"href":"https:\/\/ztlrolamentos.com.br\/loja\/wp-json\/wp\/v2\/product_cat?post=1371"},{"taxonomy":"product_tag","embeddable":true,"href":"https:\/\/ztlrolamentos.com.br\/loja\/wp-json\/wp\/v2\/product_tag?post=1371"}],"curies":[{"name":"wp","href":"https:\/\/api.w.org\/{rel}","templated":true}]}}