{"id":1361,"date":"2021-02-05T14:24:06","date_gmt":"2021-02-05T17:24:06","guid":{"rendered":"https:\/\/www.lpicomercial.com.br\/?post_type=product&#038;p=1361"},"modified":"2023-04-03T14:44:40","modified_gmt":"2023-04-03T17:44:40","slug":"kit-10-rolamentos-rigido-de-esferas-6301-2rs-12x37x12","status":"publish","type":"product","link":"https:\/\/ztlrolamentos.com.br\/loja\/produto\/kit-10-rolamentos-rigido-de-esferas-6301-2rs-12x37x12\/","title":{"rendered":"Kit 10 Rolamentos Rig\u00eddo De Esferas 6301-2rs 12x37x12"},"content":{"rendered":"<p>LPI PRODUTOS DE QUALIDADE PARA SEU VE\u00cdCULO!<\/p>\n<p>KIT COM 10 ROLAMENTOS 6301 2RS<\/p>\n<p>Di\u00e2metro furo 12 mm X Di\u00e2metro maior 37 mm X Largura 12 mm<\/p>\n<p>Marca : ZTL<\/p>\n<p>Garantia : 6 meses.<\/p>\n<p>Produto : Novo.<\/p>\n<p>Estamos \u00e1 disposi\u00e7\u00e3o!<\/p>\n","protected":false},"excerpt":{"rendered":"<p>LPI PRODUTOS DE QUALIDADE PARA SEU VE\u00cdCULO!<\/p>\n<p>KIT COM 10 ROLAMENTOS 6301 2RS<\/p>\n<p>Di\u00e2metro furo 12 mm X Di\u00e2metro maior 37 mm X Largura 12 mm<\/p>\n<p>Marca : ZTL<\/p>\n<p>Garantia : 6 meses.<\/p>\n<p>Produto : Novo.<\/p>\n<p>Estamos \u00e1 disposi\u00e7\u00e3o!<\/p>\n","protected":false},"featured_media":1362,"comment_status":"open","ping_status":"closed","template":"","meta":{"_joinchat":[]},"product_brand":[],"product_cat":[38,37],"product_tag":[],"class_list":{"0":"post-1361","1":"product","2":"type-product","3":"status-publish","4":"has-post-thumbnail","6":"product_cat-linha-leve-conicos","7":"product_cat-rolamento","9":"first","10":"instock","11":"taxable","12":"shipping-taxable","13":"purchasable","14":"product-type-simple"},"_links":{"self":[{"href":"https:\/\/ztlrolamentos.com.br\/loja\/wp-json\/wp\/v2\/product\/1361","targetHints":{"allow":["GET"]}}],"collection":[{"href":"https:\/\/ztlrolamentos.com.br\/loja\/wp-json\/wp\/v2\/product"}],"about":[{"href":"https:\/\/ztlrolamentos.com.br\/loja\/wp-json\/wp\/v2\/types\/product"}],"replies":[{"embeddable":true,"href":"https:\/\/ztlrolamentos.com.br\/loja\/wp-json\/wp\/v2\/comments?post=1361"}],"wp:featuredmedia":[{"embeddable":true,"href":"https:\/\/ztlrolamentos.com.br\/loja\/wp-json\/wp\/v2\/media\/1362"}],"wp:attachment":[{"href":"https:\/\/ztlrolamentos.com.br\/loja\/wp-json\/wp\/v2\/media?parent=1361"}],"wp:term":[{"taxonomy":"product_brand","embeddable":true,"href":"https:\/\/ztlrolamentos.com.br\/loja\/wp-json\/wp\/v2\/product_brand?post=1361"},{"taxonomy":"product_cat","embeddable":true,"href":"https:\/\/ztlrolamentos.com.br\/loja\/wp-json\/wp\/v2\/product_cat?post=1361"},{"taxonomy":"product_tag","embeddable":true,"href":"https:\/\/ztlrolamentos.com.br\/loja\/wp-json\/wp\/v2\/product_tag?post=1361"}],"curies":[{"name":"wp","href":"https:\/\/api.w.org\/{rel}","templated":true}]}}