{"id":1352,"date":"2021-02-05T14:10:07","date_gmt":"2021-02-05T17:10:07","guid":{"rendered":"https:\/\/www.lpicomercial.com.br\/?post_type=product&#038;p=1352"},"modified":"2023-04-03T14:41:04","modified_gmt":"2023-04-03T17:41:04","slug":"rolamento-6300-zz-10x35x11-ztl","status":"publish","type":"product","link":"https:\/\/ztlrolamentos.com.br\/loja\/produto\/rolamento-6300-zz-10x35x11-ztl\/","title":{"rendered":"Rolamento 6300 Zz 10x35x11 Ztl"},"content":{"rendered":"<p>LPI COMERCIAL PRODUTOS DE QUALIDADE PARA SEU VE\u00cdCULO!<\/p>\n<p>Rolamento de Esfera 6300zz<\/p>\n<p>Medidas: Di\u00e2metro Interno: 10mm<br \/>\nDi\u00e2metro Externo: 35mm<br \/>\nLargura: 11mm<\/p>\n<p>Marca: ZTL<\/p>\n<p>Produto: Novo.<\/p>\n<p>Garantia: 6 meses.<\/p>\n<p>N\u00f3s da LPICOMERCIAL estamos \u00e1 sua disposi\u00e7\u00e3o.<\/p>\n","protected":false},"excerpt":{"rendered":"<p>LPI COMERCIAL PRODUTOS DE QUALIDADE PARA SEU VE\u00cdCULO!<\/p>\n<p>Rolamento de Esfera 6300zz<\/p>\n<p>Medidas: Di\u00e2metro Interno: 10mm<br \/>\nDi\u00e2metro Externo: 35mm<br \/>\nLargura: 11mm<\/p>\n<p>Marca: ZTL<\/p>\n<p>Produto: Novo.<\/p>\n<p>Garantia: 6 meses.<\/p>\n<p>N\u00f3s da LPICOMERCIAL estamos \u00e1 sua disposi\u00e7\u00e3o.<\/p>\n","protected":false},"featured_media":1353,"comment_status":"open","ping_status":"closed","template":"","meta":{"_joinchat":[]},"product_brand":[],"product_cat":[38,37],"product_tag":[],"class_list":{"0":"post-1352","1":"product","2":"type-product","3":"status-publish","4":"has-post-thumbnail","6":"product_cat-linha-leve-conicos","7":"product_cat-rolamento","9":"first","10":"instock","11":"taxable","12":"shipping-taxable","13":"purchasable","14":"product-type-simple"},"_links":{"self":[{"href":"https:\/\/ztlrolamentos.com.br\/loja\/wp-json\/wp\/v2\/product\/1352","targetHints":{"allow":["GET"]}}],"collection":[{"href":"https:\/\/ztlrolamentos.com.br\/loja\/wp-json\/wp\/v2\/product"}],"about":[{"href":"https:\/\/ztlrolamentos.com.br\/loja\/wp-json\/wp\/v2\/types\/product"}],"replies":[{"embeddable":true,"href":"https:\/\/ztlrolamentos.com.br\/loja\/wp-json\/wp\/v2\/comments?post=1352"}],"wp:featuredmedia":[{"embeddable":true,"href":"https:\/\/ztlrolamentos.com.br\/loja\/wp-json\/wp\/v2\/media\/1353"}],"wp:attachment":[{"href":"https:\/\/ztlrolamentos.com.br\/loja\/wp-json\/wp\/v2\/media?parent=1352"}],"wp:term":[{"taxonomy":"product_brand","embeddable":true,"href":"https:\/\/ztlrolamentos.com.br\/loja\/wp-json\/wp\/v2\/product_brand?post=1352"},{"taxonomy":"product_cat","embeddable":true,"href":"https:\/\/ztlrolamentos.com.br\/loja\/wp-json\/wp\/v2\/product_cat?post=1352"},{"taxonomy":"product_tag","embeddable":true,"href":"https:\/\/ztlrolamentos.com.br\/loja\/wp-json\/wp\/v2\/product_tag?post=1352"}],"curies":[{"name":"wp","href":"https:\/\/api.w.org\/{rel}","templated":true}]}}