{"id":1302,"date":"2020-12-03T14:50:37","date_gmt":"2020-12-03T17:50:37","guid":{"rendered":"https:\/\/www.lpicomercial.com.br\/?post_type=product&#038;p=1302"},"modified":"2023-04-03T14:46:27","modified_gmt":"2023-04-03T17:46:27","slug":"cubo-de-roda-dianteira-c-rolamento-corsa-prisma-celta-agile","status":"publish","type":"product","link":"https:\/\/ztlrolamentos.com.br\/loja\/produto\/cubo-de-roda-dianteira-c-rolamento-corsa-prisma-celta-agile\/","title":{"rendered":"Cubo De Roda Dianteira C\/ Rolamento-corsa\/prisma\/celta\/agile"},"content":{"rendered":"<p>LPI PRODUTOS DE QUALIDADE PARA SEU VE\u00cdCULO. LINHA LEVE, PESADA E VANS.<\/p>\n<p>Cubo de Roda Dianteira C\/ Rolamento Sem ABS.<\/p>\n<p>Marca: VOBER<\/p>\n<p>Aplica\u00e7\u00f5es: GM AGILE 1.4 2010\/<\/p>\n<p>GM CELTA TODOS 2001\/<\/p>\n<p>GM CORSA 1.0 1993\/2001<\/p>\n<p>GM CORSA 1.0 16V 1999\/2001<\/p>\n<p>GM CORSA 1.6 1995\/2001<\/p>\n<p>GM CORSA PICKUP 1995\/<\/p>\n<p>GM CORSA SEDAN 1.0 16V 1999\/<\/p>\n<p>GM PRISMA TODOS 2007\/2012<\/p>\n<p>GM TIGRA TODOS 1998\/1998<\/p>\n<p>Furo rolamento : 34MM \/ 22 Dentes.<\/p>\n<p>Qualquer d\u00favida, estamos a sua disposi\u00e7\u00e3o!<\/p>\n<p>Garantia: 90 dias.<\/p>\n","protected":false},"excerpt":{"rendered":"<p>LPI PRODUTOS DE QUALIDADE PARA SEU VE\u00cdCULO. LINHA LEVE, PESADA E VANS.<\/p>\n<p>Cubo de Roda Dianteira C\/ Rolamento Sem ABS.<\/p>\n<p>Marca: VOBER<\/p>\n<p>Aplica\u00e7\u00f5es: GM AGILE 1.4 2010\/<\/p>\n<p>GM CELTA TODOS 2001\/<\/p>\n<p>GM CORSA 1.0 1993\/2001<\/p>\n<p>GM CORSA 1.0 16V 1999\/2001<\/p>\n<p>GM CORSA 1.6 1995\/2001<\/p>\n<p>GM CORSA PICKUP 1995\/<\/p>\n<p>GM CORSA SEDAN 1.0 16V 1999\/<\/p>\n<p>GM PRISMA TODOS 2007\/2012<\/p>\n<p>GM TIGRA TODOS 1998\/1998<\/p>\n<p>Furo rolamento : 34MM \/ 22 Dentes.<\/p>\n<p>Qualquer d\u00favida, estamos a sua disposi\u00e7\u00e3o!<\/p>\n<p>Garantia: 90 dias.<\/p>\n","protected":false},"featured_media":0,"comment_status":"open","ping_status":"closed","template":"","meta":{"_joinchat":[]},"product_brand":[],"product_cat":[40],"product_tag":[42,150],"class_list":{"0":"post-1302","1":"product","2":"type-product","3":"status-publish","5":"product_cat-cubo-de-roda","6":"product_tag-cubo-de-roda","7":"product_tag-rolamento","9":"first","10":"instock","11":"taxable","12":"shipping-taxable","13":"purchasable","14":"product-type-simple"},"_links":{"self":[{"href":"https:\/\/ztlrolamentos.com.br\/loja\/wp-json\/wp\/v2\/product\/1302","targetHints":{"allow":["GET"]}}],"collection":[{"href":"https:\/\/ztlrolamentos.com.br\/loja\/wp-json\/wp\/v2\/product"}],"about":[{"href":"https:\/\/ztlrolamentos.com.br\/loja\/wp-json\/wp\/v2\/types\/product"}],"replies":[{"embeddable":true,"href":"https:\/\/ztlrolamentos.com.br\/loja\/wp-json\/wp\/v2\/comments?post=1302"}],"wp:attachment":[{"href":"https:\/\/ztlrolamentos.com.br\/loja\/wp-json\/wp\/v2\/media?parent=1302"}],"wp:term":[{"taxonomy":"product_brand","embeddable":true,"href":"https:\/\/ztlrolamentos.com.br\/loja\/wp-json\/wp\/v2\/product_brand?post=1302"},{"taxonomy":"product_cat","embeddable":true,"href":"https:\/\/ztlrolamentos.com.br\/loja\/wp-json\/wp\/v2\/product_cat?post=1302"},{"taxonomy":"product_tag","embeddable":true,"href":"https:\/\/ztlrolamentos.com.br\/loja\/wp-json\/wp\/v2\/product_tag?post=1302"}],"curies":[{"name":"wp","href":"https:\/\/api.w.org\/{rel}","templated":true}]}}