{"id":1261,"date":"2023-02-28T08:59:06","date_gmt":"2023-02-28T11:59:06","guid":{"rendered":"https:\/\/www.lpicomercial.com.br\/?post_type=product&#038;p=1261"},"modified":"2023-05-23T12:36:27","modified_gmt":"2023-05-23T15:36:27","slug":"rolamento-399-365-roda-t-fordf1000-7990-engesa-jeep-4x4-2","status":"publish","type":"product","link":"https:\/\/ztlrolamentos.com.br\/loja\/produto\/rolamento-399-365-roda-t-fordf1000-7990-engesa-jeep-4x4-2\/","title":{"rendered":"Rolamento 399\/365 Roda T Ford:f1000 7990 \/ Engesa Jeep 4&#215;4"},"content":{"rendered":"<p>LPI PRODUTOS DE QUALIDADE PARA SEU VE\u00cdCULO. LINHA LEVE,PESADA E VANS.<\/p>\n<p>APLICA\u00c7\u00c3O:<\/p>\n<p>Rolamento roda T | Ford: F1000 79&gt;90. GM: Eixo 44. MPL: Javali. Diferencial: Dana-Albarus. Kit: ZTL9.<\/p>\n<p>Engesa Jeep 4\u00d74 &#8211; Ano Todos<br \/>\nFord F1000 &#8211; Ano 1979 &gt; 1990<br \/>\nInterno: 39,688 mm Externo: 79,967 mm Altura: 22,098 mm<br \/>\nMARCA: ZTL \u2013 399\/365<\/p>\n<p>PRODUTO NOVO<\/p>\n<p>GARANTIA: 90 dias ap\u00f3s o recebimento do produto. Todas as garantias s\u00e3o dadas pelos fabricantes, e variam de produto para produto. Para devolu\u00e7\u00f5es, os produtos dever\u00e3o ser remetidos em suas embalagens originais e caso for constatado mal uso, o custo ser\u00e1 por parte do comprador.<\/p>\n","protected":false},"excerpt":{"rendered":"<p>LPI.PRODUTOS DE QUALIDADE PARA SEU VE\u00cdCULO. LINHA LEVE,PESADA E VANS.<\/p>\n<p>APLICA\u00c7\u00c3O:<\/p>\n<p>Rolamento roda T | Ford: F1000 79&gt;90. GM: Eixo 44. MPL: Javali. Diferencial: Dana-Albarus. Kit: ZTL9.<\/p>\n<p>Engesa Jeep 4\u00d74 &#8211; Ano Todos<br \/>\nFord F1000 &#8211; Ano 1979 &gt; 1990<br \/>\nInterno: 39,688 mm Externo: 79,967 mm Altura: 22,098 mm<br \/>\nMARCA: ZTL \u2013 399\/365<\/p>\n<p>PRODUTO NOVO<\/p>\n<p>GARANTIA: 90 dias ap\u00f3s o recebimento do produto. Todas as garantias s\u00e3o dadas pelos fabricantes, e variam de produto para produto. Para devolu\u00e7\u00f5es, os produtos dever\u00e3o ser remetidos em suas embalagens originais e caso for constatado mal uso, o custo ser\u00e1 por parte do comprador.<\/p>\n","protected":false},"featured_media":1262,"comment_status":"open","ping_status":"closed","template":"","meta":{"_joinchat":[]},"product_brand":[],"product_cat":[38,37],"product_tag":[49,382,291,150,249],"class_list":{"0":"post-1261","1":"product","2":"type-product","3":"status-publish","4":"has-post-thumbnail","6":"product_cat-linha-leve-conicos","7":"product_cat-rolamento","8":"product_tag-ford","9":"product_tag-jeep","10":"product_tag-roda","11":"product_tag-rolamento","12":"product_tag-rolamentos","14":"first","15":"instock","16":"taxable","17":"shipping-taxable","18":"purchasable","19":"product-type-simple"},"_links":{"self":[{"href":"https:\/\/ztlrolamentos.com.br\/loja\/wp-json\/wp\/v2\/product\/1261","targetHints":{"allow":["GET"]}}],"collection":[{"href":"https:\/\/ztlrolamentos.com.br\/loja\/wp-json\/wp\/v2\/product"}],"about":[{"href":"https:\/\/ztlrolamentos.com.br\/loja\/wp-json\/wp\/v2\/types\/product"}],"replies":[{"embeddable":true,"href":"https:\/\/ztlrolamentos.com.br\/loja\/wp-json\/wp\/v2\/comments?post=1261"}],"wp:featuredmedia":[{"embeddable":true,"href":"https:\/\/ztlrolamentos.com.br\/loja\/wp-json\/wp\/v2\/media\/1262"}],"wp:attachment":[{"href":"https:\/\/ztlrolamentos.com.br\/loja\/wp-json\/wp\/v2\/media?parent=1261"}],"wp:term":[{"taxonomy":"product_brand","embeddable":true,"href":"https:\/\/ztlrolamentos.com.br\/loja\/wp-json\/wp\/v2\/product_brand?post=1261"},{"taxonomy":"product_cat","embeddable":true,"href":"https:\/\/ztlrolamentos.com.br\/loja\/wp-json\/wp\/v2\/product_cat?post=1261"},{"taxonomy":"product_tag","embeddable":true,"href":"https:\/\/ztlrolamentos.com.br\/loja\/wp-json\/wp\/v2\/product_tag?post=1261"}],"curies":[{"name":"wp","href":"https:\/\/api.w.org\/{rel}","templated":true}]}}