{"id":1217,"date":"2020-11-09T15:20:51","date_gmt":"2020-11-09T18:20:51","guid":{"rendered":"https:\/\/www.lpicomercial.com.br\/?post_type=product&#038;p=1217"},"modified":"2023-04-03T15:23:31","modified_gmt":"2023-04-03T18:23:31","slug":"tensor-correia-dentada-motor-fiasa-fiorino-palio-uno-siena","status":"publish","type":"product","link":"https:\/\/ztlrolamentos.com.br\/loja\/produto\/tensor-correia-dentada-motor-fiasa-fiorino-palio-uno-siena\/","title":{"rendered":"Tensor Correia Dentada &#8211; Motor Fiasa &#8211; FIORINO\/ PALIO\/ UNO\/ SIENA"},"content":{"rendered":"<p>LPI PRODUTOS DE QUALIDADE PARA SEU VE\u00cdCULO. LINHA LEVE, PESADA E VANS.<\/p>\n<p>Tensor Correia Dentada 14036 &#8211; Distribui\u00e7\u00e3o &#8211; Ve\u00edculos com Motor Fiasa<\/p>\n<p>Marca: ZTL<\/p>\n<p>Fiat Fiorino 1.0 8V &#8211; Ano: Todos<br \/>\nFiat Fiorino 1.5 8V &#8211; Ano: Todos<br \/>\nFiat Palio 1.0 8V &#8211; Ano: Todos<br \/>\nFiat Palio 1.5 8V &#8211; Ano: Todos<br \/>\nFiat Siena 1.0 8V &#8211; Ano: Todos<br \/>\nFiat Siena 1.5 8V &#8211; Ano: Todos<br \/>\nFiat Strada 1.0 8V &#8211; Ano: Todos<br \/>\nFiat Strada 1.5 8V &#8211; Ano: Todos<br \/>\nFiatUno 1.0 8V &#8211; Ano: Todos<br \/>\nFiat Uno 1.5 8V &#8211; Ano: Todos<\/p>\n<p>Medidas: Interno: 84 mm Externo: 600 mm Altura: 239 mm<\/p>\n<p>Garantia: 90 dias.<\/p>\n","protected":false},"excerpt":{"rendered":"<p>LPI PRODUTOS DE QUALIDADE PARA SEU VE\u00cdCULO. LINHA LEVE, PESADA E VANS.<\/p>\n<p>Tensor Correia Dentada 14036 &#8211; Distribui\u00e7\u00e3o &#8211; Ve\u00edculos com Motor Fiasa<\/p>\n<p>Marca: ZTL<\/p>\n<p>Fiat Fiorino 1.0 8V &#8211; Ano: Todos<br \/>\nFiat Fiorino 1.5 8V &#8211; Ano: Todos<br \/>\nFiat Palio 1.0 8V &#8211; Ano: Todos<br \/>\nFiat Palio 1.5 8V &#8211; Ano: Todos<br \/>\nFiat Siena 1.0 8V &#8211; Ano: Todos<br \/>\nFiat Siena 1.5 8V &#8211; Ano: Todos<br \/>\nFiat Strada 1.0 8V &#8211; Ano: Todos<br \/>\nFiat Strada 1.5 8V &#8211; Ano: Todos<br \/>\nTo FiatU 0 8V &#8211; Ano: Todos<br \/>\nFiat Uno 1.5 8V &#8211; Ano: Todos<\/p>\n<p>Medidas: Interno: 84 mm Externo: 600 mm Altura: 239 mm<\/p>\n<p>Garantia: 90 dias.<\/p>\n","protected":false},"featured_media":1218,"comment_status":"open","ping_status":"closed","template":"","meta":{"_joinchat":[]},"product_brand":[],"product_cat":[37,160],"product_tag":[350,150,249],"class_list":{"0":"post-1217","1":"product","2":"type-product","3":"status-publish","4":"has-post-thumbnail","6":"product_cat-rolamento","7":"product_cat-utilitarios-conicos","8":"product_tag-motor","9":"product_tag-rolamento","10":"product_tag-rolamentos","12":"first","13":"instock","14":"taxable","15":"shipping-taxable","16":"purchasable","17":"product-type-simple"},"_links":{"self":[{"href":"https:\/\/ztlrolamentos.com.br\/loja\/wp-json\/wp\/v2\/product\/1217","targetHints":{"allow":["GET"]}}],"collection":[{"href":"https:\/\/ztlrolamentos.com.br\/loja\/wp-json\/wp\/v2\/product"}],"about":[{"href":"https:\/\/ztlrolamentos.com.br\/loja\/wp-json\/wp\/v2\/types\/product"}],"replies":[{"embeddable":true,"href":"https:\/\/ztlrolamentos.com.br\/loja\/wp-json\/wp\/v2\/comments?post=1217"}],"wp:featuredmedia":[{"embeddable":true,"href":"https:\/\/ztlrolamentos.com.br\/loja\/wp-json\/wp\/v2\/media\/1218"}],"wp:attachment":[{"href":"https:\/\/ztlrolamentos.com.br\/loja\/wp-json\/wp\/v2\/media?parent=1217"}],"wp:term":[{"taxonomy":"product_brand","embeddable":true,"href":"https:\/\/ztlrolamentos.com.br\/loja\/wp-json\/wp\/v2\/product_brand?post=1217"},{"taxonomy":"product_cat","embeddable":true,"href":"https:\/\/ztlrolamentos.com.br\/loja\/wp-json\/wp\/v2\/product_cat?post=1217"},{"taxonomy":"product_tag","embeddable":true,"href":"https:\/\/ztlrolamentos.com.br\/loja\/wp-json\/wp\/v2\/product_tag?post=1217"}],"curies":[{"name":"wp","href":"https:\/\/api.w.org\/{rel}","templated":true}]}}