{"id":1200,"date":"2020-11-06T15:16:43","date_gmt":"2020-11-06T18:16:43","guid":{"rendered":"https:\/\/www.lpicomercial.com.br\/?post_type=product&#038;p=1200"},"modified":"2023-04-03T15:28:09","modified_gmt":"2023-04-03T18:28:09","slug":"rolamento-384802-direcao-cubo-redutor-3-eixo-c-tracao-motor-volvo","status":"publish","type":"product","link":"https:\/\/ztlrolamentos.com.br\/loja\/produto\/rolamento-384802-direcao-cubo-redutor-3-eixo-c-tracao-motor-volvo\/","title":{"rendered":"Rolamento 384802 &#8211; Dire\u00e7\u00e3o Cubo Redutor 3 Eixo c\/ Tra\u00e7\u00e3o Motor Volvo"},"content":{"rendered":"<p>LPI COM\u00c9RCIO DE AUTOPE\u00c7AS. LINHA LEVE, PESADO E VANS.<\/p>\n<p>Rolamento dire\u00e7\u00e3o &#8211; cubo redutor &#8211; 3 eixo com tra\u00e7\u00e3o<\/p>\n<p>Aplica com: 384804.<\/p>\n<p>Motor Volvo: TD101. Cubo redutor: EV81.<\/p>\n<p>Volvo N10 &#8211; Ano: 1981<br \/>\nVolvo N12 &#8211; Ano: 1981<\/p>\n<p>Marca: ZTL<\/p>\n<p>PRODUTO NOVO<\/p>\n","protected":false},"excerpt":{"rendered":"<p>LPI COM\u00c9RCIO DE AUTOPE\u00c7AS. LINHA LEVE, PESADO E VANS.<\/p>\n<p>Rolamento dire\u00e7\u00e3o &#8211; cubo redutor &#8211; 3 eixo com tra\u00e7\u00e3o<\/p>\n<p>Aplica com: 384804.<\/p>\n<p>Motor Volvo: TD101. Cubo redutor: EV81.<\/p>\n<p>Volvo N10 &#8211; Ano: 1981<br \/>\nVolvo N12 &#8211; Ano: 1981<\/p>\n<p>Marca: ZTL<\/p>\n<p>PRODUTO NOVO<\/p>\n","protected":false},"featured_media":1201,"comment_status":"open","ping_status":"closed","template":"","meta":{"_joinchat":[]},"product_brand":[],"product_cat":[38,37],"product_tag":[150,249,153],"class_list":{"0":"post-1200","1":"product","2":"type-product","3":"status-publish","4":"has-post-thumbnail","6":"product_cat-linha-leve-conicos","7":"product_cat-rolamento","8":"product_tag-rolamento","9":"product_tag-rolamentos","10":"product_tag-volvo","12":"first","13":"instock","14":"taxable","15":"shipping-taxable","16":"purchasable","17":"product-type-simple"},"_links":{"self":[{"href":"https:\/\/ztlrolamentos.com.br\/loja\/wp-json\/wp\/v2\/product\/1200","targetHints":{"allow":["GET"]}}],"collection":[{"href":"https:\/\/ztlrolamentos.com.br\/loja\/wp-json\/wp\/v2\/product"}],"about":[{"href":"https:\/\/ztlrolamentos.com.br\/loja\/wp-json\/wp\/v2\/types\/product"}],"replies":[{"embeddable":true,"href":"https:\/\/ztlrolamentos.com.br\/loja\/wp-json\/wp\/v2\/comments?post=1200"}],"wp:featuredmedia":[{"embeddable":true,"href":"https:\/\/ztlrolamentos.com.br\/loja\/wp-json\/wp\/v2\/media\/1201"}],"wp:attachment":[{"href":"https:\/\/ztlrolamentos.com.br\/loja\/wp-json\/wp\/v2\/media?parent=1200"}],"wp:term":[{"taxonomy":"product_brand","embeddable":true,"href":"https:\/\/ztlrolamentos.com.br\/loja\/wp-json\/wp\/v2\/product_brand?post=1200"},{"taxonomy":"product_cat","embeddable":true,"href":"https:\/\/ztlrolamentos.com.br\/loja\/wp-json\/wp\/v2\/product_cat?post=1200"},{"taxonomy":"product_tag","embeddable":true,"href":"https:\/\/ztlrolamentos.com.br\/loja\/wp-json\/wp\/v2\/product_tag?post=1200"}],"curies":[{"name":"wp","href":"https:\/\/api.w.org\/{rel}","templated":true}]}}