{"id":1196,"date":"2020-11-06T13:41:24","date_gmt":"2020-11-06T16:41:24","guid":{"rendered":"https:\/\/www.lpicomercial.com.br\/?post_type=product&#038;p=1196"},"modified":"2023-04-03T15:28:51","modified_gmt":"2023-04-03T18:28:51","slug":"rolamento-de-rolos-conicos-31307-uma-carreira","status":"publish","type":"product","link":"https:\/\/ztlrolamentos.com.br\/loja\/produto\/rolamento-de-rolos-conicos-31307-uma-carreira\/","title":{"rendered":"Rolamento De Rolos C\u00f4nicos 31307 &#8211; Uma Carreira"},"content":{"rendered":"<p>LPI COM\u00c9RCIO DE AUTOPE\u00c7AS. LINHA LEVE, PESADA E VANS!<\/p>\n<p>Rolamento de rolos c\u00f4ncos 31307<\/p>\n<p>Medidas: 35mm &#8211; di\u00e2metro interno 80mm &#8211; di\u00e2metro externo 22.75mm &#8211; altura completa<\/p>\n<p>Marca: ZTL<\/p>\n<p>PRODUTO NOVO<\/p>\n","protected":false},"excerpt":{"rendered":"<p>LPI COM\u00c9RCIO DE AUTOPE\u00c7AS. LINHA LEVE, PESADA E VANS!<\/p>\n<p>Rolamento de rolos c\u00f4ncos 31307<\/p>\n<p>Medidas: 35mm &#8211; di\u00e2metro interno 80mm &#8211; di\u00e2metro externo 22.75mm &#8211; altura completa<\/p>\n<p>Marca: ZTL<\/p>\n<p>PRODUTO NOVO<\/p>\n","protected":false},"featured_media":1197,"comment_status":"open","ping_status":"closed","template":"","meta":{"_joinchat":[]},"product_brand":[],"product_cat":[38,37],"product_tag":[291,150,249,357],"class_list":{"0":"post-1196","1":"product","2":"type-product","3":"status-publish","4":"has-post-thumbnail","6":"product_cat-linha-leve-conicos","7":"product_cat-rolamento","8":"product_tag-roda","9":"product_tag-rolamento","10":"product_tag-rolamentos","11":"product_tag-rolos","13":"first","14":"instock","15":"taxable","16":"shipping-taxable","17":"purchasable","18":"product-type-simple"},"_links":{"self":[{"href":"https:\/\/ztlrolamentos.com.br\/loja\/wp-json\/wp\/v2\/product\/1196","targetHints":{"allow":["GET"]}}],"collection":[{"href":"https:\/\/ztlrolamentos.com.br\/loja\/wp-json\/wp\/v2\/product"}],"about":[{"href":"https:\/\/ztlrolamentos.com.br\/loja\/wp-json\/wp\/v2\/types\/product"}],"replies":[{"embeddable":true,"href":"https:\/\/ztlrolamentos.com.br\/loja\/wp-json\/wp\/v2\/comments?post=1196"}],"wp:featuredmedia":[{"embeddable":true,"href":"https:\/\/ztlrolamentos.com.br\/loja\/wp-json\/wp\/v2\/media\/1197"}],"wp:attachment":[{"href":"https:\/\/ztlrolamentos.com.br\/loja\/wp-json\/wp\/v2\/media?parent=1196"}],"wp:term":[{"taxonomy":"product_brand","embeddable":true,"href":"https:\/\/ztlrolamentos.com.br\/loja\/wp-json\/wp\/v2\/product_brand?post=1196"},{"taxonomy":"product_cat","embeddable":true,"href":"https:\/\/ztlrolamentos.com.br\/loja\/wp-json\/wp\/v2\/product_cat?post=1196"},{"taxonomy":"product_tag","embeddable":true,"href":"https:\/\/ztlrolamentos.com.br\/loja\/wp-json\/wp\/v2\/product_tag?post=1196"}],"curies":[{"name":"wp","href":"https:\/\/api.w.org\/{rel}","templated":true}]}}