{"id":1188,"date":"2020-11-05T16:59:39","date_gmt":"2020-11-05T19:59:39","guid":{"rendered":"https:\/\/www.lpicomercial.com.br\/?post_type=product&#038;p=1188"},"modified":"2023-04-03T15:33:36","modified_gmt":"2023-04-03T18:33:36","slug":"rolamento-diferencial-pinhao-diant-509333-mercedes-benz-2","status":"publish","type":"product","link":"https:\/\/ztlrolamentos.com.br\/loja\/produto\/rolamento-diferencial-pinhao-diant-509333-mercedes-benz-2\/","title":{"rendered":"Rolamento Diferencial -pinh\u00e3o Diant. 509333 &#8211; Mercedes Benz"},"content":{"rendered":"<p>LPI COM\u00c9RCIO DE AUTOPE\u00c7AS. LINHA LEVE, PESADA E VANS.<\/p>\n<p>Rolamento diferencial &#8211; pinh\u00e3o D | MBB Eixos HL5, HH4\/12, HL 4\/26, HL5\/2.<\/p>\n<p>Marca: ZTL<\/p>\n<p>Aplica\u00e7\u00e3o em Mercedes Benz diversos modelos e anos.<\/p>\n<p>Medidas: Interno: 65,000 mm Externo: 145,000 mm Altura: 36,000 mm<\/p>\n<p>Garantia 90 dias.<\/p>\n<p>Qualquer d\u00favida, entrar em contato!!<\/p>\n","protected":false},"excerpt":{"rendered":"<p>LPI COM\u00c9RCIO DE AUTOPE\u00c7AS. LINHA LEVE, PESADA E VANS.<\/p>\n<p>Rolamento diferencial &#8211; pinh\u00e3o D | MBB Eixos HL5, HH4\/12, HL 4\/26, HL5\/2.<\/p>\n<p>Marca: ZTL<\/p>\n<p>Aplica\u00e7\u00e3o em Mercede Bens diversos modelos e anos.<\/p>\n<p>Medidas: Interno: 65,000 mm Externo: 145,000 mm Altura: 36,000 mm<\/p>\n<p>Garantia 90 dias.<\/p>\n<p>Qualquer d\u00favida, entrar em contato!!<\/p>\n","protected":false},"featured_media":1187,"comment_status":"open","ping_status":"closed","template":"","meta":{"_joinchat":[]},"product_brand":[],"product_cat":[148,37],"product_tag":[281,291,150,249],"class_list":{"0":"post-1188","1":"product","2":"type-product","3":"status-publish","4":"has-post-thumbnail","6":"product_cat-linha-pesada-conicos","7":"product_cat-rolamento","8":"product_tag-mercedes-benz","9":"product_tag-roda","10":"product_tag-rolamento","11":"product_tag-rolamentos","13":"first","14":"instock","15":"taxable","16":"shipping-taxable","17":"purchasable","18":"product-type-simple"},"_links":{"self":[{"href":"https:\/\/ztlrolamentos.com.br\/loja\/wp-json\/wp\/v2\/product\/1188","targetHints":{"allow":["GET"]}}],"collection":[{"href":"https:\/\/ztlrolamentos.com.br\/loja\/wp-json\/wp\/v2\/product"}],"about":[{"href":"https:\/\/ztlrolamentos.com.br\/loja\/wp-json\/wp\/v2\/types\/product"}],"replies":[{"embeddable":true,"href":"https:\/\/ztlrolamentos.com.br\/loja\/wp-json\/wp\/v2\/comments?post=1188"}],"wp:featuredmedia":[{"embeddable":true,"href":"https:\/\/ztlrolamentos.com.br\/loja\/wp-json\/wp\/v2\/media\/1187"}],"wp:attachment":[{"href":"https:\/\/ztlrolamentos.com.br\/loja\/wp-json\/wp\/v2\/media?parent=1188"}],"wp:term":[{"taxonomy":"product_brand","embeddable":true,"href":"https:\/\/ztlrolamentos.com.br\/loja\/wp-json\/wp\/v2\/product_brand?post=1188"},{"taxonomy":"product_cat","embeddable":true,"href":"https:\/\/ztlrolamentos.com.br\/loja\/wp-json\/wp\/v2\/product_cat?post=1188"},{"taxonomy":"product_tag","embeddable":true,"href":"https:\/\/ztlrolamentos.com.br\/loja\/wp-json\/wp\/v2\/product_tag?post=1188"}],"curies":[{"name":"wp","href":"https:\/\/api.w.org\/{rel}","templated":true}]}}