{"id":1167,"date":"2020-11-05T09:31:20","date_gmt":"2020-11-05T12:31:20","guid":{"rendered":"https:\/\/www.lpicomercial.com.br\/?post_type=product&#038;p=1167"},"modified":"2023-04-03T15:40:18","modified_gmt":"2023-04-03T18:40:18","slug":"rolamento-roda-trs-kangoo-laguna-sandero-classe-a160-a190","status":"publish","type":"product","link":"https:\/\/ztlrolamentos.com.br\/loja\/produto\/rolamento-roda-trs-kangoo-laguna-sandero-classe-a160-a190\/","title":{"rendered":"Rolamento Roda Trs Kangoo Laguna Sandero Classe A160 A190 ."},"content":{"rendered":"<p>LPICOMERCIAL.PRODUTOS DE QUALIDADE PARA SEU VE\u00cdCULO. LINHA LEVE,PESADA E VANS.<\/p>\n<p>Rolamento de Roda Traseira MERCEDES BENZ A160 1999-2005<br \/>\nMercedes Benz: 0019903850, 1689810327, 2013570172<br \/>\nRolamento de Roda Traseira MERCEDES BENZ A190 1999-2005<\/p>\n<p>Rolamento de Roda Traseira RENAULT Kangoo (1.6L) 1999-2007, freio a tambor, sem ABS Renault: 7701205596, 7701463987, 7701205596<br \/>\nRolamento de Roda Traseira RENAULT Laguna (2.0L) 1993-2001, freio a tambor<br \/>\nRolamento de Roda Traseira RENAULT Logan (1.0L, 1.6L) 2015-2019<br \/>\nRolamento de Roda Traseira RENAULT Sandero (1.0L, 1.6L) 2015-2019<\/p>\n<p>medidas: 25x55x37<\/p>\n<p>Similar: FAG\/803837 SKF\/VKBA-0976 SNR\/FC-12271-S0 SKF\/VKBA-3521 SNR\/FC-41795 RN\/7701-210004 COBRA\/DAC-2555 AES\/F-15043 PFI\/PW-255543<\/p>\n<p>Produto Novo<\/p>\n<p>GARANTIA: 365 dias ap\u00f3s o recebimento do produto. Todas as garantias s\u00e3o dadas pelos fabricantes, e variam de produto para produto. Para devolu\u00e7\u00f5es, os produtos dever\u00e3o ser remetidos em suas embalagens originais e caso for constatado mal uso, o custo ser\u00e1 por parte do comprador.<\/p>\n","protected":false},"excerpt":{"rendered":"<p>LPICOMERCIAL.PRODUTOS DE QUALIDADE PARA SEU VE\u00cdCULO. LINHA LEVE,PESADA E VANS.<\/p>\n<p>Rolamento de Roda Traseira MERCEDES BENZ A160 1999-2005<br \/>\nMercedes Benz: 0019903850, 1689810327, 2013570172<br \/>\nRolamento de Roda Traseira MERCEDES BENZ A190 1999-2005<\/p>\n<p>PRODUTO NOVO<\/p>\n<p>Marca: ZTL<\/p>\n","protected":false},"featured_media":1168,"comment_status":"open","ping_status":"closed","template":"","meta":{"_joinchat":[]},"product_brand":[],"product_cat":[37],"product_tag":[152,281,291,150,249],"class_list":{"0":"post-1167","1":"product","2":"type-product","3":"status-publish","4":"has-post-thumbnail","6":"product_cat-rolamento","7":"product_tag-mercedes","8":"product_tag-mercedes-benz","9":"product_tag-roda","10":"product_tag-rolamento","11":"product_tag-rolamentos","13":"first","14":"instock","15":"taxable","16":"shipping-taxable","17":"purchasable","18":"product-type-simple"},"_links":{"self":[{"href":"https:\/\/ztlrolamentos.com.br\/loja\/wp-json\/wp\/v2\/product\/1167","targetHints":{"allow":["GET"]}}],"collection":[{"href":"https:\/\/ztlrolamentos.com.br\/loja\/wp-json\/wp\/v2\/product"}],"about":[{"href":"https:\/\/ztlrolamentos.com.br\/loja\/wp-json\/wp\/v2\/types\/product"}],"replies":[{"embeddable":true,"href":"https:\/\/ztlrolamentos.com.br\/loja\/wp-json\/wp\/v2\/comments?post=1167"}],"wp:featuredmedia":[{"embeddable":true,"href":"https:\/\/ztlrolamentos.com.br\/loja\/wp-json\/wp\/v2\/media\/1168"}],"wp:attachment":[{"href":"https:\/\/ztlrolamentos.com.br\/loja\/wp-json\/wp\/v2\/media?parent=1167"}],"wp:term":[{"taxonomy":"product_brand","embeddable":true,"href":"https:\/\/ztlrolamentos.com.br\/loja\/wp-json\/wp\/v2\/product_brand?post=1167"},{"taxonomy":"product_cat","embeddable":true,"href":"https:\/\/ztlrolamentos.com.br\/loja\/wp-json\/wp\/v2\/product_cat?post=1167"},{"taxonomy":"product_tag","embeddable":true,"href":"https:\/\/ztlrolamentos.com.br\/loja\/wp-json\/wp\/v2\/product_tag?post=1167"}],"curies":[{"name":"wp","href":"https:\/\/api.w.org\/{rel}","templated":true}]}}