{"id":1143,"date":"2020-10-30T11:06:18","date_gmt":"2020-10-30T14:06:18","guid":{"rendered":"https:\/\/www.lpicomercial.com.br\/?post_type=product&#038;p=1143"},"modified":"2023-04-03T15:47:54","modified_gmt":"2023-04-03T18:47:54","slug":"rolamento-c6200-kit-com-6-pecas-aco-carbono-2","status":"publish","type":"product","link":"https:\/\/ztlrolamentos.com.br\/loja\/produto\/rolamento-c6200-kit-com-6-pecas-aco-carbono-2\/","title":{"rendered":"Rolamento C6200 Kit Com 6 Pe\u00e7as A\u00e7o Carbono"},"content":{"rendered":"<p>LPI COM\u00c9RCIO DE AUTOPE\u00c7AS<\/p>\n<p>Rolamento para Alternador 6200-2RS<\/p>\n<p>Medidas: 30mm x 10mm x 9mm PRODUTO NOVO<\/p>\n<p>Garantia 3 Meses<\/p>\n","protected":false},"excerpt":{"rendered":"<p>LPI COM\u00c9RCIO DE AUTOPE\u00c7AS<\/p>\n<p>Rolamento para Alternador 6200-2RS<\/p>\n<p>Medidas: 30mm x 10mm x 9mm PRODUTO NOVO<\/p>\n<p>Garantia 3 Meses<\/p>\n","protected":false},"featured_media":1144,"comment_status":"open","ping_status":"closed","template":"","meta":{"_joinchat":[]},"product_brand":[],"product_cat":[15],"product_tag":[],"class_list":{"0":"post-1143","1":"product","2":"type-product","3":"status-publish","4":"has-post-thumbnail","6":"product_cat-sem-categoria","8":"first","9":"instock","10":"taxable","11":"shipping-taxable","12":"purchasable","13":"product-type-simple"},"_links":{"self":[{"href":"https:\/\/ztlrolamentos.com.br\/loja\/wp-json\/wp\/v2\/product\/1143","targetHints":{"allow":["GET"]}}],"collection":[{"href":"https:\/\/ztlrolamentos.com.br\/loja\/wp-json\/wp\/v2\/product"}],"about":[{"href":"https:\/\/ztlrolamentos.com.br\/loja\/wp-json\/wp\/v2\/types\/product"}],"replies":[{"embeddable":true,"href":"https:\/\/ztlrolamentos.com.br\/loja\/wp-json\/wp\/v2\/comments?post=1143"}],"wp:featuredmedia":[{"embeddable":true,"href":"https:\/\/ztlrolamentos.com.br\/loja\/wp-json\/wp\/v2\/media\/1144"}],"wp:attachment":[{"href":"https:\/\/ztlrolamentos.com.br\/loja\/wp-json\/wp\/v2\/media?parent=1143"}],"wp:term":[{"taxonomy":"product_brand","embeddable":true,"href":"https:\/\/ztlrolamentos.com.br\/loja\/wp-json\/wp\/v2\/product_brand?post=1143"},{"taxonomy":"product_cat","embeddable":true,"href":"https:\/\/ztlrolamentos.com.br\/loja\/wp-json\/wp\/v2\/product_cat?post=1143"},{"taxonomy":"product_tag","embeddable":true,"href":"https:\/\/ztlrolamentos.com.br\/loja\/wp-json\/wp\/v2\/product_tag?post=1143"}],"curies":[{"name":"wp","href":"https:\/\/api.w.org\/{rel}","templated":true}]}}