{"id":1136,"date":"2020-10-30T09:19:59","date_gmt":"2020-10-30T12:19:59","guid":{"rendered":"https:\/\/www.lpicomercial.com.br\/?post_type=product&#038;p=1136"},"modified":"2023-04-03T15:50:51","modified_gmt":"2023-04-03T18:50:51","slug":"rolamento-rigido-de-esferas-6316-ztl-uma-carreira","status":"publish","type":"product","link":"https:\/\/ztlrolamentos.com.br\/loja\/produto\/rolamento-rigido-de-esferas-6316-ztl-uma-carreira\/","title":{"rendered":"Rolamento R\u00edgido de Esferas 6316 &#8211; ZTL Uma Carreira"},"content":{"rendered":"<p>LPI PRODUTOS DE QUALIDADE PARA SEU VE\u00cdCULO. TEMOS LINHA LEVE, PESADA E VANS.<\/p>\n<p>Rolamento R\u00edgido de Esferas 6316<\/p>\n<p>Os rolamentos r\u00edgidos de esferas s\u00e3o particularmente vers\u00e1teis. Eles s\u00e3o indicados para velocidades altas e muito altas, suportam cargas radiais e axiais em ambas as dire\u00e7\u00f5es e exigem pouca manuten\u00e7\u00e3o.<\/p>\n<p>Marca: ZTL<\/p>\n<p>Altura: 18.1 cm<br \/>\nLargura: 4.6 cm<br \/>\nComprimento: 17.7 cm<br \/>\nPeso Bruto: 3.665 kg<\/p>\n","protected":false},"excerpt":{"rendered":"<p>LPI PRODUTOS DE QUALIDADE PARA SEU VE\u00cdCULO. TEMOS LINHA LEVE, PESADA E VANS.<\/p>\n<p>Rolamento R\u00edgido de Esferas 6316<\/p>\n<p>Marca: ZTL<\/p>\n<p>Altura: 18.1 cm<br \/>\nLargura: 4.6 cm<br \/>\nComprimento: 17.7 cm<br \/>\nPeso Bruto: 3.665 kg<\/p>\n<p>&nbsp;<\/p>\n","protected":false},"featured_media":1137,"comment_status":"open","ping_status":"closed","template":"","meta":{"_joinchat":[]},"product_brand":[],"product_cat":[148,37],"product_tag":[150,249],"class_list":{"0":"post-1136","1":"product","2":"type-product","3":"status-publish","4":"has-post-thumbnail","6":"product_cat-linha-pesada-conicos","7":"product_cat-rolamento","8":"product_tag-rolamento","9":"product_tag-rolamentos","11":"first","12":"instock","13":"taxable","14":"shipping-taxable","15":"purchasable","16":"product-type-simple"},"_links":{"self":[{"href":"https:\/\/ztlrolamentos.com.br\/loja\/wp-json\/wp\/v2\/product\/1136","targetHints":{"allow":["GET"]}}],"collection":[{"href":"https:\/\/ztlrolamentos.com.br\/loja\/wp-json\/wp\/v2\/product"}],"about":[{"href":"https:\/\/ztlrolamentos.com.br\/loja\/wp-json\/wp\/v2\/types\/product"}],"replies":[{"embeddable":true,"href":"https:\/\/ztlrolamentos.com.br\/loja\/wp-json\/wp\/v2\/comments?post=1136"}],"wp:featuredmedia":[{"embeddable":true,"href":"https:\/\/ztlrolamentos.com.br\/loja\/wp-json\/wp\/v2\/media\/1137"}],"wp:attachment":[{"href":"https:\/\/ztlrolamentos.com.br\/loja\/wp-json\/wp\/v2\/media?parent=1136"}],"wp:term":[{"taxonomy":"product_brand","embeddable":true,"href":"https:\/\/ztlrolamentos.com.br\/loja\/wp-json\/wp\/v2\/product_brand?post=1136"},{"taxonomy":"product_cat","embeddable":true,"href":"https:\/\/ztlrolamentos.com.br\/loja\/wp-json\/wp\/v2\/product_cat?post=1136"},{"taxonomy":"product_tag","embeddable":true,"href":"https:\/\/ztlrolamentos.com.br\/loja\/wp-json\/wp\/v2\/product_tag?post=1136"}],"curies":[{"name":"wp","href":"https:\/\/api.w.org\/{rel}","templated":true}]}}