{"id":1101,"date":"2020-10-29T10:29:30","date_gmt":"2020-10-29T13:29:30","guid":{"rendered":"https:\/\/www.lpicomercial.com.br\/?post_type=product&#038;p=1101"},"modified":"2023-04-03T15:59:40","modified_gmt":"2023-04-03T18:59:40","slug":"rolamento-609ddu-9x24x7-ztl-2-pcs","status":"publish","type":"product","link":"https:\/\/ztlrolamentos.com.br\/loja\/produto\/rolamento-609ddu-9x24x7-ztl-2-pcs\/","title":{"rendered":"Rolamento 609DDU 9X24X7  ZTL 2 P\u00e7s"},"content":{"rendered":"<p>LPI PRODUTOS DE QUALIDADE PARA SEU VE\u00cdCULO. LINHA LEVE, PESADA E VANS!<\/p>\n<p>PRODUTO NOVO<\/p>\n<p>MEDIDAS:<\/p>\n<p>Interno: 9,0 mm<\/p>\n<p>Externo: 24,0 mm<\/p>\n<p>Altura: 7,0 mm<\/p>\n<p>MARCA: ZTL<\/p>\n<p>DDU: Veda\u00e7\u00e3o de Borracha Sint\u00e9tica em Ambos os Lados (Excelente Resist\u00eancia a Poeira e \u00c1gua).<\/p>\n","protected":false},"excerpt":{"rendered":"<p>LPI PRODUTOS DE QUALIDADE PARA SEU VE\u00cdCULO. LINHA LEVE, PESADA E VANS!<\/p>\n<p>PRODUTO NOVO<\/p>\n<p>MEDIDAS:<\/p>\n<p>Interno: 9,0 mm<\/p>\n<p>Externo: 24,0 mm<\/p>\n<p>Altura: 7,0 mm<\/p>\n<p>MARCA: ZTL<\/p>\n<p>&nbsp;<\/p>\n","protected":false},"featured_media":1102,"comment_status":"open","ping_status":"closed","template":"","meta":{"_joinchat":[]},"product_brand":[],"product_cat":[38,37],"product_tag":[291,150,249],"class_list":{"0":"post-1101","1":"product","2":"type-product","3":"status-publish","4":"has-post-thumbnail","6":"product_cat-linha-leve-conicos","7":"product_cat-rolamento","8":"product_tag-roda","9":"product_tag-rolamento","10":"product_tag-rolamentos","12":"first","13":"instock","14":"taxable","15":"shipping-taxable","16":"purchasable","17":"product-type-simple"},"_links":{"self":[{"href":"https:\/\/ztlrolamentos.com.br\/loja\/wp-json\/wp\/v2\/product\/1101","targetHints":{"allow":["GET"]}}],"collection":[{"href":"https:\/\/ztlrolamentos.com.br\/loja\/wp-json\/wp\/v2\/product"}],"about":[{"href":"https:\/\/ztlrolamentos.com.br\/loja\/wp-json\/wp\/v2\/types\/product"}],"replies":[{"embeddable":true,"href":"https:\/\/ztlrolamentos.com.br\/loja\/wp-json\/wp\/v2\/comments?post=1101"}],"wp:featuredmedia":[{"embeddable":true,"href":"https:\/\/ztlrolamentos.com.br\/loja\/wp-json\/wp\/v2\/media\/1102"}],"wp:attachment":[{"href":"https:\/\/ztlrolamentos.com.br\/loja\/wp-json\/wp\/v2\/media?parent=1101"}],"wp:term":[{"taxonomy":"product_brand","embeddable":true,"href":"https:\/\/ztlrolamentos.com.br\/loja\/wp-json\/wp\/v2\/product_brand?post=1101"},{"taxonomy":"product_cat","embeddable":true,"href":"https:\/\/ztlrolamentos.com.br\/loja\/wp-json\/wp\/v2\/product_cat?post=1101"},{"taxonomy":"product_tag","embeddable":true,"href":"https:\/\/ztlrolamentos.com.br\/loja\/wp-json\/wp\/v2\/product_tag?post=1101"}],"curies":[{"name":"wp","href":"https:\/\/api.w.org\/{rel}","templated":true}]}}