{"id":1051,"date":"2020-10-27T10:44:43","date_gmt":"2020-10-27T13:44:43","guid":{"rendered":"https:\/\/www.lpicomercial.com.br\/?post_type=product&#038;p=1051"},"modified":"2023-04-03T16:25:55","modified_gmt":"2023-04-03T19:25:55","slug":"rolamento-6007ddu-35-x-62-x-14-mm","status":"publish","type":"product","link":"https:\/\/ztlrolamentos.com.br\/loja\/produto\/rolamento-6007ddu-35-x-62-x-14-mm\/","title":{"rendered":"Rolamento 6007ddu 35 X 62 X 14 Mm"},"content":{"rendered":"<p>LPI COM\u00c9RCIO DE AUTOPE\u00c7AS<\/p>\n<p>Grupo: Rolamentos<br \/>\nDi\u00e2metro Interno: 35 mm<br \/>\nLargura: 14 mm<br \/>\nDi\u00e2metro Externo: 62 mm<br \/>\nPeso Bruto: 0,254 Kg<\/p>\n<p>DDU: Veda\u00e7\u00e3o de Borracha Sint\u00e9tica em Ambos os Lados (Excelente Resist\u00eancia a Poeira e \u00c1gua)<\/p>\n<p>Marca: ZTL<\/p>\n","protected":false},"excerpt":{"rendered":"<p>LPI COM\u00c9RCIO DE AUTOPE\u00c7AS<\/p>\n<p>Grupo: Rolamentos<br \/>\nDi\u00e2metro Interno: 35 mm<br \/>\nLargura: 14 mm<br \/>\nDi\u00e2metro Externo: 62 mm<br \/>\nPeso Bruto: 0,254 Kg<\/p>\n<p>DDU: Veda\u00e7\u00e3o de Borracha Sint\u00e9tica em Ambos os Lados (Excelente Resist\u00eancia a Poeira e \u00c1gua)<\/p>\n<p>Marca: ZTL<\/p>\n","protected":false},"featured_media":1052,"comment_status":"open","ping_status":"closed","template":"","meta":{"_joinchat":[]},"product_brand":[],"product_cat":[38,37],"product_tag":[150,249],"class_list":{"0":"post-1051","1":"product","2":"type-product","3":"status-publish","4":"has-post-thumbnail","6":"product_cat-linha-leve-conicos","7":"product_cat-rolamento","8":"product_tag-rolamento","9":"product_tag-rolamentos","11":"first","12":"instock","13":"taxable","14":"shipping-taxable","15":"purchasable","16":"product-type-simple"},"_links":{"self":[{"href":"https:\/\/ztlrolamentos.com.br\/loja\/wp-json\/wp\/v2\/product\/1051","targetHints":{"allow":["GET"]}}],"collection":[{"href":"https:\/\/ztlrolamentos.com.br\/loja\/wp-json\/wp\/v2\/product"}],"about":[{"href":"https:\/\/ztlrolamentos.com.br\/loja\/wp-json\/wp\/v2\/types\/product"}],"replies":[{"embeddable":true,"href":"https:\/\/ztlrolamentos.com.br\/loja\/wp-json\/wp\/v2\/comments?post=1051"}],"wp:featuredmedia":[{"embeddable":true,"href":"https:\/\/ztlrolamentos.com.br\/loja\/wp-json\/wp\/v2\/media\/1052"}],"wp:attachment":[{"href":"https:\/\/ztlrolamentos.com.br\/loja\/wp-json\/wp\/v2\/media?parent=1051"}],"wp:term":[{"taxonomy":"product_brand","embeddable":true,"href":"https:\/\/ztlrolamentos.com.br\/loja\/wp-json\/wp\/v2\/product_brand?post=1051"},{"taxonomy":"product_cat","embeddable":true,"href":"https:\/\/ztlrolamentos.com.br\/loja\/wp-json\/wp\/v2\/product_cat?post=1051"},{"taxonomy":"product_tag","embeddable":true,"href":"https:\/\/ztlrolamentos.com.br\/loja\/wp-json\/wp\/v2\/product_tag?post=1051"}],"curies":[{"name":"wp","href":"https:\/\/api.w.org\/{rel}","templated":true}]}}