{"id":1045,"date":"2020-10-27T09:19:11","date_gmt":"2020-10-27T12:19:11","guid":{"rendered":"https:\/\/www.lpicomercial.com.br\/?post_type=product&#038;p=1045"},"modified":"2023-04-03T16:36:02","modified_gmt":"2023-04-03T19:36:02","slug":"rolamento-alternador-traseira-62201ddu-fiat-elba-fiorino-oggi-tempra","status":"publish","type":"product","link":"https:\/\/ztlrolamentos.com.br\/loja\/produto\/rolamento-alternador-traseira-62201ddu-fiat-elba-fiorino-oggi-tempra\/","title":{"rendered":"Rolamento Alternador Traseira 62201ddu &#8211; Fiat\/elba\/fiorino\/oggi\/Tempra"},"content":{"rendered":"<p>LPI COM\u00c9RCIO DE AUTOPE\u00c7AS<\/p>\n<p>Fiat Elba<br \/>\nFiat Fiorino<br \/>\nFiat Oggi<br \/>\nFiat Premio<br \/>\nFiat Spazio<br \/>\nFiat Tempra<br \/>\nFiat Uno 1.0 8V<\/p>\n<p>Ano:Todos<\/p>\n<p>Di\u00e2metro Interno: 12mm<br \/>\nDi\u00e2metro Externo: 32mm<br \/>\nLargura: 14mm<br \/>\nDDU: Veda\u00e7\u00e3o de Borracha Sint\u00e9tica em Ambos os Lados (Excelente Resist\u00eancia a Poeira e \u00c1gua)<\/p>\n","protected":false},"excerpt":{"rendered":"<p>LPI COM\u00c9RCIO DE AUTOPE\u00c7AS<\/p>\n<p>Fiat Elba<br \/>\nFiat Fiorino<br \/>\nFiat Oggi<br \/>\nFiat Premio<br \/>\nFiat Spazio<br \/>\nFiat Tempra<br \/>\nFiat Uno 1.0 8V<\/p>\n<p>Ano:Todos<\/p>\n","protected":false},"featured_media":1046,"comment_status":"open","ping_status":"closed","template":"","meta":{"_joinchat":[]},"product_brand":[],"product_cat":[38,37],"product_tag":[57,150,249],"class_list":{"0":"post-1045","1":"product","2":"type-product","3":"status-publish","4":"has-post-thumbnail","6":"product_cat-linha-leve-conicos","7":"product_cat-rolamento","8":"product_tag-fiat","9":"product_tag-rolamento","10":"product_tag-rolamentos","12":"first","13":"instock","14":"taxable","15":"shipping-taxable","16":"purchasable","17":"product-type-simple"},"_links":{"self":[{"href":"https:\/\/ztlrolamentos.com.br\/loja\/wp-json\/wp\/v2\/product\/1045","targetHints":{"allow":["GET"]}}],"collection":[{"href":"https:\/\/ztlrolamentos.com.br\/loja\/wp-json\/wp\/v2\/product"}],"about":[{"href":"https:\/\/ztlrolamentos.com.br\/loja\/wp-json\/wp\/v2\/types\/product"}],"replies":[{"embeddable":true,"href":"https:\/\/ztlrolamentos.com.br\/loja\/wp-json\/wp\/v2\/comments?post=1045"}],"wp:featuredmedia":[{"embeddable":true,"href":"https:\/\/ztlrolamentos.com.br\/loja\/wp-json\/wp\/v2\/media\/1046"}],"wp:attachment":[{"href":"https:\/\/ztlrolamentos.com.br\/loja\/wp-json\/wp\/v2\/media?parent=1045"}],"wp:term":[{"taxonomy":"product_brand","embeddable":true,"href":"https:\/\/ztlrolamentos.com.br\/loja\/wp-json\/wp\/v2\/product_brand?post=1045"},{"taxonomy":"product_cat","embeddable":true,"href":"https:\/\/ztlrolamentos.com.br\/loja\/wp-json\/wp\/v2\/product_cat?post=1045"},{"taxonomy":"product_tag","embeddable":true,"href":"https:\/\/ztlrolamentos.com.br\/loja\/wp-json\/wp\/v2\/product_tag?post=1045"}],"curies":[{"name":"wp","href":"https:\/\/api.w.org\/{rel}","templated":true}]}}