{"id":1032,"date":"2020-10-26T15:09:26","date_gmt":"2020-10-26T18:09:26","guid":{"rendered":"https:\/\/www.lpicomercial.com.br\/?post_type=product&#038;p=1032"},"modified":"2023-04-03T16:43:11","modified_gmt":"2023-04-03T19:43:11","slug":"kit-de-rolamento-barra-de-torcao-renault-clio-trs-ztl35","status":"publish","type":"product","link":"https:\/\/ztlrolamentos.com.br\/loja\/produto\/kit-de-rolamento-barra-de-torcao-renault-clio-trs-ztl35\/","title":{"rendered":"Kit De Rolamento Barra De Tor\u00e7\u00e3o Renault Clio Trs. &#8211; ZTL35"},"content":{"rendered":"<p>&nbsp;<\/p>\n<p>LPI COM\u00c9RCIO DE AUTOPE\u00c7AS.<\/p>\n<p>Kit Suspens\u00e3o Rolamento Roda Traseira \/ Barra de tor\u00e7\u00e3o<\/p>\n<p>Renault clio- Ano:1990\/1996 Combust\u00edvel: Todos.<\/p>\n<p>Renault Super 5 GT- Ano:1884\/1996 Combust\u00edvel: Todos.<\/p>\n<p>Qualquer D\u00favida, estamos \u00e1 disposi\u00e7\u00e3o!!!<\/p>\n","protected":false},"excerpt":{"rendered":"<p>LPI COM\u00c9RCIO DE AUTOPE\u00c7AS.<\/p>\n<p>Kit Suspens\u00e3o Rolamento Roda Traseira \/ Barra de tor\u00e7\u00e3o<\/p>\n<p>Qualquer d\u00favida, estamos \u00e1 disposi\u00e7\u00e3o!!!<\/p>\n","protected":false},"featured_media":1033,"comment_status":"open","ping_status":"closed","template":"","meta":{"_joinchat":[]},"product_brand":[],"product_cat":[38,37],"product_tag":[118,43,150,249],"class_list":{"0":"post-1032","1":"product","2":"type-product","3":"status-publish","4":"has-post-thumbnail","6":"product_cat-linha-leve-conicos","7":"product_cat-rolamento","8":"product_tag-clio","9":"product_tag-renault","10":"product_tag-rolamento","11":"product_tag-rolamentos","13":"first","14":"instock","15":"taxable","16":"shipping-taxable","17":"purchasable","18":"product-type-simple"},"_links":{"self":[{"href":"https:\/\/ztlrolamentos.com.br\/loja\/wp-json\/wp\/v2\/product\/1032","targetHints":{"allow":["GET"]}}],"collection":[{"href":"https:\/\/ztlrolamentos.com.br\/loja\/wp-json\/wp\/v2\/product"}],"about":[{"href":"https:\/\/ztlrolamentos.com.br\/loja\/wp-json\/wp\/v2\/types\/product"}],"replies":[{"embeddable":true,"href":"https:\/\/ztlrolamentos.com.br\/loja\/wp-json\/wp\/v2\/comments?post=1032"}],"wp:featuredmedia":[{"embeddable":true,"href":"https:\/\/ztlrolamentos.com.br\/loja\/wp-json\/wp\/v2\/media\/1033"}],"wp:attachment":[{"href":"https:\/\/ztlrolamentos.com.br\/loja\/wp-json\/wp\/v2\/media?parent=1032"}],"wp:term":[{"taxonomy":"product_brand","embeddable":true,"href":"https:\/\/ztlrolamentos.com.br\/loja\/wp-json\/wp\/v2\/product_brand?post=1032"},{"taxonomy":"product_cat","embeddable":true,"href":"https:\/\/ztlrolamentos.com.br\/loja\/wp-json\/wp\/v2\/product_cat?post=1032"},{"taxonomy":"product_tag","embeddable":true,"href":"https:\/\/ztlrolamentos.com.br\/loja\/wp-json\/wp\/v2\/product_tag?post=1032"}],"curies":[{"name":"wp","href":"https:\/\/api.w.org\/{rel}","templated":true}]}}