{"id":1030,"date":"2020-10-26T14:45:38","date_gmt":"2020-10-26T17:45:38","guid":{"rendered":"https:\/\/www.lpicomercial.com.br\/?post_type=product&#038;p=1030"},"modified":"2023-04-03T16:45:00","modified_gmt":"2023-04-03T19:45:00","slug":"kit-suspensao-rolamentos-roda-trs-ztl34-peugeot-306-citroen","status":"publish","type":"product","link":"https:\/\/ztlrolamentos.com.br\/loja\/produto\/kit-suspensao-rolamentos-roda-trs-ztl34-peugeot-306-citroen\/","title":{"rendered":"Kit Suspens\u00e3o Rolamentos Roda Trs.-ZTL34 &#8211; Peugeot 306\/citroen"},"content":{"rendered":"<p>LPI COMERCIO DE AUTOPE\u00c7AS<\/p>\n<p>Kit Suspens\u00e3o Rolamentos Roda Trs. (Com tor\u00e7\u00e3o)<\/p>\n<p>Citroen Xsara &#8211; Ano: 1997\/2000 Combust\u00edvel: Todos<\/p>\n<p>Peugeot 306 &#8211; Ano: 1997\/2002 Combust\u00edvel: Todos<\/p>\n<p>OBS: Suspens\u00e3o refor\u00e7ada.<\/p>\n","protected":false},"excerpt":{"rendered":"<p>LPI COMERCIO DE AUTOPE\u00c7AS<\/p>\n<p>Citroen Xsara &#8211; Ano: 1997\/2000 Combust\u00edvel: Todos<\/p>\n<p>Peugeot 306 &#8211; Ano: 1997\/2002 Combust\u00edvel: Todos<\/p>\n<p>OBS: Suspens\u00e3o refor\u00e7ada.<\/p>\n","protected":false},"featured_media":1031,"comment_status":"open","ping_status":"closed","template":"","meta":{"_joinchat":[]},"product_brand":[],"product_cat":[38,37],"product_tag":[59,317,291,150,249],"class_list":{"0":"post-1030","1":"product","2":"type-product","3":"status-publish","4":"has-post-thumbnail","6":"product_cat-linha-leve-conicos","7":"product_cat-rolamento","8":"product_tag-citroen","9":"product_tag-peugeot","10":"product_tag-roda","11":"product_tag-rolamento","12":"product_tag-rolamentos","14":"first","15":"instock","16":"taxable","17":"shipping-taxable","18":"purchasable","19":"product-type-simple"},"_links":{"self":[{"href":"https:\/\/ztlrolamentos.com.br\/loja\/wp-json\/wp\/v2\/product\/1030","targetHints":{"allow":["GET"]}}],"collection":[{"href":"https:\/\/ztlrolamentos.com.br\/loja\/wp-json\/wp\/v2\/product"}],"about":[{"href":"https:\/\/ztlrolamentos.com.br\/loja\/wp-json\/wp\/v2\/types\/product"}],"replies":[{"embeddable":true,"href":"https:\/\/ztlrolamentos.com.br\/loja\/wp-json\/wp\/v2\/comments?post=1030"}],"wp:featuredmedia":[{"embeddable":true,"href":"https:\/\/ztlrolamentos.com.br\/loja\/wp-json\/wp\/v2\/media\/1031"}],"wp:attachment":[{"href":"https:\/\/ztlrolamentos.com.br\/loja\/wp-json\/wp\/v2\/media?parent=1030"}],"wp:term":[{"taxonomy":"product_brand","embeddable":true,"href":"https:\/\/ztlrolamentos.com.br\/loja\/wp-json\/wp\/v2\/product_brand?post=1030"},{"taxonomy":"product_cat","embeddable":true,"href":"https:\/\/ztlrolamentos.com.br\/loja\/wp-json\/wp\/v2\/product_cat?post=1030"},{"taxonomy":"product_tag","embeddable":true,"href":"https:\/\/ztlrolamentos.com.br\/loja\/wp-json\/wp\/v2\/product_tag?post=1030"}],"curies":[{"name":"wp","href":"https:\/\/api.w.org\/{rel}","templated":true}]}}