{"id":1025,"date":"2020-10-26T13:52:24","date_gmt":"2020-10-26T16:52:24","guid":{"rendered":"https:\/\/www.lpicomercial.com.br\/?post_type=product&#038;p=1025"},"modified":"2023-04-03T16:46:56","modified_gmt":"2023-04-03T19:46:56","slug":"kit-rolamento-roda-tras-torcao-xsara-zx-205-306-309-ztl24","status":"publish","type":"product","link":"https:\/\/ztlrolamentos.com.br\/loja\/produto\/kit-rolamento-roda-tras-torcao-xsara-zx-205-306-309-ztl24\/","title":{"rendered":"Kit Rolamento Roda Tras. (tor\u00e7\u00e3o) Xsara\/zx\/205\/306\/309 ZTL24"},"content":{"rendered":"<p>LPI COMERCIO DE AUTOPE\u00c7AS LTDA.<\/p>\n<p>Kit Rolamento ZTL24 Roda Traseira. (Barra de Tor\u00e7\u00e3o)<\/p>\n<p>Citroen Xsara &#8211; Ano:2000\/ Combust\u00edvel:Todos<\/p>\n<p>Cietroen ZX &#8211; Ano\/Combust\u00edvel: Todos.<\/p>\n<p>Peugeot (205\/306 1.6\/309) &#8211; Ano: Todos \/ Combust\u00edvel: Todos.<\/p>\n<p>OBS: Suspens\u00e3o Normal.<\/p>\n","protected":false},"excerpt":{"rendered":"<p>LPI COMERCIO DE AUTOPE\u00c7AS LTDA. Kit Rolamento ZTL24 Roda Traseira. (Barra de Tor\u00e7\u00e3o) Citroen Xsara &#8211; Ano:2000\/ Combust\u00edvel:Todos Cietroen ZX &#8211; Ano\/Combust\u00edvel: Todos. Peugeot (205\/306 1.6\/309) &#8211; Ano: Todos \/ Combust\u00edvel: Todos. OBS: Suspens\u00e3o Normal.<\/p>\n","protected":false},"featured_media":1026,"comment_status":"open","ping_status":"closed","template":"","meta":{"_joinchat":[]},"product_brand":[],"product_cat":[38,37],"product_tag":[59,317,150,249],"class_list":{"0":"post-1025","1":"product","2":"type-product","3":"status-publish","4":"has-post-thumbnail","6":"product_cat-linha-leve-conicos","7":"product_cat-rolamento","8":"product_tag-citroen","9":"product_tag-peugeot","10":"product_tag-rolamento","11":"product_tag-rolamentos","13":"first","14":"instock","15":"taxable","16":"shipping-taxable","17":"purchasable","18":"product-type-simple"},"_links":{"self":[{"href":"https:\/\/ztlrolamentos.com.br\/loja\/wp-json\/wp\/v2\/product\/1025","targetHints":{"allow":["GET"]}}],"collection":[{"href":"https:\/\/ztlrolamentos.com.br\/loja\/wp-json\/wp\/v2\/product"}],"about":[{"href":"https:\/\/ztlrolamentos.com.br\/loja\/wp-json\/wp\/v2\/types\/product"}],"replies":[{"embeddable":true,"href":"https:\/\/ztlrolamentos.com.br\/loja\/wp-json\/wp\/v2\/comments?post=1025"}],"wp:featuredmedia":[{"embeddable":true,"href":"https:\/\/ztlrolamentos.com.br\/loja\/wp-json\/wp\/v2\/media\/1026"}],"wp:attachment":[{"href":"https:\/\/ztlrolamentos.com.br\/loja\/wp-json\/wp\/v2\/media?parent=1025"}],"wp:term":[{"taxonomy":"product_brand","embeddable":true,"href":"https:\/\/ztlrolamentos.com.br\/loja\/wp-json\/wp\/v2\/product_brand?post=1025"},{"taxonomy":"product_cat","embeddable":true,"href":"https:\/\/ztlrolamentos.com.br\/loja\/wp-json\/wp\/v2\/product_cat?post=1025"},{"taxonomy":"product_tag","embeddable":true,"href":"https:\/\/ztlrolamentos.com.br\/loja\/wp-json\/wp\/v2\/product_tag?post=1025"}],"curies":[{"name":"wp","href":"https:\/\/api.w.org\/{rel}","templated":true}]}}