{"id":1023,"date":"2020-10-26T13:30:58","date_gmt":"2020-10-26T16:30:58","guid":{"rendered":"https:\/\/www.lpicomercial.com.br\/?post_type=product&#038;p=1023"},"modified":"2023-04-03T16:45:36","modified_gmt":"2023-04-03T19:45:36","slug":"kit-rolamentos-susp-roda-tras-ztl22-citroen-ax-saxo-peugeot-106","status":"publish","type":"product","link":"https:\/\/ztlrolamentos.com.br\/loja\/produto\/kit-rolamentos-susp-roda-tras-ztl22-citroen-ax-saxo-peugeot-106\/","title":{"rendered":"Kit Rolamentos Susp. Roda Tras. Ztl22- Citroen Ax\/saxo\/peugeot 106"},"content":{"rendered":"<p>LPI COMERCIAL DE AUTOEPE\u00c7AS.<\/p>\n<p>Kit Suspens\u00e3o Rolamentos roda Traseira (Barra Tor\u00e7\u00e3o)<\/p>\n<p>Produto Novo<\/p>\n<p>Citroen AX &#8211; Ano\/Combust\u00edvel: Todos.<\/p>\n<p>Citroen Saxo &#8211; Ano: 1996-2005 \/ Combust\u00edvel: Todos.<\/p>\n<p>Peugeot 106 &#8211; Ano: 1991 \/ Combust\u00edvel: Todos.<\/p>\n<p>TODOS COM BARRA ESTABILIZADORA TRASEIRA.<\/p>\n<p>Qualquer d\u00favida, entre em contato!!<\/p>\n","protected":false},"excerpt":{"rendered":"<p>LPI COMERCIAL DE AUTOEPE\u00c7AS.<\/p>\n<p>Kit Suspens\u00e3o Rolamentos roda Traseira (Barra Tor\u00e7\u00e3o)<\/p>\n<p>Produto Novo<\/p>\n<p>Todos com Barra Estabilizadora Traseira.<\/p>\n","protected":false},"featured_media":1024,"comment_status":"open","ping_status":"closed","template":"","meta":{"_joinchat":[]},"product_brand":[],"product_cat":[38,37],"product_tag":[59,317,291,150,249],"class_list":{"0":"post-1023","1":"product","2":"type-product","3":"status-publish","4":"has-post-thumbnail","6":"product_cat-linha-leve-conicos","7":"product_cat-rolamento","8":"product_tag-citroen","9":"product_tag-peugeot","10":"product_tag-roda","11":"product_tag-rolamento","12":"product_tag-rolamentos","14":"first","15":"instock","16":"taxable","17":"shipping-taxable","18":"purchasable","19":"product-type-simple"},"_links":{"self":[{"href":"https:\/\/ztlrolamentos.com.br\/loja\/wp-json\/wp\/v2\/product\/1023","targetHints":{"allow":["GET"]}}],"collection":[{"href":"https:\/\/ztlrolamentos.com.br\/loja\/wp-json\/wp\/v2\/product"}],"about":[{"href":"https:\/\/ztlrolamentos.com.br\/loja\/wp-json\/wp\/v2\/types\/product"}],"replies":[{"embeddable":true,"href":"https:\/\/ztlrolamentos.com.br\/loja\/wp-json\/wp\/v2\/comments?post=1023"}],"wp:featuredmedia":[{"embeddable":true,"href":"https:\/\/ztlrolamentos.com.br\/loja\/wp-json\/wp\/v2\/media\/1024"}],"wp:attachment":[{"href":"https:\/\/ztlrolamentos.com.br\/loja\/wp-json\/wp\/v2\/media?parent=1023"}],"wp:term":[{"taxonomy":"product_brand","embeddable":true,"href":"https:\/\/ztlrolamentos.com.br\/loja\/wp-json\/wp\/v2\/product_brand?post=1023"},{"taxonomy":"product_cat","embeddable":true,"href":"https:\/\/ztlrolamentos.com.br\/loja\/wp-json\/wp\/v2\/product_cat?post=1023"},{"taxonomy":"product_tag","embeddable":true,"href":"https:\/\/ztlrolamentos.com.br\/loja\/wp-json\/wp\/v2\/product_tag?post=1023"}],"curies":[{"name":"wp","href":"https:\/\/api.w.org\/{rel}","templated":true}]}}