{"id":1021,"date":"2020-10-26T11:58:18","date_gmt":"2020-10-26T14:58:18","guid":{"rendered":"https:\/\/www.lpicomercial.com.br\/?post_type=product&#038;p=1021"},"modified":"2023-04-03T16:46:14","modified_gmt":"2023-04-03T19:46:14","slug":"kit-rolamento-roda-tras-torcao-ax-saxo-peugeot-106-ztl21","status":"publish","type":"product","link":"https:\/\/ztlrolamentos.com.br\/loja\/produto\/kit-rolamento-roda-tras-torcao-ax-saxo-peugeot-106-ztl21\/","title":{"rendered":"Kit Rolamento Roda Tras. (tor\u00e7\u00e3o) Ax\/ Saxo\/peugeot 106 ZTL21"},"content":{"rendered":"<p>LPI COMERCIAL.<\/p>\n<p>Kit suspens\u00e3o rolamentos roda T &#8211; barra tor\u00e7\u00e3o<\/p>\n<p>Produto Novo<\/p>\n<p>Citroen AX &#8211; Ano\/Combust\u00edvel: Todos.<\/p>\n<p>Citroen Saxo &#8211; Ano: 1996-2005\/ Combust\u00edvel: Todos.<\/p>\n<p>Peugeot 106 &#8211; Ano: 1991\/ Combust\u00edvel: Todos.<\/p>\n<p>Obs: Todos s\/barra estabilizadora traseira.<\/p>\n","protected":false},"excerpt":{"rendered":"<p>Kit suspens\u00e3o rolamentos roda Traseira- barra tor\u00e7\u00e3o<\/p>\n<p>Citroen AX &#8211; Ano\/Combust\u00edvel: Todos.<\/p>\n<p>Citroen Saxo &#8211; Ano: 1996-2005\/ Combust\u00edvel: Todos.<\/p>\n<p>Peugeot 106 &#8211; Ano: 1991\/ Combust\u00edvel: Todos.<\/p>\n<p>Obs: Todos s\/barra estabilizadora traseira.<\/p>\n","protected":false},"featured_media":1022,"comment_status":"open","ping_status":"closed","template":"","meta":{"_joinchat":[]},"product_brand":[],"product_cat":[38,37],"product_tag":[59,317,150,249,363],"class_list":{"0":"post-1021","1":"product","2":"type-product","3":"status-publish","4":"has-post-thumbnail","6":"product_cat-linha-leve-conicos","7":"product_cat-rolamento","8":"product_tag-citroen","9":"product_tag-peugeot","10":"product_tag-rolamento","11":"product_tag-rolamentos","12":"product_tag-ztl","14":"first","15":"instock","16":"taxable","17":"shipping-taxable","18":"purchasable","19":"product-type-simple"},"_links":{"self":[{"href":"https:\/\/ztlrolamentos.com.br\/loja\/wp-json\/wp\/v2\/product\/1021","targetHints":{"allow":["GET"]}}],"collection":[{"href":"https:\/\/ztlrolamentos.com.br\/loja\/wp-json\/wp\/v2\/product"}],"about":[{"href":"https:\/\/ztlrolamentos.com.br\/loja\/wp-json\/wp\/v2\/types\/product"}],"replies":[{"embeddable":true,"href":"https:\/\/ztlrolamentos.com.br\/loja\/wp-json\/wp\/v2\/comments?post=1021"}],"wp:featuredmedia":[{"embeddable":true,"href":"https:\/\/ztlrolamentos.com.br\/loja\/wp-json\/wp\/v2\/media\/1022"}],"wp:attachment":[{"href":"https:\/\/ztlrolamentos.com.br\/loja\/wp-json\/wp\/v2\/media?parent=1021"}],"wp:term":[{"taxonomy":"product_brand","embeddable":true,"href":"https:\/\/ztlrolamentos.com.br\/loja\/wp-json\/wp\/v2\/product_brand?post=1021"},{"taxonomy":"product_cat","embeddable":true,"href":"https:\/\/ztlrolamentos.com.br\/loja\/wp-json\/wp\/v2\/product_cat?post=1021"},{"taxonomy":"product_tag","embeddable":true,"href":"https:\/\/ztlrolamentos.com.br\/loja\/wp-json\/wp\/v2\/product_tag?post=1021"}],"curies":[{"name":"wp","href":"https:\/\/api.w.org\/{rel}","templated":true}]}}