{"id":1019,"date":"2020-10-26T11:37:21","date_gmt":"2020-10-26T14:37:21","guid":{"rendered":"https:\/\/www.lpicomercial.com.br\/?post_type=product&#038;p=1019"},"modified":"2021-01-28T13:22:02","modified_gmt":"2021-01-28T16:22:02","slug":"ztl20-kit-rolamento-roda-traseira-renault-scenic","status":"publish","type":"product","link":"https:\/\/ztlrolamentos.com.br\/loja\/produto\/ztl20-kit-rolamento-roda-traseira-renault-scenic\/","title":{"rendered":"ZTL20 Kit Rolamento Roda Traseira Renault Sc\u00eanic"},"content":{"rendered":"<div class=\"ui-pdp-container__row ui-pdp-container__row--description\">\n<div class=\"ui-pdp-description\">\n<p class=\"ui-pdp-description__content\">LPI COMERCIAL.<\/p>\n<p>Kit Rolamentos ZTL20 &#8211; Roda Traseira Renault Sc\u00eanic<\/p>\n<p>Produto Novo<\/p>\n<p>Combust\u00edvel\/Ano : Todos<\/p>\n<p>Eixo: Traseiro<\/p>\n<p>Qualquer d\u00favida, a disposi\u00e7\u00e3o!!<\/p>\n<\/div>\n<\/div>\n<div class=\"ui-pdp-container__row ui-pdp-container__row--questions\">\n<div id=\"questions\" class=\"ui-pdp-questions\"><\/div>\n<\/div>\n","protected":false},"excerpt":{"rendered":"<p>Kit Rolamentos ZTL20 &#8211; Roda Traseira Renault Sc\u00eanic<\/p>\n<p>Todos os anos<\/p>\n","protected":false},"featured_media":1020,"comment_status":"open","ping_status":"closed","template":"","meta":{"_joinchat":[]},"product_brand":[],"product_cat":[38,37],"product_tag":[291,150,249],"class_list":{"0":"post-1019","1":"product","2":"type-product","3":"status-publish","4":"has-post-thumbnail","6":"product_cat-linha-leve-conicos","7":"product_cat-rolamento","8":"product_tag-roda","9":"product_tag-rolamento","10":"product_tag-rolamentos","12":"first","13":"instock","14":"taxable","15":"shipping-taxable","16":"purchasable","17":"product-type-simple"},"_links":{"self":[{"href":"https:\/\/ztlrolamentos.com.br\/loja\/wp-json\/wp\/v2\/product\/1019","targetHints":{"allow":["GET"]}}],"collection":[{"href":"https:\/\/ztlrolamentos.com.br\/loja\/wp-json\/wp\/v2\/product"}],"about":[{"href":"https:\/\/ztlrolamentos.com.br\/loja\/wp-json\/wp\/v2\/types\/product"}],"replies":[{"embeddable":true,"href":"https:\/\/ztlrolamentos.com.br\/loja\/wp-json\/wp\/v2\/comments?post=1019"}],"wp:featuredmedia":[{"embeddable":true,"href":"https:\/\/ztlrolamentos.com.br\/loja\/wp-json\/wp\/v2\/media\/1020"}],"wp:attachment":[{"href":"https:\/\/ztlrolamentos.com.br\/loja\/wp-json\/wp\/v2\/media?parent=1019"}],"wp:term":[{"taxonomy":"product_brand","embeddable":true,"href":"https:\/\/ztlrolamentos.com.br\/loja\/wp-json\/wp\/v2\/product_brand?post=1019"},{"taxonomy":"product_cat","embeddable":true,"href":"https:\/\/ztlrolamentos.com.br\/loja\/wp-json\/wp\/v2\/product_cat?post=1019"},{"taxonomy":"product_tag","embeddable":true,"href":"https:\/\/ztlrolamentos.com.br\/loja\/wp-json\/wp\/v2\/product_tag?post=1019"}],"curies":[{"name":"wp","href":"https:\/\/api.w.org\/{rel}","templated":true}]}}